{"id":5307,"date":"2025-01-09T21:49:07","date_gmt":"2025-01-09T21:49:07","guid":{"rendered":"http:\/\/grapebreed4ipm.com\/rechtlicher-hinweis\/"},"modified":"2025-02-21T12:45:46","modified_gmt":"2025-02-21T12:45:46","slug":"rechtlicher-hinweis","status":"publish","type":"page","link":"https:\/\/grapebreed4ipm.com\/de\/rechtlicher-hinweis\/","title":{"rendered":"Rechtlicher Hinweis"},"content":{"rendered":"\t\t<div data-elementor-type=\"wp-post\" data-elementor-id=\"5307\" class=\"elementor elementor-5307 elementor-3140\" data-elementor-post-type=\"page\">\n\t\t\t\t<div class=\"elementor-element elementor-element-39f87e3 e-flex e-con-boxed e-con e-parent\" data-id=\"39f87e3\" data-element_type=\"container\" data-settings=\"{&quot;background_background&quot;:&quot;classic&quot;}\">\n\t\t\t\t\t<div class=\"e-con-inner\">\n\t\t<div class=\"elementor-element elementor-element-c6ec682 e-con-full e-flex e-con e-child\" data-id=\"c6ec682\" data-element_type=\"container\">\n\t\t\t\t<div class=\"elementor-element elementor-element-a110ea8 elementor-widget elementor-widget-heading\" data-id=\"a110ea8\" data-element_type=\"widget\" data-widget_type=\"heading.default\">\n\t\t\t\t<div class=\"elementor-widget-container\">\n\t\t\t\t\t<h5 class=\"elementor-heading-title elementor-size-default\">GrapeBreed 4 IPM<\/h5>\t\t\t\t<\/div>\n\t\t\t\t<\/div>\n\t\t\t\t<div class=\"elementor-element elementor-element-c1a41e6 elementor-widget elementor-widget-heading\" data-id=\"c1a41e6\" data-element_type=\"widget\" data-widget_type=\"heading.default\">\n\t\t\t\t<div class=\"elementor-widget-container\">\n\t\t\t\t\t<h1 class=\"elementor-heading-title elementor-size-default\">Rechtlicher Hinweis<\/h1>\t\t\t\t<\/div>\n\t\t\t\t<\/div>\n\t\t\t\t<\/div>\n\t\t\t\t\t<\/div>\n\t\t\t\t<\/div>\n\t\t<div class=\"elementor-element elementor-element-724ac10 e-flex e-con-boxed e-con e-parent\" data-id=\"724ac10\" data-element_type=\"container\">\n\t\t\t\t\t<div class=\"e-con-inner\">\n\t\t\t\t<div class=\"elementor-element elementor-element-7f3fdc5 legales elementor-widget elementor-widget-text-editor\" data-id=\"7f3fdc5\" data-element_type=\"widget\" data-widget_type=\"text-editor.default\">\n\t\t\t\t<div class=\"elementor-widget-container\">\n\t\t\t\t\t\t\t\t\t<h3>1. Eigentum der Website<\/h3><h4>Firmenname:<\/h4><p style=\"padding-left: 40px;\">Weintechnologieplattform<\/p><h4>Adresse:<\/h4><p style=\"padding-left: 40px;\">C\/ del Monte Esquinza, 28, 4\u00ba rechts, 28010, Madrid<\/p><h4>Kontakt-E-Mail-Adresse:<\/h4><p style=\"padding-left: 40px;\">secretaria@ptvino.com<\/p><h4>Steueridentifikationsnummer (CIF):<\/h4><p style=\"padding-left: 40px;\">G-86766953<\/p><h4>Registrierungsdaten:<\/h4><p style=\"padding-left: 40px;\">Nationales Register der Verb\u00e4nde, Abschnitt 1\u00aa Nationale Nummer 604371.<\/p><h3>2. Allgemeine Nutzungsbedingungen und Annahme der gleichen<\/h3><p style=\"padding-left: 40px;\">Der Zweck dieser allgemeinen Nutzungsbedingungen der Website besteht zusammen mit den besonderen Bedingungen, die festgelegt werden k\u00f6nnen, darin, die Nutzer \u00fcber die von PTV angebotenen Dienstleistungen zu informieren und die Nutzung der Website zu regeln.<\/p><p style=\"padding-left: 40px;\">Das Navigieren und Nutzen der Dienste der Website impliziert die Annahme als Nutzer und ohne Vorbehalte jeglicher Art der gesamten allgemeinen Nutzungsbedingungen, der allgemeinen Vertragsbedingungen, falls vorhanden, und aller anderen, die in Bezug auf die Erbringung der Dienstleistungen von PTV bestehen k\u00f6nnen.<\/p><p style=\"padding-left: 40px;\">PTV kann jederzeit und ohne vorherige Ank\u00fcndigung die vorliegenden allgemeinen Bedingungen und die besonderen Bedingungen, die aufgenommen werden, durch Ver\u00f6ffentlichung der genannten \u00c4nderungen auf der Website \u00e4ndern, damit sie den Nutzern im Voraus bekannt sind. Jede \u00c4nderung dieser Bedingungen wird f\u00fcr einen angemessenen Zeitraum auf der Hauptseite der Website mitgeteilt.<\/p><h4>Allgemeine Nutzungsbedingungen der Website<\/h4><h5>Zugang zur Website und Passw\u00f6rter<\/h5><p style=\"padding-left: 40px;\">Die von den Nutzern durch die Anmeldung auf dieser Website erhaltenen Daten sind durch Passw\u00f6rter gesch\u00fctzt, die sie selbst w\u00e4hlen. Der Nutzer verpflichtet sich, sein Passwort geheim zu halten und es vor unbefugter Nutzung durch Dritte zu sch\u00fctzen. Falls es Dritten bekannt gegeben wird, ist der Nutzer f\u00fcr die Nutzung des Dienstes durch diese Dritten verantwortlich. Au\u00dferdem muss der Nutzer PTV sofort \u00fcber jede unbefugte Nutzung seines Kontos oder jede Sicherheitsverletzung im Zusammenhang mit dem Websitedienst informieren, von der er Kenntnis hat.<\/p><p style=\"padding-left: 40px;\">Im Internet gibt es keine absolute Sicherheit, aber PTV ergreift die notwendigen technischen und organisatorischen Ma\u00dfnahmen, um den Schutz personenbezogener Daten zu gew\u00e4hrleisten und deren Ver\u00e4nderung, Verlust, Verarbeitung und\/oder unbefugten Zugriff zu verhindern, wobei der Stand der Technik, die Art der gespeicherten Daten und die Risiken, denen sie ausgesetzt sind, ber\u00fccksichtigt werden, alles gem\u00e4\u00df den Bestimmungen der spanischen Gesetzgebung zum Schutz personenbezogener Daten.<\/p><p style=\"padding-left: 40px;\">PTV haftet nicht gegen\u00fcber den Nutzern f\u00fcr die Weitergabe ihrer personenbezogenen Daten an Dritte, die nicht auf Gr\u00fcnde zur\u00fcckzuf\u00fchren ist, die direkt PTV zuzuschreiben sind, noch f\u00fcr die Verwendung dieser Daten durch Dritte, die nicht mit PTV in Verbindung stehen.<\/p><h3>3. Datenschutzerkl\u00e4rung<\/h3><h4>3.1. Informationen und Zweck<\/h4><p style=\"padding-left: 40px;\">Das vollst\u00e4ndige oder teilweise Ausf\u00fcllen der Formulare auf dieser Website ist v\u00f6llig freiwillig und hat keine Konsequenzen. In \u00dcbereinstimmung mit den Bestimmungen der Datenschutz-Grundverordnung (DSGVO) und jeder anderen geltenden Gesetzgebung, die im Bereich des Schutzes personenbezogener Daten anwendbar sein kann.<\/p><p style=\"padding-left: 40px;\">Diese Verarbeitung ist legitim auf Grundlage Ihrer Einwilligung.<\/p><p style=\"padding-left: 40px;\">Ihre Daten werden nicht an Dritte weitergegeben.<\/p><p style=\"padding-left: 40px;\">Um Ihre Rechte auf Zugang, Berichtigung, L\u00f6schung, Widerspruch, Einschr\u00e4nkung der Verarbeitung und Daten\u00fcbertragbarkeit sowie Ihre Einwilligung zur Zusendung von kommerziellen Mitteilungen oder Ihre Einwilligung zur Verarbeitung personenbezogener Daten auszu\u00fcben, k\u00f6nnen Sie an folgende Adresse schreiben: C\/ del Monte Esquinza, 28, 4\u00ba rechts, 28010, Madrid, oder per E-Mail mit dem Vermerk &#8222;Personaldaten&#8220; an die folgende Adresse: secretaria@ptvino.com, in beiden F\u00e4llen unter Beif\u00fcgung einer Fotokopie Ihres Personalausweises oder Reisepasses.<\/p><p style=\"padding-left: 40px;\">Wenn Sie weitere Informationen zur Verarbeitung Ihrer personenbezogenen Daten w\u00fcnschen, k\u00f6nnen Sie \u00fcber den folgenden Link auf unsere Datenschutzerkl\u00e4rung zugreifen: <a href=\"https:\/\/grapebreed4ipm.com\/de\/datenschutzerklaerung\/\">Datenschutzerkl\u00e4rung<\/a>.<\/p><h4>3.2. Einwilligung des Nutzers und Versenden von kommerziellen Mitteilungen auf elektronischem Wege (Art. 22 Gesetz 34\/2002 \u00fcber Dienstleistungen der Informationsgesellschaft und elektronischen Handel):<\/h4><p style=\"padding-left: 40px;\">Immer wenn der Nutzer dies ausdr\u00fccklich w\u00fcnscht, kann PTV kommerzielle Mitteilungen auf jeglichem Wege unter voller Ber\u00fccksichtigung der geltenden Gesetzgebung zum Schutz personenbezogener Daten versenden.<\/p><p style=\"padding-left: 40px;\">Der Nutzer kann seine Einwilligung zum Erhalt von Werbung oder Werbeinformationen per E-Mail jederzeit widerrufen. Dazu gen\u00fcgt es, PTV durch eine Nachricht an die folgende E-Mail-Adresse zu benachrichtigen: secretaria@ptvino.com, klar anzugeben, dass er\/sie KEINE KOMMERZIELLEN MITTEILUNGEN PER E-MAIL ERHALTEN M\u00d6CHTE.<\/p><h3>4. Gewerbliche Schutzrechte und Urheberrechte. Richtlinien f\u00fcr Hyperlinks<\/h3><p style=\"padding-left: 40px;\"><strong>4.1.<\/strong> Alle Inhalte auf der Website, insbesondere Marken, Handelsnamen, Industriedesigns, Texte, Fotos, Grafiken, Logos, Symbole, Software oder andere Zeichen, die f\u00fcr industrielle und kommerzielle Zwecke verwendet werden k\u00f6nnen, sind durch die gewerblichen Schutzrechte und Urheberrechte von PTV oder Dritten gesch\u00fctzt, die deren Aufnahme auf der Website genehmigt haben. Jede Reproduktion, Kopie, \u00f6ffentliche Kommunikation, Verteilung, \u00c4nderung, Transformation, Entfernung, Manipulation und jede andere Form der Nutzung, sei es zu kommerziellen Zwecken oder nicht, davon ohne ausdr\u00fcckliche Zustimmung von PTV durch jegliche Mittel, einschlie\u00dflich des Internets (Domainnamen, soziale Netzwerke, Blogs usw.), ist daher verboten.<\/p><p style=\"padding-left: 40px;\"><strong>4.2.<\/strong> PTV haftet nicht f\u00fcr die Verletzung gewerblicher Schutzrechte oder Urheberrechte Dritter, die sich aus der Aufnahme von Marken, Handelsnamen, Industriedesigns, Patenten, Texten, Fotos, Grafiken, Logos, Symbolen oder Software Dritter auf der Website ergeben, die erkl\u00e4rt haben, Eigent\u00fcmer derselben zu sein, indem sie sie auf der Website aufgenommen haben. PTV haftet auch nicht f\u00fcr die Meinungen und Kommentare der Nutzer in ihren Blogs oder sozialen Netzwerken, unbeschadet der Ma\u00dfnahmen, die ergriffen werden k\u00f6nnen, um diese Meinungen und Kommentare zu entfernen, wenn sie gegen das Gesetz versto\u00dfen.<\/p><p style=\"padding-left: 40px;\"><strong>4.3.<\/strong> PTV kann die von den Nutzern bereitgestellten Inhalte (Fotos, Videos usw.) in einer angemessenen Weise unter strikter Beachtung der Urheberrechte verwenden.<\/p><p style=\"padding-left: 40px;\"><strong>4.4.<\/strong> In keinem Fall wird der Zugang und das Navigieren des Nutzers als Genehmigung oder als Verzicht, \u00dcbertragung, totale oder teilweise Abtretung dieser Rechte oder als Gew\u00e4hrung eines Rechts oder einer Erwartung von Rechten und speziell der Ver\u00e4nderung, Transformation, Nutzung, Reproduktion, Verteilung oder \u00f6ffentlichen Kommunikation dieser Inhalte ohne vorherige ausdr\u00fcckliche Genehmigung von PTV oder der entsprechenden Eigent\u00fcmer verstanden.<\/p><p style=\"padding-left: 40px;\"><strong>4.5.<\/strong> Ungeachtet des Vorstehenden k\u00f6nnen Personen, die der Ansicht sind, dass ihre gewerblichen Schutzrechte oder Urheberrechte durch Inhalte auf dieser Website verletzt wurden, dies melden, indem sie an PTV, S.L.U., C\/ del Monte Esquinza, 28, 4\u00ba rechts, 28010, Madrid, schreiben.<\/p><p style=\"padding-left: 40px;\"><strong>4.6.<\/strong> PTV kann dem Nutzer Hyperlinks zu Websites Dritter zur Verf\u00fcgung stellen, die mit PTV verbunden oder nicht verbunden sind. In keinem Fall haftet PTV f\u00fcr den Inhalt der Zielwebseiten, die durch Links auf der Webseite erstellt werden, deren Betrieb oder Zug\u00e4nglichkeit, die Wartung der Inhalte, die Qualit\u00e4t der Inhalte, noch f\u00fcr die Verletzungen von Rechten Dritter, die diese Seiten begehen k\u00f6nnten.<\/p><p style=\"padding-left: 40px;\"><strong>4.7.<\/strong> PTV autorisiert die Einrichtung von Links zu seinem Portal von jeder anderen Webseite. Die Links m\u00fcssen immer zur Hauptseite von PTV (oder seinen Marken) oder gegebenenfalls zur Seite f\u00fchren, die PTV selbst festlegt. Dieser Link erlaubt nur den Zugang zur Website, ohne sie in irgendeiner Weise zu reproduzieren oder eine Browser- oder Randumgebung darauf zu erstellen. Ebenso d\u00fcrfen keine falschen, ungenauen oder fehlerhaften Aussagen \u00fcber diese Website oder ihren Inhalt gemacht werden, noch darf erkl\u00e4rt werden, dass PTV den Link autorisiert, \u00fcberwacht oder \u00fcbernommen hat.<\/p><p style=\"padding-left: 40px;\"><strong>4.8.<\/strong> Ebenso ist es, abgesehen von den Zeichen, die Teil des Links selbst sind, verboten, dass die Website, die den Link zu dieser Website erstellt, eine Marke, einen Handelsnamen, ein Firmenschild, eine Bezeichnung, ein Logo, einen Slogan oder andere Unterscheidungszeichen von PTV enth\u00e4lt. Die Verwendung jeglicher Marken, Namen, Handelsnamen, Zeichen, Slogans, Bezeichnungen und anderer Unterscheidungszeichen von PTV in den Schl\u00fcsselw\u00f6rtern einer anderen Website ohne vorherige ausdr\u00fcckliche Genehmigung von PTV ist speziell zu diesem Zweck besonders verboten.<\/p><h3>5. Haftung von PTV<\/h3><p style=\"padding-left: 40px;\">Der Nutzer erkennt an und akzeptiert, dass die Nutzung der Website und ihrer Dienste auf eigenes Risiko des Nutzers erfolgt.<\/p><p style=\"padding-left: 40px;\">In den Abschnitten der Website, in denen Nutzer Inhalte beitragen k\u00f6nnen, beh\u00e4lt sich PTV das Recht vor, alle Inhalte zu l\u00f6schen, die seine Marken negativ beeintr\u00e4chtigen oder gegen das Gesetz, die \u00f6ffentliche Ordnung oder die guten Sitten versto\u00dfen. PTV haftet nur f\u00fcr die Sch\u00e4den, die der Nutzer infolge der Nutzung der Website erleiden k\u00f6nnte, wenn diese Sch\u00e4den auf das vors\u00e4tzliche Fehlverhalten von PTV zur\u00fcckzuf\u00fchren sind.<\/p><p style=\"padding-left: 40px;\">PTV erkl\u00e4rt jedoch, dass es alle notwendigen Ma\u00dfnahmen vorsorglich getroffen hat, um den Betrieb der Website zu gew\u00e4hrleisten und die Existenz und \u00dcbertragung von Viren und anderen Komponenten zu vermeiden, die dem Nutzer schaden k\u00f6nnten.<\/p><h3>6. Pflichten des Nutzers<\/h3><p style=\"padding-left: 40px;\">Der Nutzer verpflichtet sich, die Inhalte der Website sorgf\u00e4ltig, korrekt und rechtm\u00e4\u00dfig zu verwenden und sich zu enthalten von:<\/p><ol><li style=\"list-style-type: none;\"><ol><li type=\"a\">Die Inhalte f\u00fcr Zwecke oder Wirkungen zu verwenden, die gegen das Gesetz, die Moral und die guten Sitten oder die \u00f6ffentliche Ordnung versto\u00dfen.<\/li><li type=\"a\">Die Inhalte zu reproduzieren, zu kopieren, zu verbreiten, der \u00d6ffentlichkeit durch jede Form der \u00f6ffentlichen Kommunikation zug\u00e4nglich zu machen, zu ver\u00e4ndern oder zu modifizieren, es sei denn, er ist vom Inhaber dazu autorisiert.<\/li><li type=\"a\">Die Inhalte der Website zu verwenden, um Werbung, Mitteilungen zu Direktverkaufszwecken oder zu anderen kommerziellen Zwecken, unerw\u00fcnschte Nachrichten an eine Anzahl von Personen unabh\u00e4ngig von ihrem Zweck zu senden sowie solche Informationen in irgendeiner Weise zu vermarkten oder zu verbreiten.<\/li><li type=\"a\">Die Links, Einladungen zu sozialen Netzwerken, Blogs und alle telematischen Netzwerke und Medien, die durch diese Website bereitgestellt werden, auf illegale Weise zu verwenden.<\/li><\/ol><\/li><\/ol><h3>7. Anwendbares Recht<\/h3><p style=\"padding-left: 40px;\">Die zwischen dem Nutzer und dem Inhaber der Website begr\u00fcndeten Beziehungen unterliegen den Bestimmungen der geltenden Vorschriften \u00fcber das anwendbare Recht und die zust\u00e4ndige Gerichtsbarkeit. F\u00fcr F\u00e4lle, in denen die Vorschriften den Parteien die M\u00f6glichkeit einr\u00e4umen, sich freiwillig einer Gerichtsbarkeit zu unterwerfen, unterwerfen sich PTV und der Nutzer ausdr\u00fccklich unter Verzicht auf jede andere ihnen zustehende Gerichtsbarkeit den Gerichten und Tribunalen des Nutzers.<\/p><h3>8. Soziale Netzwerke<\/h3><p style=\"padding-left: 40px;\">Der Nutzer kann den Gruppen beitreten, die PTV in verschiedenen sozialen Netzwerken hat. Der Nutzer, der Fan einer dieser Gruppen wird, akzeptiert die Nutzungsbedingungen und Datenschutzrichtlinien des entsprechenden sozialen Netzwerks, ohne dass dies die Verantwortung von PTV ist.<\/p>\t\t\t\t\t\t\t\t<\/div>\n\t\t\t\t<\/div>\n\t\t\t\t\t<\/div>\n\t\t\t\t<\/div>\n\t\t\t\t<\/div>\n\t\t","protected":false},"excerpt":{"rendered":"<p>GrapeBreed 4 IPM Rechtlicher Hinweis 1. Eigentum der Website Firmenname: Weintechnologieplattform Adresse: C\/ del Monte Esquinza, 28, 4\u00ba rechts, 28010, Madrid Kontakt-E-Mail-Adresse: secretaria@ptvino.com Steueridentifikationsnummer (CIF): G-86766953 Registrierungsdaten: Nationales Register der Verb\u00e4nde, Abschnitt 1\u00aa Nationale Nummer 604371. 2. Allgemeine Nutzungsbedingungen und Annahme der gleichen Der Zweck dieser allgemeinen Nutzungsbedingungen der Website besteht zusammen mit den besonderen [&hellip;]<\/p>\n","protected":false},"author":1,"featured_media":0,"parent":0,"menu_order":0,"comment_status":"closed","ping_status":"closed","template":"","meta":{"site-sidebar-layout":"no-sidebar","site-content-layout":"page-builder","ast-site-content-layout":"full-width-container","site-content-style":"unboxed","site-sidebar-style":"unboxed","ast-global-header-display":"","ast-banner-title-visibility":"","ast-main-header-display":"","ast-hfb-above-header-display":"","ast-hfb-below-header-display":"","ast-hfb-mobile-header-display":"","site-post-title":"disabled","ast-breadcrumbs-content":"","ast-featured-img":"disabled","footer-sml-layout":"","theme-transparent-header-meta":"enabled","adv-header-id-meta":"","stick-header-meta":"","header-above-stick-meta":"","header-main-stick-meta":"","header-below-stick-meta":"","astra-migrate-meta-layouts":"default","ast-page-background-enabled":"default","ast-page-background-meta":{"desktop":{"background-color":"","background-image":"","background-repeat":"repeat","background-position":"center center","background-size":"auto","background-attachment":"scroll","background-type":"","background-media":"","overlay-type":"","overlay-color":"","overlay-opacity":"","overlay-gradient":""},"tablet":{"background-color":"","background-image":"","background-repeat":"repeat","background-position":"center center","background-size":"auto","background-attachment":"scroll","background-type":"","background-media":"","overlay-type":"","overlay-color":"","overlay-opacity":"","overlay-gradient":""},"mobile":{"background-color":"","background-image":"","background-repeat":"repeat","background-position":"center center","background-size":"auto","background-attachment":"scroll","background-type":"","background-media":"","overlay-type":"","overlay-color":"","overlay-opacity":"","overlay-gradient":""}},"ast-content-background-meta":{"desktop":{"background-color":"var(--ast-global-color-5)","background-image":"","background-repeat":"repeat","background-position":"center center","background-size":"auto","background-attachment":"scroll","background-type":"","background-media":"","overlay-type":"","overlay-color":"","overlay-opacity":"","overlay-gradient":""},"tablet":{"background-color":"var(--ast-global-color-5)","background-image":"","background-repeat":"repeat","background-position":"center center","background-size":"auto","background-attachment":"scroll","background-type":"","background-media":"","overlay-type":"","overlay-color":"","overlay-opacity":"","overlay-gradient":""},"mobile":{"background-color":"var(--ast-global-color-5)","background-image":"","background-repeat":"repeat","background-position":"center center","background-size":"auto","background-attachment":"scroll","background-type":"","background-media":"","overlay-type":"","overlay-color":"","overlay-opacity":"","overlay-gradient":""}},"footnotes":""},"class_list":["post-5307","page","type-page","status-publish","hentry"],"_links":{"self":[{"href":"https:\/\/grapebreed4ipm.com\/de\/wp-json\/wp\/v2\/pages\/5307","targetHints":{"allow":["GET"]}}],"collection":[{"href":"https:\/\/grapebreed4ipm.com\/de\/wp-json\/wp\/v2\/pages"}],"about":[{"href":"https:\/\/grapebreed4ipm.com\/de\/wp-json\/wp\/v2\/types\/page"}],"author":[{"embeddable":true,"href":"https:\/\/grapebreed4ipm.com\/de\/wp-json\/wp\/v2\/users\/1"}],"replies":[{"embeddable":true,"href":"https:\/\/grapebreed4ipm.com\/de\/wp-json\/wp\/v2\/comments?post=5307"}],"version-history":[{"count":40,"href":"https:\/\/grapebreed4ipm.com\/de\/wp-json\/wp\/v2\/pages\/5307\/revisions"}],"predecessor-version":[{"id":7314,"href":"https:\/\/grapebreed4ipm.com\/de\/wp-json\/wp\/v2\/pages\/5307\/revisions\/7314"}],"wp:attachment":[{"href":"https:\/\/grapebreed4ipm.com\/de\/wp-json\/wp\/v2\/media?parent=5307"}],"curies":[{"name":"wp","href":"https:\/\/api.w.org\/{rel}","templated":true}]}}