{"id":5311,"date":"2024-12-26T15:02:34","date_gmt":"2024-12-26T15:02:34","guid":{"rendered":"http:\/\/grapebreed4ipm.com\/datenschutzpolitik\/"},"modified":"2025-02-20T23:36:19","modified_gmt":"2025-02-20T23:36:19","slug":"datenschutzerklaerung","status":"publish","type":"page","link":"https:\/\/grapebreed4ipm.com\/de\/datenschutzerklaerung\/","title":{"rendered":"Datenschutzerkl\u00e4rung"},"content":{"rendered":"\t\t<div data-elementor-type=\"wp-post\" data-elementor-id=\"5311\" class=\"elementor elementor-5311 elementor-3077\" data-elementor-post-type=\"page\">\n\t\t\t\t<div class=\"elementor-element elementor-element-d0353b4 e-flex e-con-boxed e-con e-parent\" data-id=\"d0353b4\" data-element_type=\"container\" data-settings=\"{&quot;background_background&quot;:&quot;classic&quot;}\">\n\t\t\t\t\t<div class=\"e-con-inner\">\n\t\t<div class=\"elementor-element elementor-element-7c96fce e-con-full e-flex e-con e-child\" data-id=\"7c96fce\" data-element_type=\"container\">\n\t\t\t\t<div class=\"elementor-element elementor-element-8b70abd elementor-widget elementor-widget-heading\" data-id=\"8b70abd\" data-element_type=\"widget\" data-widget_type=\"heading.default\">\n\t\t\t\t<div class=\"elementor-widget-container\">\n\t\t\t\t\t<h5 class=\"elementor-heading-title elementor-size-default\">GrapeBreed 4 IPM<\/h5>\t\t\t\t<\/div>\n\t\t\t\t<\/div>\n\t\t\t\t<div class=\"elementor-element elementor-element-11d86be elementor-widget elementor-widget-heading\" data-id=\"11d86be\" data-element_type=\"widget\" data-widget_type=\"heading.default\">\n\t\t\t\t<div class=\"elementor-widget-container\">\n\t\t\t\t\t<h1 class=\"elementor-heading-title elementor-size-default\">Datenschutzerkl\u00e4rung<\/h1>\t\t\t\t<\/div>\n\t\t\t\t<\/div>\n\t\t\t\t<\/div>\n\t\t\t\t\t<\/div>\n\t\t\t\t<\/div>\n\t\t<div class=\"elementor-element elementor-element-724ac10 e-flex e-con-boxed e-con e-parent\" data-id=\"724ac10\" data-element_type=\"container\">\n\t\t\t\t\t<div class=\"e-con-inner\">\n\t\t\t\t<div class=\"elementor-element elementor-element-7f3fdc5 elementor-widget elementor-widget-text-editor\" data-id=\"7f3fdc5\" data-element_type=\"widget\" data-widget_type=\"text-editor.default\">\n\t\t\t\t<div class=\"elementor-widget-container\">\n\t\t\t\t\t\t\t\t\t<p>In \u00dcbereinstimmung mit den Bestimmungen der Datenschutz-Grundverordnung (DSGVO) und jeder anderen geltenden Gesetzgebung, die im Bereich des Schutzes personenbezogener Daten anwendbar sein kann:<\/p><ol><li>Wir informieren Sie dar\u00fcber, dass Ihre personenbezogenen Daten, die Sie \u00fcber den entsprechenden Abschnitt der Website https:\/\/www.ptvino.com\/index.php\/es\/ sowie gegebenenfalls zuk\u00fcnftig im Rahmen Ihrer Beziehung zu dieser Einrichtung bereitstellen, von der Weintechnologieplattform erfasst und verarbeitet werden, zum Zweck:<br \/><ol type=\"a\"><li><b>Kontakt<\/b>:<br \/>Verwaltung von Fragen oder Zweifeln, die auftreten k\u00f6nnen.<\/li><li><b>Anfragen, Patente und Markenkasten<\/b>:<br \/>Verwaltung Ihrer Daten, um Ihnen kommerzielle Informationen zu senden.<\/li><li><b>Newsletter<\/b>:<\/li><\/ol><\/li><\/ol><ul><li style=\"list-style-type: none;\"><ul><li style=\"list-style-type: none;\"><ul><li>Verwaltung Ihrer Daten, um Ihnen kommerzielle Informationen zu senden, die gem\u00e4\u00df Ihren Vorlieben und W\u00fcnschen personalisiert sind.<\/li><li>Durchf\u00fchrung von Studien zu statistischen Zwecken.<\/li><li>Wenn Sie das K\u00e4stchen angekreuzt haben, um den Versand von personalisierten Aktionen gem\u00e4\u00df Ihren Vorlieben und W\u00fcnschen, die Sie durch den Zugang zu bestimmten Bereichen der Website ausgedr\u00fcckt haben k\u00f6nnten, zu akzeptieren, werden wir Ihnen personalisierte kommerzielle Mitteilungen senden.<\/li><\/ul><\/li><\/ul><\/li><\/ul><ol start=\"2\"><li>Der Verantwortliche f\u00fcr die Verarbeitung ist die Weintechnologieplattform mit Sitz in C\/ del Monte Esquinza, 28, 4\u00ba rechts, 28010, Madrid, und Ihre personenbezogenen Daten werden nur von letzterer verarbeitet.<\/li><li>Diese Verarbeitung ist legitim, weil Sie Ihre Einwilligung gegeben haben.<\/li><li>Sie k\u00f6nnen Ihre Rechte auf Zugang, Berichtigung, L\u00f6schung, Widerspruch, Einschr\u00e4nkung der Verarbeitung und Daten\u00fcbertragbarkeit sowie Ihre Einwilligung zur Zusendung kommerzieller Mitteilungen oder Ihre Einwilligung zur Verarbeitung personenbezogener Daten durch Schreiben an C\/ del Monte Esquinza, 28, 4\u00ba rechts, 28010, Madrid, oder per E-Mail an die folgende Adresse: dataprotect@excelsiadistribucion.com unter dem Vermerk &#8222;Personaldaten&#8220; und in beiden F\u00e4llen unter Beif\u00fcgung einer Fotokopie Ihres Personalausweises oder Reisepasses aus\u00fcben.Dar\u00fcber hinaus wird in jeder Informationsmail \u00fcber unsere Produkte und Dienstleistungen ein Link oder eine g\u00fcltige E-Mail-Adresse enthalten sein, damit Sie sich von diesen Mitteilungen abmelden k\u00f6nnen.<\/li><li>Wir werden Ihre personenbezogenen Daten so lange aufbewahren, bis Sie Ihre Einwilligung zur Verarbeitung Ihrer Daten widerrufen.<\/li><li>Wir informieren Sie dar\u00fcber, dass Sie das Recht haben, eine Beschwerde bei der zust\u00e4ndigen Aufsichtsbeh\u00f6rde einzureichen, die in Spanien die spanische Datenschutzbeh\u00f6rde unter <a href=\"https:\/\/www.agpd.es\/\" target=\"_blank\" rel=\"noopener\">www.agpd.es<\/a> ist.<\/li><\/ol>\t\t\t\t\t\t\t\t<\/div>\n\t\t\t\t<\/div>\n\t\t\t\t\t<\/div>\n\t\t\t\t<\/div>\n\t\t\t\t<\/div>\n\t\t","protected":false},"excerpt":{"rendered":"<p>GrapeBreed 4 IPM Datenschutzerkl\u00e4rung In \u00dcbereinstimmung mit den Bestimmungen der Datenschutz-Grundverordnung (DSGVO) und jeder anderen geltenden Gesetzgebung, die im Bereich des Schutzes personenbezogener Daten anwendbar sein kann: Wir informieren Sie dar\u00fcber, dass Ihre personenbezogenen Daten, die Sie \u00fcber den entsprechenden Abschnitt der Website https:\/\/www.ptvino.com\/index.php\/es\/ sowie gegebenenfalls zuk\u00fcnftig im Rahmen Ihrer Beziehung zu dieser Einrichtung bereitstellen, [&hellip;]<\/p>\n","protected":false},"author":1,"featured_media":0,"parent":0,"menu_order":0,"comment_status":"closed","ping_status":"closed","template":"","meta":{"site-sidebar-layout":"no-sidebar","site-content-layout":"page-builder","ast-site-content-layout":"full-width-container","site-content-style":"unboxed","site-sidebar-style":"unboxed","ast-global-header-display":"","ast-banner-title-visibility":"","ast-main-header-display":"","ast-hfb-above-header-display":"","ast-hfb-below-header-display":"","ast-hfb-mobile-header-display":"","site-post-title":"disabled","ast-breadcrumbs-content":"","ast-featured-img":"disabled","footer-sml-layout":"","theme-transparent-header-meta":"enabled","adv-header-id-meta":"","stick-header-meta":"","header-above-stick-meta":"","header-main-stick-meta":"","header-below-stick-meta":"","astra-migrate-meta-layouts":"default","ast-page-background-enabled":"default","ast-page-background-meta":{"desktop":{"background-color":"","background-image":"","background-repeat":"repeat","background-position":"center center","background-size":"auto","background-attachment":"scroll","background-type":"","background-media":"","overlay-type":"","overlay-color":"","overlay-opacity":"","overlay-gradient":""},"tablet":{"background-color":"","background-image":"","background-repeat":"repeat","background-position":"center center","background-size":"auto","background-attachment":"scroll","background-type":"","background-media":"","overlay-type":"","overlay-color":"","overlay-opacity":"","overlay-gradient":""},"mobile":{"background-color":"","background-image":"","background-repeat":"repeat","background-position":"center center","background-size":"auto","background-attachment":"scroll","background-type":"","background-media":"","overlay-type":"","overlay-color":"","overlay-opacity":"","overlay-gradient":""}},"ast-content-background-meta":{"desktop":{"background-color":"var(--ast-global-color-5)","background-image":"","background-repeat":"repeat","background-position":"center center","background-size":"auto","background-attachment":"scroll","background-type":"","background-media":"","overlay-type":"","overlay-color":"","overlay-opacity":"","overlay-gradient":""},"tablet":{"background-color":"var(--ast-global-color-5)","background-image":"","background-repeat":"repeat","background-position":"center center","background-size":"auto","background-attachment":"scroll","background-type":"","background-media":"","overlay-type":"","overlay-color":"","overlay-opacity":"","overlay-gradient":""},"mobile":{"background-color":"var(--ast-global-color-5)","background-image":"","background-repeat":"repeat","background-position":"center center","background-size":"auto","background-attachment":"scroll","background-type":"","background-media":"","overlay-type":"","overlay-color":"","overlay-opacity":"","overlay-gradient":""}},"footnotes":""},"class_list":["post-5311","page","type-page","status-publish","hentry"],"_links":{"self":[{"href":"https:\/\/grapebreed4ipm.com\/de\/wp-json\/wp\/v2\/pages\/5311","targetHints":{"allow":["GET"]}}],"collection":[{"href":"https:\/\/grapebreed4ipm.com\/de\/wp-json\/wp\/v2\/pages"}],"about":[{"href":"https:\/\/grapebreed4ipm.com\/de\/wp-json\/wp\/v2\/types\/page"}],"author":[{"embeddable":true,"href":"https:\/\/grapebreed4ipm.com\/de\/wp-json\/wp\/v2\/users\/1"}],"replies":[{"embeddable":true,"href":"https:\/\/grapebreed4ipm.com\/de\/wp-json\/wp\/v2\/comments?post=5311"}],"version-history":[{"count":21,"href":"https:\/\/grapebreed4ipm.com\/de\/wp-json\/wp\/v2\/pages\/5311\/revisions"}],"predecessor-version":[{"id":7197,"href":"https:\/\/grapebreed4ipm.com\/de\/wp-json\/wp\/v2\/pages\/5311\/revisions\/7197"}],"wp:attachment":[{"href":"https:\/\/grapebreed4ipm.com\/de\/wp-json\/wp\/v2\/media?parent=5311"}],"curies":[{"name":"wp","href":"https:\/\/api.w.org\/{rel}","templated":true}]}}