{"id":8613,"date":"2025-12-03T20:46:55","date_gmt":"2025-12-03T20:46:55","guid":{"rendered":"https:\/\/grapebreed4ipm.com\/?page_id=8613"},"modified":"2026-02-27T12:54:44","modified_gmt":"2026-02-27T12:54:44","slug":"grapebreed4ipm","status":"publish","type":"page","link":"https:\/\/grapebreed4ipm.com\/de\/aufbau-von-kapazitaeten-fuer-krankheitsresistente-rebsorten-piwis\/grapebreed4ipm\/","title":{"rendered":"GrapeBreed4IPM"},"content":{"rendered":"\t\t<div data-elementor-type=\"wp-post\" data-elementor-id=\"8613\" class=\"elementor elementor-8613 elementor-8611\" data-elementor-post-type=\"page\">\n\t\t\t\t<div class=\"elementor-element elementor-element-9eac3dd e-flex e-con-boxed e-con e-parent\" data-id=\"9eac3dd\" data-element_type=\"container\" data-settings=\"{&quot;background_background&quot;:&quot;classic&quot;}\">\n\t\t\t\t\t<div class=\"e-con-inner\">\n\t\t<div class=\"elementor-element elementor-element-97c4e6e e-con-full e-flex e-con e-child\" data-id=\"97c4e6e\" data-element_type=\"container\">\n\t\t\t\t<div class=\"elementor-element elementor-element-e74321d elementor-widget elementor-widget-heading\" data-id=\"e74321d\" data-element_type=\"widget\" data-widget_type=\"heading.default\">\n\t\t\t\t<div class=\"elementor-widget-container\">\n\t\t\t\t\t<h5 class=\"elementor-heading-title elementor-size-default\">\u00dcber das Projekt<\/h5>\t\t\t\t<\/div>\n\t\t\t\t<\/div>\n\t\t\t\t<div class=\"elementor-element elementor-element-6c44d11 elementor-widget elementor-widget-heading\" data-id=\"6c44d11\" data-element_type=\"widget\" data-widget_type=\"heading.default\">\n\t\t\t\t<div class=\"elementor-widget-container\">\n\t\t\t\t\t<h1 class=\"elementor-heading-title elementor-size-default\">GrapeBreed4IPM<\/h1>\t\t\t\t<\/div>\n\t\t\t\t<\/div>\n\t\t<div class=\"elementor-element elementor-element-a1e6fda e-con-full e-flex e-con e-child\" data-id=\"a1e6fda\" data-element_type=\"container\">\n\t\t\t\t<div class=\"elementor-element elementor-element-72109ca elementor-widget elementor-widget-heading\" data-id=\"72109ca\" data-element_type=\"widget\" data-widget_type=\"heading.default\">\n\t\t\t\t<div class=\"elementor-widget-container\">\n\t\t\t\t\t<h5 class=\"elementor-heading-title elementor-size-default\"><a href=\"\/\">Offiziellen Website<\/a><\/h5>\t\t\t\t<\/div>\n\t\t\t\t<\/div>\n\t\t\t\t<div class=\"elementor-element elementor-element-49195c8 elementor-view-default elementor-widget elementor-widget-icon\" data-id=\"49195c8\" data-element_type=\"widget\" data-widget_type=\"icon.default\">\n\t\t\t\t<div class=\"elementor-widget-container\">\n\t\t\t\t\t\t\t<div class=\"elementor-icon-wrapper\">\n\t\t\t<a class=\"elementor-icon elementor-animation-grow\" href=\"\/\">\n\t\t\t<i aria-hidden=\"true\" class=\"icon icon-arrow-right-circle\"><\/i>\t\t\t<\/a>\n\t\t<\/div>\n\t\t\t\t\t\t<\/div>\n\t\t\t\t<\/div>\n\t\t\t\t<\/div>\n\t\t\t\t<\/div>\n\t\t\t\t\t<\/div>\n\t\t\t\t<\/div>\n\t\t<div class=\"elementor-element elementor-element-8297cfa e-flex e-con-boxed e-con e-parent\" data-id=\"8297cfa\" data-element_type=\"container\" data-settings=\"{&quot;background_background&quot;:&quot;classic&quot;}\">\n\t\t\t\t\t<div class=\"e-con-inner\">\n\t\t<div class=\"elementor-element elementor-element-3889d80 e-con-full e-flex e-con e-child\" data-id=\"3889d80\" data-element_type=\"container\">\n\t\t\t\t<div class=\"elementor-element elementor-element-717dbb5 elementor-widget elementor-widget-heading\" data-id=\"717dbb5\" data-element_type=\"widget\" data-widget_type=\"heading.default\">\n\t\t\t\t<div class=\"elementor-widget-container\">\n\t\t\t\t\t<h3 class=\"elementor-heading-title elementor-size-default\">\u00dcber das Projekt<\/h3>\t\t\t\t<\/div>\n\t\t\t\t<\/div>\n\t\t\t\t<div class=\"elementor-element elementor-element-9d2dae1 elementor-widget-divider--view-line elementor-widget elementor-widget-divider\" data-id=\"9d2dae1\" data-element_type=\"widget\" data-widget_type=\"divider.default\">\n\t\t\t\t<div class=\"elementor-widget-container\">\n\t\t\t\t\t\t\t<div class=\"elementor-divider\">\n\t\t\t<span class=\"elementor-divider-separator\">\n\t\t\t\t\t\t<\/span>\n\t\t<\/div>\n\t\t\t\t\t\t<\/div>\n\t\t\t\t<\/div>\n\t\t\t\t<\/div>\n\t\t<div class=\"elementor-element elementor-element-4ac8d54 e-con-full e-flex e-con e-child\" data-id=\"4ac8d54\" data-element_type=\"container\">\n\t\t\t\t<div class=\"elementor-element elementor-element-636a47c elementor-widget elementor-widget-text-editor\" data-id=\"636a47c\" data-element_type=\"widget\" data-widget_type=\"text-editor.default\">\n\t\t\t\t<div class=\"elementor-widget-container\">\n\t\t\t\t\t\t\t\t\t<p>Der \u00fcberm\u00e4\u00dfige Einsatz chemisch-synthetischer Pestizide in der Landwirtschaft ist eine Hauptursache f\u00fcr den Verlust der Biodiversit\u00e4t und stellt eine ernsthafte Bedrohung f\u00fcr die Stabilit\u00e4t der \u00d6kosysteme dar. Der Weinbau ist unter den Anbaukulturen mit am st\u00e4rksten pestizidabh\u00e4ngig, was ihn zu einem entscheidenden Sektor f\u00fcr die Reduzierung von Chemikalieneintr\u00e4gen macht. Der Weinbau ist wirtschaftlich und kulturell von besonderer Bedeutung und geh\u00f6rt zu den drei wichtigsten Agrar- und Ern\u00e4hrungssektoren in der EU. GrapeBreed4IPM nutzt die modernsten Fortschritte in der Weinrebenz\u00fcchtung, um diese Herausforderung anzugehen und zielt darauf ab, den Fungizideinsatz erheblich zu reduzieren und gleichzeitig die Biodiversit\u00e4t zu sch\u00fctzen. Das Projekt bringt f\u00fchrende europ\u00e4ische Forschungsgruppen zusammen und bindet Interessengruppen entlang der gesamten Wertsch\u00f6pfungskette des Weinbaus ein. Es bringt die Akteure \u00fcber die gesamte Wertsch\u00f6pfungskette zusammen und setzt auf kooperative Gestaltung, um innovative und wirkungsvolle L\u00f6sungen f\u00fcr einen nachhaltigen Weinbau zu liefern.<\/p>\t\t\t\t\t\t\t\t<\/div>\n\t\t\t\t<\/div>\n\t\t\t\t<\/div>\n\t\t\t\t\t<\/div>\n\t\t\t\t<\/div>\n\t\t<div class=\"elementor-element elementor-element-8986b42 e-flex e-con-boxed e-con e-parent\" data-id=\"8986b42\" data-element_type=\"container\" data-settings=\"{&quot;background_background&quot;:&quot;classic&quot;}\">\n\t\t\t\t\t<div class=\"e-con-inner\">\n\t\t<div class=\"elementor-element elementor-element-36b0e59 e-con-full e-flex e-con e-child\" data-id=\"36b0e59\" data-element_type=\"container\" data-settings=\"{&quot;background_background&quot;:&quot;classic&quot;}\">\n\t\t\t\t<div class=\"elementor-element elementor-element-f784b29 elementor-widget elementor-widget-heading\" data-id=\"f784b29\" data-element_type=\"widget\" data-widget_type=\"heading.default\">\n\t\t\t\t<div class=\"elementor-widget-container\">\n\t\t\t\t\t<h4 class=\"elementor-heading-title elementor-size-default\">Allgemeines Ziel<\/h4>\t\t\t\t<\/div>\n\t\t\t\t<\/div>\n\t\t\t\t<div class=\"elementor-element elementor-element-33bd2be elementor-widget-divider--view-line elementor-widget elementor-widget-divider\" data-id=\"33bd2be\" data-element_type=\"widget\" data-widget_type=\"divider.default\">\n\t\t\t\t<div class=\"elementor-widget-container\">\n\t\t\t\t\t\t\t<div class=\"elementor-divider\">\n\t\t\t<span class=\"elementor-divider-separator\">\n\t\t\t\t\t\t<\/span>\n\t\t<\/div>\n\t\t\t\t\t\t<\/div>\n\t\t\t\t<\/div>\n\t\t\t\t<div class=\"elementor-element elementor-element-cbfada3 elementor-widget elementor-widget-text-editor\" data-id=\"cbfada3\" data-element_type=\"widget\" data-widget_type=\"text-editor.default\">\n\t\t\t\t<div class=\"elementor-widget-container\">\n\t\t\t\t\t\t\t\t\t<p>Das Projekt zielt darauf ab, Weinrebsorten mit einer robusten Resistenz gegen die Hauptkrankheiten zu entwickeln (PIWIs), die an lokale Umwelt- und Bodenklimabedingungen angepasst sind und einen deutlich reduzierten Bedarf an chemischen Pestiziden ben\u00f6tigen. \u00dcber die Z\u00fcchtung hinaus wird es Landwirten, Winzern und Beratern bew\u00e4hrte Praktiken und Leitlinien f\u00fcr den integrierten Pflanzenschutz (IPM) zur Verf\u00fcgung stellen, die speziell f\u00fcr krankheitsresistente Sorten (PIWIs)entwickelt wurden, um deren breite Einf\u00fchrung zu f\u00f6rdern und den nachhaltigen Weinbau in Europa voranzubringen. Diese Anstrengungen werden eine umweltfreundlichere Branche f\u00f6rdern und gleichzeitig den regulatorischen Anforderungen und den sich wandelnden Verbrauchererwartungen gerecht werden. Da der Weinbaumarkt bis 2025 voraussichtlich eine Gr\u00f6\u00dfe von nahezu 204 Milliarden EUR erreichen wird, werden die Ergebnisse des Projekts den Sektor in die Lage versetzen, sich nachhaltig in einer wettbewerbsintensiven globalen Landschaft zu behaupten.<\/p>\t\t\t\t\t\t\t\t<\/div>\n\t\t\t\t<\/div>\n\t\t\t\t<\/div>\n\t\t<div class=\"elementor-element elementor-element-c66dda1 e-con-full e-flex e-con e-child\" data-id=\"c66dda1\" data-element_type=\"container\" data-settings=\"{&quot;background_background&quot;:&quot;classic&quot;}\">\n\t\t\t\t<div class=\"elementor-element elementor-element-6a468ed elementor-widget elementor-widget-heading\" data-id=\"6a468ed\" data-element_type=\"widget\" data-widget_type=\"heading.default\">\n\t\t\t\t<div class=\"elementor-widget-container\">\n\t\t\t\t\t<h4 class=\"elementor-heading-title elementor-size-default\">Spezifische Ziele des Projekts<\/h4>\t\t\t\t<\/div>\n\t\t\t\t<\/div>\n\t\t\t\t<div class=\"elementor-element elementor-element-ab9088f elementor-widget-divider--view-line elementor-widget elementor-widget-divider\" data-id=\"ab9088f\" data-element_type=\"widget\" data-widget_type=\"divider.default\">\n\t\t\t\t<div class=\"elementor-widget-container\">\n\t\t\t\t\t\t\t<div class=\"elementor-divider\">\n\t\t\t<span class=\"elementor-divider-separator\">\n\t\t\t\t\t\t<\/span>\n\t\t<\/div>\n\t\t\t\t\t\t<\/div>\n\t\t\t\t<\/div>\n\t\t\t\t<div class=\"elementor-element elementor-element-5a6bb07 elementor-widget elementor-widget-text-editor\" data-id=\"5a6bb07\" data-element_type=\"widget\" data-widget_type=\"text-editor.default\">\n\t\t\t\t<div class=\"elementor-widget-container\">\n\t\t\t\t\t\t\t\t\t<ol type=\"I\"><li type=\"I\">Gemeinsame Entwicklung mit allen Beteiligten der Wertsch\u00f6pfungskette im Weinbau.<\/li><li type=\"I\">Entwicklung einer schnelleren und besseren Z\u00fcchtung, die es auch erm\u00f6glicht sich auf neue Krankheiten vorzubereiten.<\/li><li type=\"I\">Z\u00fcchtung resistenter Sorten mit optimaler Produktivit\u00e4t und \u00f6nologischer Qualit\u00e4t.<\/li><li type=\"I\">Entwicklung von Leitlinien und Instrumenten zur F\u00f6rderung der Verbreitung.<\/li><li type=\"I\">Aufbau von Kapazit\u00e4ten und Steigerung des allgemeinen Bewusstseins f\u00fcr die Vorteile krankheitsresistenter Sorten.<\/li><\/ol>\t\t\t\t\t\t\t\t<\/div>\n\t\t\t\t<\/div>\n\t\t\t\t<\/div>\n\t\t\t\t\t<\/div>\n\t\t\t\t<\/div>\n\t\t<div class=\"elementor-element elementor-element-5cc8296 e-con-full e-flex e-con e-parent\" data-id=\"5cc8296\" data-element_type=\"container\">\n\t\t<div class=\"elementor-element elementor-element-21d354d e-con-full e-flex e-con e-child\" data-id=\"21d354d\" data-element_type=\"container\" data-settings=\"{&quot;background_background&quot;:&quot;classic&quot;}\">\n\t\t\t\t<div class=\"elementor-element elementor-element-84ec67f elementor-widget elementor-widget-image\" data-id=\"84ec67f\" data-element_type=\"widget\" data-widget_type=\"image.default\">\n\t\t\t\t<div class=\"elementor-widget-container\">\n\t\t\t\t\t\t\t\t\t\t\t\t\t\t\t<img fetchpriority=\"high\" decoding=\"async\" width=\"987\" height=\"486\" src=\"https:\/\/grapebreed4ipm.com\/wp-content\/uploads\/2025\/02\/NEWGrapeBreed4IPM-2.jpg\" class=\"attachment-large size-large wp-image-6002\" alt=\"GrapeBreed4IPM\" srcset=\"https:\/\/grapebreed4ipm.com\/wp-content\/uploads\/2025\/02\/NEWGrapeBreed4IPM-2.jpg 987w, https:\/\/grapebreed4ipm.com\/wp-content\/uploads\/2025\/02\/NEWGrapeBreed4IPM-2-300x148.jpg 300w, https:\/\/grapebreed4ipm.com\/wp-content\/uploads\/2025\/02\/NEWGrapeBreed4IPM-2-768x378.jpg 768w\" sizes=\"(max-width: 987px) 100vw, 987px\" \/>\t\t\t\t\t\t\t\t\t\t\t\t\t\t\t<\/div>\n\t\t\t\t<\/div>\n\t\t\t\t<\/div>\n\t\t<div class=\"elementor-element elementor-element-5f5a69f e-con-full e-flex e-con e-child\" data-id=\"5f5a69f\" data-element_type=\"container\" data-settings=\"{&quot;background_background&quot;:&quot;classic&quot;}\">\n\t\t\t\t<div class=\"elementor-element elementor-element-8e63b0a elementor-widget elementor-widget-image\" data-id=\"8e63b0a\" data-element_type=\"widget\" data-widget_type=\"image.default\">\n\t\t\t\t<div class=\"elementor-widget-container\">\n\t\t\t\t\t\t\t\t\t\t\t\t\t\t\t<img decoding=\"async\" width=\"988\" height=\"487\" src=\"https:\/\/grapebreed4ipm.com\/wp-content\/uploads\/2025\/02\/Condrieux-3_INRAE-V-Dumas.jpg\" class=\"attachment-large size-large wp-image-6505\" alt=\"Condrieux-3_INRAE-V Dumas\" srcset=\"https:\/\/grapebreed4ipm.com\/wp-content\/uploads\/2025\/02\/Condrieux-3_INRAE-V-Dumas.jpg 988w, https:\/\/grapebreed4ipm.com\/wp-content\/uploads\/2025\/02\/Condrieux-3_INRAE-V-Dumas-300x148.jpg 300w, https:\/\/grapebreed4ipm.com\/wp-content\/uploads\/2025\/02\/Condrieux-3_INRAE-V-Dumas-768x379.jpg 768w\" sizes=\"(max-width: 988px) 100vw, 988px\" \/>\t\t\t\t\t\t\t\t\t\t\t\t\t\t\t<\/div>\n\t\t\t\t<\/div>\n\t\t\t\t<\/div>\n\t\t\t\t<\/div>\n\t\t\t\t<\/div>\n\t\t","protected":false},"excerpt":{"rendered":"<p>\u00dcber das Projekt GrapeBreed4IPM Offiziellen Website \u00dcber das Projekt Der \u00fcberm\u00e4\u00dfige Einsatz chemisch-synthetischer Pestizide in der Landwirtschaft ist eine Hauptursache f\u00fcr den Verlust der Biodiversit\u00e4t und stellt eine ernsthafte Bedrohung f\u00fcr die Stabilit\u00e4t der \u00d6kosysteme dar. Der Weinbau ist unter den Anbaukulturen mit am st\u00e4rksten pestizidabh\u00e4ngig, was ihn zu einem entscheidenden Sektor f\u00fcr die Reduzierung [&hellip;]<\/p>\n","protected":false},"author":1,"featured_media":0,"parent":8215,"menu_order":0,"comment_status":"closed","ping_status":"closed","template":"","meta":{"site-sidebar-layout":"no-sidebar","site-content-layout":"page-builder","ast-site-content-layout":"full-width-container","site-content-style":"unboxed","site-sidebar-style":"unboxed","ast-global-header-display":"","ast-banner-title-visibility":"","ast-main-header-display":"","ast-hfb-above-header-display":"","ast-hfb-below-header-display":"","ast-hfb-mobile-header-display":"","site-post-title":"disabled","ast-breadcrumbs-content":"","ast-featured-img":"disabled","footer-sml-layout":"","theme-transparent-header-meta":"enabled","adv-header-id-meta":"","stick-header-meta":"","header-above-stick-meta":"","header-main-stick-meta":"","header-below-stick-meta":"","astra-migrate-meta-layouts":"default","ast-page-background-enabled":"default","ast-page-background-meta":{"desktop":{"background-color":"","background-image":"","background-repeat":"repeat","background-position":"center center","background-size":"auto","background-attachment":"scroll","background-type":"","background-media":"","overlay-type":"","overlay-color":"","overlay-opacity":"","overlay-gradient":""},"tablet":{"background-color":"","background-image":"","background-repeat":"repeat","background-position":"center center","background-size":"auto","background-attachment":"scroll","background-type":"","background-media":"","overlay-type":"","overlay-color":"","overlay-opacity":"","overlay-gradient":""},"mobile":{"background-color":"","background-image":"","background-repeat":"repeat","background-position":"center center","background-size":"auto","background-attachment":"scroll","background-type":"","background-media":"","overlay-type":"","overlay-color":"","overlay-opacity":"","overlay-gradient":""}},"ast-content-background-meta":{"desktop":{"background-color":"var(--ast-global-color-5)","background-image":"","background-repeat":"repeat","background-position":"center center","background-size":"auto","background-attachment":"scroll","background-type":"","background-media":"","overlay-type":"","overlay-color":"","overlay-opacity":"","overlay-gradient":""},"tablet":{"background-color":"var(--ast-global-color-5)","background-image":"","background-repeat":"repeat","background-position":"center center","background-size":"auto","background-attachment":"scroll","background-type":"","background-media":"","overlay-type":"","overlay-color":"","overlay-opacity":"","overlay-gradient":""},"mobile":{"background-color":"var(--ast-global-color-5)","background-image":"","background-repeat":"repeat","background-position":"center center","background-size":"auto","background-attachment":"scroll","background-type":"","background-media":"","overlay-type":"","overlay-color":"","overlay-opacity":"","overlay-gradient":""}},"footnotes":""},"class_list":["post-8613","page","type-page","status-publish","hentry"],"_links":{"self":[{"href":"https:\/\/grapebreed4ipm.com\/de\/wp-json\/wp\/v2\/pages\/8613","targetHints":{"allow":["GET"]}}],"collection":[{"href":"https:\/\/grapebreed4ipm.com\/de\/wp-json\/wp\/v2\/pages"}],"about":[{"href":"https:\/\/grapebreed4ipm.com\/de\/wp-json\/wp\/v2\/types\/page"}],"author":[{"embeddable":true,"href":"https:\/\/grapebreed4ipm.com\/de\/wp-json\/wp\/v2\/users\/1"}],"replies":[{"embeddable":true,"href":"https:\/\/grapebreed4ipm.com\/de\/wp-json\/wp\/v2\/comments?post=8613"}],"version-history":[{"count":11,"href":"https:\/\/grapebreed4ipm.com\/de\/wp-json\/wp\/v2\/pages\/8613\/revisions"}],"predecessor-version":[{"id":10077,"href":"https:\/\/grapebreed4ipm.com\/de\/wp-json\/wp\/v2\/pages\/8613\/revisions\/10077"}],"up":[{"embeddable":true,"href":"https:\/\/grapebreed4ipm.com\/de\/wp-json\/wp\/v2\/pages\/8215"}],"wp:attachment":[{"href":"https:\/\/grapebreed4ipm.com\/de\/wp-json\/wp\/v2\/media?parent=8613"}],"curies":[{"name":"wp","href":"https:\/\/api.w.org\/{rel}","templated":true}]}}