{"id":4485,"date":"2025-01-09T23:02:24","date_gmt":"2025-01-09T23:02:24","guid":{"rendered":"http:\/\/grapebreed4ipm.com\/inicio\/"},"modified":"2025-03-04T16:40:18","modified_gmt":"2025-03-04T16:40:18","slug":"inicio","status":"publish","type":"page","link":"https:\/\/grapebreed4ipm.com\/es\/","title":{"rendered":"Inicio"},"content":{"rendered":"\t\t<div data-elementor-type=\"wp-page\" data-elementor-id=\"4485\" class=\"elementor elementor-4485 elementor-3292\" data-elementor-post-type=\"page\">\n\t\t\t\t<div class=\"elementor-element elementor-element-32fbdbcf e-flex e-con-boxed e-con e-parent\" data-id=\"32fbdbcf\" data-element_type=\"container\" data-settings=\"{&quot;background_background&quot;:&quot;classic&quot;}\">\n\t\t\t\t\t<div class=\"e-con-inner\">\n\t\t<div class=\"elementor-element elementor-element-37382dc4 e-con-full e-flex e-con e-child\" data-id=\"37382dc4\" data-element_type=\"container\">\n\t\t\t\t<div class=\"elementor-element elementor-element-42cc79b4 elementor-widget elementor-widget-heading\" data-id=\"42cc79b4\" data-element_type=\"widget\" data-widget_type=\"heading.default\">\n\t\t\t\t<div class=\"elementor-widget-container\">\n\t\t\t\t\t<h1 class=\"elementor-heading-title elementor-size-default\">Desarrollo de soluciones sostenibles para la viticultura a trav\u00e9s de la innovaci\u00f3n multi-actor orientada a la mejora gen\u00e9tica para la gesti\u00f3n integrada de plagas<\/h1>\t\t\t\t<\/div>\n\t\t\t\t<\/div>\n\t\t\t\t<div class=\"elementor-element elementor-element-2d56233d subtitulo elementor-widget elementor-widget-text-editor\" data-id=\"2d56233d\" data-element_type=\"widget\" data-widget_type=\"text-editor.default\">\n\t\t\t\t<div class=\"elementor-widget-container\">\n\t\t\t\t\t\t\t\t\t<p>Impulsar la viticultura sostenible en un mundo cambiante con variedades resistentes a enfermedades<\/p>\t\t\t\t\t\t\t\t<\/div>\n\t\t\t\t<\/div>\n\t\t\t\t<\/div>\n\t\t\t\t\t<\/div>\n\t\t\t\t<\/div>\n\t\t<div class=\"elementor-element elementor-element-c03ac74 e-flex e-con-boxed e-con e-parent\" data-id=\"c03ac74\" data-element_type=\"container\" data-settings=\"{&quot;background_background&quot;:&quot;classic&quot;}\">\n\t\t\t\t\t<div class=\"e-con-inner\">\n\t\t<div class=\"elementor-element elementor-element-8285966 e-con-full e-flex e-con e-child\" data-id=\"8285966\" data-element_type=\"container\">\n\t\t\t\t<div class=\"elementor-element elementor-element-8289c6d elementor-widget elementor-widget-image\" data-id=\"8289c6d\" data-element_type=\"widget\" data-widget_type=\"image.default\">\n\t\t\t\t<div class=\"elementor-widget-container\">\n\t\t\t\t\t\t\t\t\t\t\t\t\t\t\t\t<a href=\"https:\/\/ec.europa.eu\/info\/funding-tenders\/opportunities\/portal\/screen\/opportunities\/topic-details\/horizon-cl6-2023-biodiv-01-14\" target=\"_blank\" rel=\"nofollow\">\n\t\t\t\t\t\t\t<img decoding=\"async\" src=\"https:\/\/grapebreed4ipm.com\/wp-content\/uploads\/elementor\/thumbs\/EN_fundedbyEU_VERTICAL_450px-1-r24ieo35kn2s8lceezcvhbhz07wnk4zzztbouuwuym.png\" title=\"EN_fundedbyEU_VERTICAL_450px\" alt=\"EN_fundedbyEU_VERTICAL_450px\" loading=\"lazy\" \/>\t\t\t\t\t\t\t\t<\/a>\n\t\t\t\t\t\t\t\t\t\t\t\t\t\t\t<\/div>\n\t\t\t\t<\/div>\n\t\t\t\t<\/div>\n\t\t<div class=\"elementor-element elementor-element-954cdd2 e-con-full e-flex e-con e-child\" data-id=\"954cdd2\" data-element_type=\"container\">\n\t\t\t\t<div class=\"elementor-element elementor-element-10f0626 elementor-widget elementor-widget-image\" data-id=\"10f0626\" data-element_type=\"widget\" data-widget_type=\"image.default\">\n\t\t\t\t<div class=\"elementor-widget-container\">\n\t\t\t\t\t\t\t\t\t\t\t\t\t\t\t\t<a href=\"http:\/\/grapebreed4ipm.com\/wp-content\/uploads\/2025\/01\/WBF_SBFI_EU_800px.jpg\" target=\"_blank\" rel=\"nofollow\">\n\t\t\t\t\t\t\t<img decoding=\"async\" src=\"https:\/\/grapebreed4ipm.com\/wp-content\/uploads\/elementor\/thumbs\/WBF_SBFI_EU_450px-r24ieo35kn2s8lceezcvhbhz07wnk4zzztbouuwuro.png\" title=\"Federal Department of Economic Affairs. Education and Research EAER &#8211; Swiss Confederation\" alt=\"Federal Department of Economic Affairs. Education and Research EAER - Swiss Confederation\" loading=\"lazy\" \/>\t\t\t\t\t\t\t\t<\/a>\n\t\t\t\t\t\t\t\t\t\t\t\t\t\t\t<\/div>\n\t\t\t\t<\/div>\n\t\t\t\t<\/div>\n\t\t<div class=\"elementor-element elementor-element-5f2124f e-con-full e-flex e-con e-child\" data-id=\"5f2124f\" data-element_type=\"container\">\n\t\t\t\t<div class=\"elementor-element elementor-element-04ddfef elementor-widget elementor-widget-heading\" data-id=\"04ddfef\" data-element_type=\"widget\" data-widget_type=\"heading.default\">\n\t\t\t\t<div class=\"elementor-widget-container\">\n\t\t\t\t\t<p class=\"elementor-heading-title elementor-size-default\">Financiado por la Uni\u00f3n Europea (GrapeBreed4IPM, n\u00famero de subvenci\u00f3n 101.132.223). Los puntos de vista y opiniones expresados son, sin embargo, exclusivamente los del autor o autores y no reflejan necesariamente los de la Uni\u00f3n Europea o la Agencia Ejecutiva Europea de Investigaci\u00f3n (REA). Ni la Uni\u00f3n Europea ni la autoridad que concede las ayudas pueden ser consideradas responsables. Este proyecto ha recibido financiaci\u00f3n de la Secretar\u00eda de Estado de Educaci\u00f3n, Investigaci\u00f3n e Innovaci\u00f3n de Suiza (SERI) Nr 24.00152.<\/p>\t\t\t\t<\/div>\n\t\t\t\t<\/div>\n\t\t\t\t<\/div>\n\t\t\t\t\t<\/div>\n\t\t\t\t<\/div>\n\t\t<div class=\"elementor-element elementor-element-b4a83f6 e-flex e-con-boxed e-con e-parent\" data-id=\"b4a83f6\" data-element_type=\"container\" id=\"contadores\" data-settings=\"{&quot;background_background&quot;:&quot;classic&quot;}\">\n\t\t\t\t\t<div class=\"e-con-inner\">\n\t\t<div class=\"elementor-element elementor-element-f2210d5 e-con-full e-flex e-con e-child\" data-id=\"f2210d5\" data-element_type=\"container\" data-settings=\"{&quot;background_background&quot;:&quot;classic&quot;}\">\n\t\t<div class=\"elementor-element elementor-element-774b8f2 e-con-full e-flex e-con e-child\" data-id=\"774b8f2\" data-element_type=\"container\">\n\t\t\t\t<div class=\"elementor-element elementor-element-ebf3ac3 elementor-widget elementor-widget-counter\" data-id=\"ebf3ac3\" data-element_type=\"widget\" data-widget_type=\"counter.default\">\n\t\t\t\t<div class=\"elementor-widget-container\">\n\t\t\t\t\t\t\t<div class=\"elementor-counter\">\n\t\t\t<div class=\"elementor-counter-title\">Socios<\/div>\t\t\t<div class=\"elementor-counter-number-wrapper\">\n\t\t\t\t<span class=\"elementor-counter-number-prefix\"><\/span>\n\t\t\t\t<span class=\"elementor-counter-number\" data-duration=\"2000\" data-to-value=\"19\" data-from-value=\"0\" data-delimiter=\",\">0<\/span>\n\t\t\t\t<span class=\"elementor-counter-number-suffix\"><\/span>\n\t\t\t<\/div>\n\t\t<\/div>\n\t\t\t\t\t\t<\/div>\n\t\t\t\t<\/div>\n\t\t\t\t<\/div>\n\t\t<div class=\"elementor-element elementor-element-eba2048 e-con-full e-flex e-con e-child\" data-id=\"eba2048\" data-element_type=\"container\">\n\t\t\t\t<div class=\"elementor-element elementor-element-f9ead32 elementor-widget elementor-widget-counter\" data-id=\"f9ead32\" data-element_type=\"widget\" data-widget_type=\"counter.default\">\n\t\t\t\t<div class=\"elementor-widget-container\">\n\t\t\t\t\t\t\t<div class=\"elementor-counter\">\n\t\t\t<div class=\"elementor-counter-title\">Miembros asociados<\/div>\t\t\t<div class=\"elementor-counter-number-wrapper\">\n\t\t\t\t<span class=\"elementor-counter-number-prefix\"><\/span>\n\t\t\t\t<span class=\"elementor-counter-number\" data-duration=\"2000\" data-to-value=\"2\" data-from-value=\"0\" data-delimiter=\",\">0<\/span>\n\t\t\t\t<span class=\"elementor-counter-number-suffix\"><\/span>\n\t\t\t<\/div>\n\t\t<\/div>\n\t\t\t\t\t\t<\/div>\n\t\t\t\t<\/div>\n\t\t\t\t<\/div>\n\t\t<div class=\"elementor-element elementor-element-d869368 e-con-full e-flex e-con e-child\" data-id=\"d869368\" data-element_type=\"container\">\n\t\t\t\t<div class=\"elementor-element elementor-element-70076ee elementor-widget elementor-widget-counter\" data-id=\"70076ee\" data-element_type=\"widget\" data-widget_type=\"counter.default\">\n\t\t\t\t<div class=\"elementor-widget-container\">\n\t\t\t\t\t\t\t<div class=\"elementor-counter\">\n\t\t\t<div class=\"elementor-counter-title\">Pa\u00edses<\/div>\t\t\t<div class=\"elementor-counter-number-wrapper\">\n\t\t\t\t<span class=\"elementor-counter-number-prefix\"><\/span>\n\t\t\t\t<span class=\"elementor-counter-number\" data-duration=\"2000\" data-to-value=\"7\" data-from-value=\"0\">0<\/span>\n\t\t\t\t<span class=\"elementor-counter-number-suffix\"><\/span>\n\t\t\t<\/div>\n\t\t<\/div>\n\t\t\t\t\t\t<\/div>\n\t\t\t\t<\/div>\n\t\t\t\t<\/div>\n\t\t<div class=\"elementor-element elementor-element-4322d38 e-con-full e-flex e-con e-child\" data-id=\"4322d38\" data-element_type=\"container\">\n\t\t\t\t<div class=\"elementor-element elementor-element-229b84d elementor-widget elementor-widget-counter\" data-id=\"229b84d\" data-element_type=\"widget\" data-widget_type=\"counter.default\">\n\t\t\t\t<div class=\"elementor-widget-container\">\n\t\t\t\t\t\t\t<div class=\"elementor-counter\">\n\t\t\t<div class=\"elementor-counter-title\">Per\u00edodo de ejecuci\u00f3n<\/div>\t\t\t<div class=\"elementor-counter-number-wrapper\">\n\t\t\t\t<span class=\"elementor-counter-number-prefix\"><\/span>\n\t\t\t\t<span class=\"elementor-counter-number\" data-duration=\"2000\" data-to-value=\"4\" data-from-value=\"0\">0<\/span>\n\t\t\t\t<span class=\"elementor-counter-number-suffix\"> a\u00f1os<\/span>\n\t\t\t<\/div>\n\t\t<\/div>\n\t\t\t\t\t\t<\/div>\n\t\t\t\t<\/div>\n\t\t\t\t<\/div>\n\t\t<div class=\"elementor-element elementor-element-545ba55 e-con-full elementor-hidden-desktop elementor-hidden-tablet elementor-hidden-mobile e-flex e-con e-child\" data-id=\"545ba55\" data-element_type=\"container\">\n\t\t\t\t<div class=\"elementor-element elementor-element-c4be7c0 elementor-view-default elementor-position-top elementor-mobile-position-top elementor-widget elementor-widget-icon-box\" data-id=\"c4be7c0\" data-element_type=\"widget\" data-widget_type=\"icon-box.default\">\n\t\t\t\t<div class=\"elementor-widget-container\">\n\t\t\t\t\t\t\t<div class=\"elementor-icon-box-wrapper\">\n\n\t\t\t\t\t\t<div class=\"elementor-icon-box-icon\">\n\t\t\t\t<span  class=\"elementor-icon\">\n\t\t\t\t<svg aria-hidden=\"true\" class=\"e-font-icon-svg e-fas-book-open\" viewBox=\"0 0 576 512\" xmlns=\"http:\/\/www.w3.org\/2000\/svg\"><path d=\"M542.22 32.05c-54.8 3.11-163.72 14.43-230.96 55.59-4.64 2.84-7.27 7.89-7.27 13.17v363.87c0 11.55 12.63 18.85 23.28 13.49 69.18-34.82 169.23-44.32 218.7-46.92 16.89-.89 30.02-14.43 30.02-30.66V62.75c.01-17.71-15.35-31.74-33.77-30.7zM264.73 87.64C197.5 46.48 88.58 35.17 33.78 32.05 15.36 31.01 0 45.04 0 62.75V400.6c0 16.24 13.13 29.78 30.02 30.66 49.49 2.6 149.59 12.11 218.77 46.95 10.62 5.35 23.21-1.94 23.21-13.46V100.63c0-5.29-2.62-10.14-7.27-12.99z\"><\/path><\/svg>\t\t\t\t<\/span>\n\t\t\t<\/div>\n\t\t\t\n\t\t\t\t\t\t<div class=\"elementor-icon-box-content\">\n\n\t\t\t\t\t\t\t\t\t<p class=\"elementor-icon-box-title\">\n\t\t\t\t\t\t<span  >\n\t\t\t\t\t\t\tEsta es la cabecera\t\t\t\t\t\t<\/span>\n\t\t\t\t\t<\/p>\n\t\t\t\t\n\t\t\t\t\n\t\t\t<\/div>\n\t\t\t\n\t\t<\/div>\n\t\t\t\t\t\t<\/div>\n\t\t\t\t<\/div>\n\t\t\t\t<\/div>\n\t\t\t\t<\/div>\n\t\t\t\t\t<\/div>\n\t\t\t\t<\/div>\n\t\t<div class=\"elementor-element elementor-element-4d884f6 e-flex e-con-boxed e-con e-parent\" data-id=\"4d884f6\" data-element_type=\"container\" data-settings=\"{&quot;background_background&quot;:&quot;classic&quot;}\">\n\t\t\t\t\t<div class=\"e-con-inner\">\n\t\t\t\t<div class=\"elementor-element elementor-element-8755bac elementor-widget elementor-widget-heading\" data-id=\"8755bac\" data-element_type=\"widget\" data-widget_type=\"heading.default\">\n\t\t\t\t<div class=\"elementor-widget-container\">\n\t\t\t\t\t<h2 class=\"elementor-heading-title elementor-size-default\">Noticias recientes<\/h2>\t\t\t\t<\/div>\n\t\t\t\t<\/div>\n\t\t\t\t<div class=\"elementor-element elementor-element-99b4f70 elementor-grid-3 elementor-grid-tablet-2 elementor-grid-mobile-1 elementor-posts--thumbnail-top elementor-widget elementor-widget-posts\" data-id=\"99b4f70\" data-element_type=\"widget\" data-settings=\"{&quot;classic_row_gap&quot;:{&quot;unit&quot;:&quot;px&quot;,&quot;size&quot;:30,&quot;sizes&quot;:[]},&quot;classic_columns&quot;:&quot;3&quot;,&quot;classic_columns_tablet&quot;:&quot;2&quot;,&quot;classic_columns_mobile&quot;:&quot;1&quot;,&quot;classic_row_gap_tablet&quot;:{&quot;unit&quot;:&quot;px&quot;,&quot;size&quot;:&quot;&quot;,&quot;sizes&quot;:[]},&quot;classic_row_gap_mobile&quot;:{&quot;unit&quot;:&quot;px&quot;,&quot;size&quot;:&quot;&quot;,&quot;sizes&quot;:[]}}\" data-widget_type=\"posts.classic\">\n\t\t\t\t<div class=\"elementor-widget-container\">\n\t\t\t\t\t\t\t<div class=\"elementor-posts-container elementor-posts elementor-posts--skin-classic elementor-grid\">\n\t\t\t\t<article class=\"elementor-post elementor-grid-item post-10292 post type-post status-publish format-standard has-post-thumbnail hentry category-noticias category-noticias-cbw\">\n\t\t\t\t<a class=\"elementor-post__thumbnail__link\" href=\"https:\/\/grapebreed4ipm.com\/es\/innovacion-para-una-viticultura-sostenible-actores-suizos-debaten-el-potencial-de-las-variedades-piwi\/\" tabindex=\"-1\" >\n\t\t\t<div class=\"elementor-post__thumbnail\"><img fetchpriority=\"high\" decoding=\"async\" width=\"768\" height=\"432\" src=\"https:\/\/grapebreed4ipm.com\/wp-content\/uploads\/2026\/03\/Switzerland-768x432.jpeg\" class=\"attachment-medium_large size-medium_large wp-image-10284\" alt=\"\" srcset=\"https:\/\/grapebreed4ipm.com\/wp-content\/uploads\/2026\/03\/Switzerland-768x432.jpeg 768w, https:\/\/grapebreed4ipm.com\/wp-content\/uploads\/2026\/03\/Switzerland-300x169.jpeg 300w, https:\/\/grapebreed4ipm.com\/wp-content\/uploads\/2026\/03\/Switzerland-1024x576.jpeg 1024w, https:\/\/grapebreed4ipm.com\/wp-content\/uploads\/2026\/03\/Switzerland.jpeg 1182w\" sizes=\"(max-width: 768px) 100vw, 768px\" \/><\/div>\n\t\t<\/a>\n\t\t\t\t<div class=\"elementor-post__text\">\n\t\t\t\t<h3 class=\"elementor-post__title\">\n\t\t\t<a href=\"https:\/\/grapebreed4ipm.com\/es\/innovacion-para-una-viticultura-sostenible-actores-suizos-debaten-el-potencial-de-las-variedades-piwi\/\" >\n\t\t\t\tInnovaci\u00f3n para una viticultura sostenible: actores suizos debaten el potencial de las variedades PIWI\t\t\t<\/a>\n\t\t<\/h3>\n\t\t\t\t<div class=\"elementor-post__meta-data\">\n\t\t\t\t\t<span class=\"elementor-post-date\">\n\t\t\tmarzo 23, 2026\t\t<\/span>\n\t\t\t\t<\/div>\n\t\t\t\t<div class=\"elementor-post__excerpt\">\n\t\t\t<p>La transici\u00f3n hacia una viticultura m\u00e1s sostenible est\u00e1 ganando impulso en toda Europa. Las variedades de uva resistentes a hongos, conocidas como PIWI, se consideran cada vez m\u00e1s una v\u00eda prometedora para reducir el uso de productos qu\u00edmicos para la protecci\u00f3n de las plantas, manteniendo al mismo tiempo la productividad<\/p>\n\t\t<\/div>\n\t\t\t\t\t<div class=\"elementor-post__read-more-wrapper\">\n\t\t\n\t\t<a class=\"elementor-post__read-more\" href=\"https:\/\/grapebreed4ipm.com\/es\/innovacion-para-una-viticultura-sostenible-actores-suizos-debaten-el-potencial-de-las-variedades-piwi\/\" aria-label=\"Read more about Innovaci\u00f3n para una viticultura sostenible: actores suizos debaten el potencial de las variedades PIWI\" tabindex=\"-1\" >\n\t\t\tLeer m\u00e1s \u00bb\t\t<\/a>\n\n\t\t\t\t\t<\/div>\n\t\t\t\t<\/div>\n\t\t\t\t<\/article>\n\t\t\t\t<article class=\"elementor-post elementor-grid-item post-10275 post type-post status-publish format-standard has-post-thumbnail hentry category-noticias category-noticias-cbw\">\n\t\t\t\t<a class=\"elementor-post__thumbnail__link\" href=\"https:\/\/grapebreed4ipm.com\/es\/expertos-del-vino-franceses-debaten-el-futuro-de-las-variedades-de-uva-resistentes\/\" tabindex=\"-1\" >\n\t\t\t<div class=\"elementor-post__thumbnail\"><img decoding=\"async\" width=\"768\" height=\"576\" src=\"https:\/\/grapebreed4ipm.com\/wp-content\/uploads\/2026\/03\/Francia-768x576.jpeg\" class=\"attachment-medium_large size-medium_large wp-image-10269\" alt=\"\" srcset=\"https:\/\/grapebreed4ipm.com\/wp-content\/uploads\/2026\/03\/Francia-768x576.jpeg 768w, https:\/\/grapebreed4ipm.com\/wp-content\/uploads\/2026\/03\/Francia-300x225.jpeg 300w, https:\/\/grapebreed4ipm.com\/wp-content\/uploads\/2026\/03\/Francia-1024x768.jpeg 1024w, https:\/\/grapebreed4ipm.com\/wp-content\/uploads\/2026\/03\/Francia.jpeg 1210w\" sizes=\"(max-width: 768px) 100vw, 768px\" \/><\/div>\n\t\t<\/a>\n\t\t\t\t<div class=\"elementor-post__text\">\n\t\t\t\t<h3 class=\"elementor-post__title\">\n\t\t\t<a href=\"https:\/\/grapebreed4ipm.com\/es\/expertos-del-vino-franceses-debaten-el-futuro-de-las-variedades-de-uva-resistentes\/\" >\n\t\t\t\tExpertos del vino franceses debaten el futuro de las variedades de uva resistentes\t\t\t<\/a>\n\t\t<\/h3>\n\t\t\t\t<div class=\"elementor-post__meta-data\">\n\t\t\t\t\t<span class=\"elementor-post-date\">\n\t\t\tmarzo 23, 2026\t\t<\/span>\n\t\t\t\t<\/div>\n\t\t\t\t<div class=\"elementor-post__excerpt\">\n\t\t\t<p>Como parte del proyecto GrapeBreed4IPM, equipos de investigaci\u00f3n de toda Europa est\u00e1n explorando estrategias para fortalecer la percepci\u00f3n y la aceptaci\u00f3n en el mercado de los vinos producidos a partir de variedades de uva resistentes a hongos conocidas como PIWI. Estas variedades contribuyen significativamente a una viticultura m\u00e1s sostenible al<\/p>\n\t\t<\/div>\n\t\t\t\t\t<div class=\"elementor-post__read-more-wrapper\">\n\t\t\n\t\t<a class=\"elementor-post__read-more\" href=\"https:\/\/grapebreed4ipm.com\/es\/expertos-del-vino-franceses-debaten-el-futuro-de-las-variedades-de-uva-resistentes\/\" aria-label=\"Read more about Expertos del vino franceses debaten el futuro de las variedades de uva resistentes\" tabindex=\"-1\" >\n\t\t\tLeer m\u00e1s \u00bb\t\t<\/a>\n\n\t\t\t\t\t<\/div>\n\t\t\t\t<\/div>\n\t\t\t\t<\/article>\n\t\t\t\t<article class=\"elementor-post elementor-grid-item post-10259 post type-post status-publish format-standard has-post-thumbnail hentry category-noticias category-noticias-cbw\">\n\t\t\t\t<a class=\"elementor-post__thumbnail__link\" href=\"https:\/\/grapebreed4ipm.com\/es\/disenando-vias-de-mercado-para-los-vinos-piwi-actores-se-reunen-en-italia\/\" tabindex=\"-1\" >\n\t\t\t<div class=\"elementor-post__thumbnail\"><img decoding=\"async\" width=\"768\" height=\"432\" src=\"https:\/\/grapebreed4ipm.com\/wp-content\/uploads\/2026\/03\/Italia-768x432.jpeg\" class=\"attachment-medium_large size-medium_large wp-image-10253\" alt=\"\" srcset=\"https:\/\/grapebreed4ipm.com\/wp-content\/uploads\/2026\/03\/Italia-768x432.jpeg 768w, https:\/\/grapebreed4ipm.com\/wp-content\/uploads\/2026\/03\/Italia-300x169.jpeg 300w, https:\/\/grapebreed4ipm.com\/wp-content\/uploads\/2026\/03\/Italia-1024x576.jpeg 1024w, https:\/\/grapebreed4ipm.com\/wp-content\/uploads\/2026\/03\/Italia.jpeg 1182w\" sizes=\"(max-width: 768px) 100vw, 768px\" \/><\/div>\n\t\t<\/a>\n\t\t\t\t<div class=\"elementor-post__text\">\n\t\t\t\t<h3 class=\"elementor-post__title\">\n\t\t\t<a href=\"https:\/\/grapebreed4ipm.com\/es\/disenando-vias-de-mercado-para-los-vinos-piwi-actores-se-reunen-en-italia\/\" >\n\t\t\t\tDise\u00f1ando v\u00edas de mercado para los vinos PIWI: actores se re\u00fanen en Italia\t\t\t<\/a>\n\t\t<\/h3>\n\t\t\t\t<div class=\"elementor-post__meta-data\">\n\t\t\t\t\t<span class=\"elementor-post-date\">\n\t\t\tmarzo 23, 2026\t\t<\/span>\n\t\t\t\t<\/div>\n\t\t\t\t<div class=\"elementor-post__excerpt\">\n\t\t\t<p>Como parte del proyecto GrapeBreed4IPM, el trabajo avanza en toda Europa para explorar estrategias que puedan mejorar la percepci\u00f3n y la aceptaci\u00f3n en el mercado de los vinos elaborados a partir de variedades de uva resistentes a hongos conocidas como PIWI. Estas variedades desempe\u00f1an un papel importante en el avance<\/p>\n\t\t<\/div>\n\t\t\t\t\t<div class=\"elementor-post__read-more-wrapper\">\n\t\t\n\t\t<a class=\"elementor-post__read-more\" href=\"https:\/\/grapebreed4ipm.com\/es\/disenando-vias-de-mercado-para-los-vinos-piwi-actores-se-reunen-en-italia\/\" aria-label=\"Read more about Dise\u00f1ando v\u00edas de mercado para los vinos PIWI: actores se re\u00fanen en Italia\" tabindex=\"-1\" >\n\t\t\tLeer m\u00e1s \u00bb\t\t<\/a>\n\n\t\t\t\t\t<\/div>\n\t\t\t\t<\/div>\n\t\t\t\t<\/article>\n\t\t\t\t<\/div>\n\t\t\n\t\t\t\t\t\t<\/div>\n\t\t\t\t<\/div>\n\t\t\t\t\t<\/div>\n\t\t\t\t<\/div>\n\t\t<div class=\"elementor-element elementor-element-6d25249 e-flex e-con-boxed e-con e-parent\" data-id=\"6d25249\" data-element_type=\"container\">\n\t\t\t\t\t<div class=\"e-con-inner\">\n\t\t\t\t<div class=\"elementor-element elementor-element-ff6dff0 elementor-widget elementor-widget-heading\" data-id=\"ff6dff0\" data-element_type=\"widget\" data-widget_type=\"heading.default\">\n\t\t\t\t<div class=\"elementor-widget-container\">\n\t\t\t\t\t<p class=\"elementor-heading-title elementor-size-default\"><a href=\"http:\/\/grapebreed4ipm.com\/news\/\">M\u00e1s noticias \u00bb<\/a><\/p>\t\t\t\t<\/div>\n\t\t\t\t<\/div>\n\t\t\t\t\t<\/div>\n\t\t\t\t<\/div>\n\t\t\t\t<\/div>\n\t\t","protected":false},"excerpt":{"rendered":"<p>Desarrollo de soluciones sostenibles para la viticultura a trav\u00e9s de la innovaci\u00f3n multi-actor orientada a la mejora gen\u00e9tica para la gesti\u00f3n integrada de plagas Impulsar la viticultura sostenible en un mundo cambiante con variedades resistentes a enfermedades Financiado por la Uni\u00f3n Europea (GrapeBreed4IPM, n\u00famero de subvenci\u00f3n 101.132.223). Los puntos de vista y opiniones expresados son, [&hellip;]<\/p>\n","protected":false},"author":1,"featured_media":0,"parent":0,"menu_order":0,"comment_status":"closed","ping_status":"closed","template":"","meta":{"site-sidebar-layout":"no-sidebar","site-content-layout":"page-builder","ast-site-content-layout":"","site-content-style":"default","site-sidebar-style":"default","ast-global-header-display":"","ast-banner-title-visibility":"","ast-main-header-display":"","ast-hfb-above-header-display":"","ast-hfb-below-header-display":"","ast-hfb-mobile-header-display":"","site-post-title":"disabled","ast-breadcrumbs-content":"","ast-featured-img":"disabled","footer-sml-layout":"","theme-transparent-header-meta":"enabled","adv-header-id-meta":"","stick-header-meta":"","header-above-stick-meta":"","header-main-stick-meta":"","header-below-stick-meta":"","astra-migrate-meta-layouts":"default","ast-page-background-enabled":"default","ast-page-background-meta":{"desktop":{"background-color":"","background-image":"","background-repeat":"repeat","background-position":"center center","background-size":"auto","background-attachment":"scroll","background-type":"","background-media":"","overlay-type":"","overlay-color":"","overlay-opacity":"","overlay-gradient":""},"tablet":{"background-color":"","background-image":"","background-repeat":"repeat","background-position":"center center","background-size":"auto","background-attachment":"scroll","background-type":"","background-media":"","overlay-type":"","overlay-color":"","overlay-opacity":"","overlay-gradient":""},"mobile":{"background-color":"","background-image":"","background-repeat":"repeat","background-position":"center center","background-size":"auto","background-attachment":"scroll","background-type":"","background-media":"","overlay-type":"","overlay-color":"","overlay-opacity":"","overlay-gradient":""}},"ast-content-background-meta":{"desktop":{"background-color":"var(--ast-global-color-5)","background-image":"","background-repeat":"repeat","background-position":"center center","background-size":"auto","background-attachment":"scroll","background-type":"","background-media":"","overlay-type":"","overlay-color":"","overlay-opacity":"","overlay-gradient":""},"tablet":{"background-color":"var(--ast-global-color-5)","background-image":"","background-repeat":"repeat","background-position":"center center","background-size":"auto","background-attachment":"scroll","background-type":"","background-media":"","overlay-type":"","overlay-color":"","overlay-opacity":"","overlay-gradient":""},"mobile":{"background-color":"var(--ast-global-color-5)","background-image":"","background-repeat":"repeat","background-position":"center center","background-size":"auto","background-attachment":"scroll","background-type":"","background-media":"","overlay-type":"","overlay-color":"","overlay-opacity":"","overlay-gradient":""}},"footnotes":""},"class_list":["post-4485","page","type-page","status-publish","hentry"],"_links":{"self":[{"href":"https:\/\/grapebreed4ipm.com\/es\/wp-json\/wp\/v2\/pages\/4485","targetHints":{"allow":["GET"]}}],"collection":[{"href":"https:\/\/grapebreed4ipm.com\/es\/wp-json\/wp\/v2\/pages"}],"about":[{"href":"https:\/\/grapebreed4ipm.com\/es\/wp-json\/wp\/v2\/types\/page"}],"author":[{"embeddable":true,"href":"https:\/\/grapebreed4ipm.com\/es\/wp-json\/wp\/v2\/users\/1"}],"replies":[{"embeddable":true,"href":"https:\/\/grapebreed4ipm.com\/es\/wp-json\/wp\/v2\/comments?post=4485"}],"version-history":[{"count":67,"href":"https:\/\/grapebreed4ipm.com\/es\/wp-json\/wp\/v2\/pages\/4485\/revisions"}],"predecessor-version":[{"id":7509,"href":"https:\/\/grapebreed4ipm.com\/es\/wp-json\/wp\/v2\/pages\/4485\/revisions\/7509"}],"wp:attachment":[{"href":"https:\/\/grapebreed4ipm.com\/es\/wp-json\/wp\/v2\/media?parent=4485"}],"curies":[{"name":"wp","href":"https:\/\/api.w.org\/{rel}","templated":true}]}}