{"id":4487,"date":"2024-12-16T14:06:46","date_gmt":"2024-12-16T14:06:46","guid":{"rendered":"http:\/\/grapebreed4ipm.com\/grapebreed4ipm\/"},"modified":"2025-02-18T21:41:12","modified_gmt":"2025-02-18T21:41:12","slug":"grapebreed4ipm","status":"publish","type":"page","link":"https:\/\/grapebreed4ipm.com\/es\/grapebreed4ipm\/","title":{"rendered":"GrapeBreed4IPM"},"content":{"rendered":"\t\t<div data-elementor-type=\"wp-post\" data-elementor-id=\"4487\" class=\"elementor elementor-4487 elementor-659\" data-elementor-post-type=\"page\">\n\t\t\t\t<div class=\"elementor-element elementor-element-9eac3dd e-flex e-con-boxed e-con e-parent\" data-id=\"9eac3dd\" data-element_type=\"container\" data-settings=\"{&quot;background_background&quot;:&quot;classic&quot;}\">\n\t\t\t\t\t<div class=\"e-con-inner\">\n\t\t<div class=\"elementor-element elementor-element-97c4e6e e-con-full e-flex e-con e-child\" data-id=\"97c4e6e\" data-element_type=\"container\">\n\t\t\t\t<div class=\"elementor-element elementor-element-e74321d elementor-widget elementor-widget-heading\" data-id=\"e74321d\" data-element_type=\"widget\" data-widget_type=\"heading.default\">\n\t\t\t\t<div class=\"elementor-widget-container\">\n\t\t\t\t\t<h5 class=\"elementor-heading-title elementor-size-default\">El proyecto<\/h5>\t\t\t\t<\/div>\n\t\t\t\t<\/div>\n\t\t\t\t<div class=\"elementor-element elementor-element-6c44d11 elementor-widget elementor-widget-heading\" data-id=\"6c44d11\" data-element_type=\"widget\" data-widget_type=\"heading.default\">\n\t\t\t\t<div class=\"elementor-widget-container\">\n\t\t\t\t\t<h1 class=\"elementor-heading-title elementor-size-default\">GrapeBreed4IPM<\/h1>\t\t\t\t<\/div>\n\t\t\t\t<\/div>\n\t\t\t\t<\/div>\n\t\t\t\t\t<\/div>\n\t\t\t\t<\/div>\n\t\t<div class=\"elementor-element elementor-element-8297cfa e-flex e-con-boxed e-con e-parent\" data-id=\"8297cfa\" data-element_type=\"container\" data-settings=\"{&quot;background_background&quot;:&quot;classic&quot;}\">\n\t\t\t\t\t<div class=\"e-con-inner\">\n\t\t<div class=\"elementor-element elementor-element-3889d80 e-con-full e-flex e-con e-child\" data-id=\"3889d80\" data-element_type=\"container\">\n\t\t\t\t<div class=\"elementor-element elementor-element-717dbb5 elementor-widget elementor-widget-heading\" data-id=\"717dbb5\" data-element_type=\"widget\" data-widget_type=\"heading.default\">\n\t\t\t\t<div class=\"elementor-widget-container\">\n\t\t\t\t\t<h3 class=\"elementor-heading-title elementor-size-default\">El proyecto<\/h3>\t\t\t\t<\/div>\n\t\t\t\t<\/div>\n\t\t\t\t<div class=\"elementor-element elementor-element-9d2dae1 elementor-widget-divider--view-line elementor-widget elementor-widget-divider\" data-id=\"9d2dae1\" data-element_type=\"widget\" data-widget_type=\"divider.default\">\n\t\t\t\t<div class=\"elementor-widget-container\">\n\t\t\t\t\t\t\t<div class=\"elementor-divider\">\n\t\t\t<span class=\"elementor-divider-separator\">\n\t\t\t\t\t\t<\/span>\n\t\t<\/div>\n\t\t\t\t\t\t<\/div>\n\t\t\t\t<\/div>\n\t\t\t\t<\/div>\n\t\t<div class=\"elementor-element elementor-element-4ac8d54 e-con-full e-flex e-con e-child\" data-id=\"4ac8d54\" data-element_type=\"container\">\n\t\t\t\t<div class=\"elementor-element elementor-element-c6fc8e2 elementor-widget elementor-widget-text-editor\" data-id=\"c6fc8e2\" data-element_type=\"widget\" data-widget_type=\"text-editor.default\">\n\t\t\t\t<div class=\"elementor-widget-container\">\n\t\t\t\t\t\t\t\t\t<p>El uso excesivo de pesticidas qu\u00edmicos en la agricultura es uno de los principales factores de la p\u00e9rdida de biodiversidad y representa una amenaza para la estabilidad de los ecosistemas. La viticultura es uno de los cultivos con mayor dependencia de pesticidas, convirti\u00e9ndolo en un sector clave para reducir los insumos qu\u00edmicos. Las vides tienen una enorme importancia econ\u00f3mica y cultural, situando al vino entre los tres principales sectores agroalimentarios de la UE. GrapeBreed4IPM utiliza los m\u00e1s recientes avances en la mejora vit\u00edcola para abordar este desaf\u00edo, con el objetivo de reducir significativamente el uso de fungicidas a la par que se protege la biodiversidad. Al reunir a los principales grupos de investigaci\u00f3n europeos y al involucrar a las partes interesadas en la cadena de valor de la vid, el proyecto adopta un enfoque multi-actor y de co-dise\u00f1o para ofrecer soluciones innovadoras y de gran impacto para una viticultura sostenible.<\/p>\t\t\t\t\t\t\t\t<\/div>\n\t\t\t\t<\/div>\n\t\t\t\t<\/div>\n\t\t\t\t\t<\/div>\n\t\t\t\t<\/div>\n\t\t<div class=\"elementor-element elementor-element-8986b42 e-flex e-con-boxed e-con e-parent\" data-id=\"8986b42\" data-element_type=\"container\" data-settings=\"{&quot;background_background&quot;:&quot;classic&quot;}\">\n\t\t\t\t\t<div class=\"e-con-inner\">\n\t\t<div class=\"elementor-element elementor-element-36b0e59 e-con-full e-flex e-con e-child\" data-id=\"36b0e59\" data-element_type=\"container\" data-settings=\"{&quot;background_background&quot;:&quot;classic&quot;}\">\n\t\t\t\t<div class=\"elementor-element elementor-element-f784b29 elementor-widget elementor-widget-heading\" data-id=\"f784b29\" data-element_type=\"widget\" data-widget_type=\"heading.default\">\n\t\t\t\t<div class=\"elementor-widget-container\">\n\t\t\t\t\t<h4 class=\"elementor-heading-title elementor-size-default\">Objetivo general<\/h4>\t\t\t\t<\/div>\n\t\t\t\t<\/div>\n\t\t\t\t<div class=\"elementor-element elementor-element-33bd2be elementor-widget-divider--view-line elementor-widget elementor-widget-divider\" data-id=\"33bd2be\" data-element_type=\"widget\" data-widget_type=\"divider.default\">\n\t\t\t\t<div class=\"elementor-widget-container\">\n\t\t\t\t\t\t\t<div class=\"elementor-divider\">\n\t\t\t<span class=\"elementor-divider-separator\">\n\t\t\t\t\t\t<\/span>\n\t\t<\/div>\n\t\t\t\t\t\t<\/div>\n\t\t\t\t<\/div>\n\t\t\t\t<div class=\"elementor-element elementor-element-3ab5e7f elementor-widget elementor-widget-text-editor\" data-id=\"3ab5e7f\" data-element_type=\"widget\" data-widget_type=\"text-editor.default\">\n\t\t\t\t<div class=\"elementor-widget-container\">\n\t\t\t\t\t\t\t\t\t<p>El proyecto tiene como objetivo desarrollar variedades de vid con una resistencia robusta a las principales enfermedades, adaptadas a las condiciones ambientales y pedoclim\u00e1ticas locales, reduciendo de esta forma significativamente la necesidad de pesticidas qu\u00edmicos. M\u00e1s all\u00e1 de la mejora, proporcionar\u00e1 a los agricultores, viticultores y asesores las mejores pr\u00e1cticas y directrices para la gesti\u00f3n integrada de plagas (IPM) especialmente dise\u00f1adas para variedades resistentes a enfermedades, fomentando una adopci\u00f3n generalizada y promoviendo una viticultura sostenible en toda Europa. Estos esfuerzos promover\u00e1n una industria m\u00e1s respetuosa con el medio ambiente, aline\u00e1ndose con las normativas y expectativas de los consumidores en constante evoluci\u00f3n. Con el mercado de la vid proyectado para alcanzar casi 204 mil millones de euros para 2025, los resultados del proyecto posicionar\u00e1n al sector para prosperar de manera sostenible en un panorama global competitivo.   <\/p>\n\t\t\t\t\t\t\t\t<\/div>\n\t\t\t\t<\/div>\n\t\t\t\t<\/div>\n\t\t<div class=\"elementor-element elementor-element-c66dda1 e-con-full e-flex e-con e-child\" data-id=\"c66dda1\" data-element_type=\"container\" data-settings=\"{&quot;background_background&quot;:&quot;classic&quot;}\">\n\t\t\t\t<div class=\"elementor-element elementor-element-6a468ed elementor-widget elementor-widget-heading\" data-id=\"6a468ed\" data-element_type=\"widget\" data-widget_type=\"heading.default\">\n\t\t\t\t<div class=\"elementor-widget-container\">\n\t\t\t\t\t<h4 class=\"elementor-heading-title elementor-size-default\">Objetivos espec\u00edficos del proyecto<\/h4>\t\t\t\t<\/div>\n\t\t\t\t<\/div>\n\t\t\t\t<div class=\"elementor-element elementor-element-ab9088f elementor-widget-divider--view-line elementor-widget elementor-widget-divider\" data-id=\"ab9088f\" data-element_type=\"widget\" data-widget_type=\"divider.default\">\n\t\t\t\t<div class=\"elementor-widget-container\">\n\t\t\t\t\t\t\t<div class=\"elementor-divider\">\n\t\t\t<span class=\"elementor-divider-separator\">\n\t\t\t\t\t\t<\/span>\n\t\t<\/div>\n\t\t\t\t\t\t<\/div>\n\t\t\t\t<\/div>\n\t\t\t\t<div class=\"elementor-element elementor-element-db2a66d elementor-widget elementor-widget-text-editor\" data-id=\"db2a66d\" data-element_type=\"widget\" data-widget_type=\"text-editor.default\">\n\t\t\t\t<div class=\"elementor-widget-container\">\n\t\t\t\t\t\t\t\t\t<ol type=\"I\">\n<li type=\"I\">Co-dise\u00f1o con la cadena de valor de la viticultura.<\/li>\n<li type=\"I\">Desarrollo de procesos de selecci\u00f3n y mejora gen\u00e9tica m\u00e1s r\u00e1pidos y optimizados, permitiendo tambi\u00e9n prepararse para enfermedades emergentes.<\/li>\n<li type=\"I\">Mejora de variedades resistentes con productividad \u00f3ptima y calidad enol\u00f3gica.<\/li>\n<li type=\"I\">Desarrollo de directrices y herramientas para promover la implementaci\u00f3n.<\/li>\n<li type=\"I\">Capacitaci\u00f3n y aumento de la concienciaci\u00f3n general sobre los beneficios de las variedades resistentes a las enfermedades.<\/li>\n<\/ol>\n\t\t\t\t\t\t\t\t<\/div>\n\t\t\t\t<\/div>\n\t\t\t\t<\/div>\n\t\t\t\t\t<\/div>\n\t\t\t\t<\/div>\n\t\t<div class=\"elementor-element elementor-element-5cc8296 e-con-full e-flex e-con e-parent\" data-id=\"5cc8296\" data-element_type=\"container\">\n\t\t<div class=\"elementor-element elementor-element-21d354d e-con-full e-flex e-con e-child\" data-id=\"21d354d\" data-element_type=\"container\" data-settings=\"{&quot;background_background&quot;:&quot;classic&quot;}\">\n\t\t\t\t<div class=\"elementor-element elementor-element-84ec67f elementor-widget elementor-widget-image\" data-id=\"84ec67f\" data-element_type=\"widget\" data-widget_type=\"image.default\">\n\t\t\t\t<div class=\"elementor-widget-container\">\n\t\t\t\t\t\t\t\t\t\t\t\t\t\t\t<img fetchpriority=\"high\" decoding=\"async\" width=\"987\" height=\"486\" src=\"https:\/\/grapebreed4ipm.com\/wp-content\/uploads\/2025\/02\/NEWGrapeBreed4IPM-2.jpg\" class=\"attachment-large size-large wp-image-6006\" alt=\"GrapeBreed4IPM\" srcset=\"https:\/\/grapebreed4ipm.com\/wp-content\/uploads\/2025\/02\/NEWGrapeBreed4IPM-2.jpg 987w, https:\/\/grapebreed4ipm.com\/wp-content\/uploads\/2025\/02\/NEWGrapeBreed4IPM-2-300x148.jpg 300w, https:\/\/grapebreed4ipm.com\/wp-content\/uploads\/2025\/02\/NEWGrapeBreed4IPM-2-768x378.jpg 768w\" sizes=\"(max-width: 987px) 100vw, 987px\" \/>\t\t\t\t\t\t\t\t\t\t\t\t\t\t\t<\/div>\n\t\t\t\t<\/div>\n\t\t\t\t<\/div>\n\t\t<div class=\"elementor-element elementor-element-5f5a69f e-con-full e-flex e-con e-child\" data-id=\"5f5a69f\" data-element_type=\"container\" data-settings=\"{&quot;background_background&quot;:&quot;classic&quot;}\">\n\t\t\t\t<div class=\"elementor-element elementor-element-8e63b0a elementor-widget elementor-widget-image\" data-id=\"8e63b0a\" data-element_type=\"widget\" data-widget_type=\"image.default\">\n\t\t\t\t<div class=\"elementor-widget-container\">\n\t\t\t\t\t\t\t\t\t\t\t\t\t\t\t<img decoding=\"async\" width=\"988\" height=\"487\" src=\"https:\/\/grapebreed4ipm.com\/wp-content\/uploads\/2025\/02\/Condrieux-3_INRAE-V-Dumas.jpg\" class=\"attachment-large size-large wp-image-6508\" alt=\"Condrieux-3_INRAE-V Dumas\" srcset=\"https:\/\/grapebreed4ipm.com\/wp-content\/uploads\/2025\/02\/Condrieux-3_INRAE-V-Dumas.jpg 988w, https:\/\/grapebreed4ipm.com\/wp-content\/uploads\/2025\/02\/Condrieux-3_INRAE-V-Dumas-300x148.jpg 300w, https:\/\/grapebreed4ipm.com\/wp-content\/uploads\/2025\/02\/Condrieux-3_INRAE-V-Dumas-768x379.jpg 768w\" sizes=\"(max-width: 988px) 100vw, 988px\" \/>\t\t\t\t\t\t\t\t\t\t\t\t\t\t\t<\/div>\n\t\t\t\t<\/div>\n\t\t\t\t<\/div>\n\t\t\t\t<\/div>\n\t\t\t\t<\/div>\n\t\t","protected":false},"excerpt":{"rendered":"<p>El proyecto GrapeBreed4IPM El proyecto El uso excesivo de pesticidas qu\u00edmicos en la agricultura es uno de los principales factores de la p\u00e9rdida de biodiversidad y representa una amenaza para la estabilidad de los ecosistemas. La viticultura es uno de los cultivos con mayor dependencia de pesticidas, convirti\u00e9ndolo en un sector clave para reducir los [&hellip;]<\/p>\n","protected":false},"author":1,"featured_media":0,"parent":0,"menu_order":0,"comment_status":"closed","ping_status":"closed","template":"","meta":{"site-sidebar-layout":"no-sidebar","site-content-layout":"page-builder","ast-site-content-layout":"full-width-container","site-content-style":"unboxed","site-sidebar-style":"unboxed","ast-global-header-display":"","ast-banner-title-visibility":"","ast-main-header-display":"","ast-hfb-above-header-display":"","ast-hfb-below-header-display":"","ast-hfb-mobile-header-display":"","site-post-title":"disabled","ast-breadcrumbs-content":"","ast-featured-img":"disabled","footer-sml-layout":"","theme-transparent-header-meta":"enabled","adv-header-id-meta":"","stick-header-meta":"","header-above-stick-meta":"","header-main-stick-meta":"","header-below-stick-meta":"","astra-migrate-meta-layouts":"default","ast-page-background-enabled":"default","ast-page-background-meta":{"desktop":{"background-color":"","background-image":"","background-repeat":"repeat","background-position":"center center","background-size":"auto","background-attachment":"scroll","background-type":"","background-media":"","overlay-type":"","overlay-color":"","overlay-opacity":"","overlay-gradient":""},"tablet":{"background-color":"","background-image":"","background-repeat":"repeat","background-position":"center center","background-size":"auto","background-attachment":"scroll","background-type":"","background-media":"","overlay-type":"","overlay-color":"","overlay-opacity":"","overlay-gradient":""},"mobile":{"background-color":"","background-image":"","background-repeat":"repeat","background-position":"center center","background-size":"auto","background-attachment":"scroll","background-type":"","background-media":"","overlay-type":"","overlay-color":"","overlay-opacity":"","overlay-gradient":""}},"ast-content-background-meta":{"desktop":{"background-color":"var(--ast-global-color-5)","background-image":"","background-repeat":"repeat","background-position":"center center","background-size":"auto","background-attachment":"scroll","background-type":"","background-media":"","overlay-type":"","overlay-color":"","overlay-opacity":"","overlay-gradient":""},"tablet":{"background-color":"var(--ast-global-color-5)","background-image":"","background-repeat":"repeat","background-position":"center center","background-size":"auto","background-attachment":"scroll","background-type":"","background-media":"","overlay-type":"","overlay-color":"","overlay-opacity":"","overlay-gradient":""},"mobile":{"background-color":"var(--ast-global-color-5)","background-image":"","background-repeat":"repeat","background-position":"center center","background-size":"auto","background-attachment":"scroll","background-type":"","background-media":"","overlay-type":"","overlay-color":"","overlay-opacity":"","overlay-gradient":""}},"footnotes":""},"class_list":["post-4487","page","type-page","status-publish","hentry"],"_links":{"self":[{"href":"https:\/\/grapebreed4ipm.com\/es\/wp-json\/wp\/v2\/pages\/4487","targetHints":{"allow":["GET"]}}],"collection":[{"href":"https:\/\/grapebreed4ipm.com\/es\/wp-json\/wp\/v2\/pages"}],"about":[{"href":"https:\/\/grapebreed4ipm.com\/es\/wp-json\/wp\/v2\/types\/page"}],"author":[{"embeddable":true,"href":"https:\/\/grapebreed4ipm.com\/es\/wp-json\/wp\/v2\/users\/1"}],"replies":[{"embeddable":true,"href":"https:\/\/grapebreed4ipm.com\/es\/wp-json\/wp\/v2\/comments?post=4487"}],"version-history":[{"count":25,"href":"https:\/\/grapebreed4ipm.com\/es\/wp-json\/wp\/v2\/pages\/4487\/revisions"}],"predecessor-version":[{"id":6523,"href":"https:\/\/grapebreed4ipm.com\/es\/wp-json\/wp\/v2\/pages\/4487\/revisions\/6523"}],"wp:attachment":[{"href":"https:\/\/grapebreed4ipm.com\/es\/wp-json\/wp\/v2\/media?parent=4487"}],"curies":[{"name":"wp","href":"https:\/\/api.w.org\/{rel}","templated":true}]}}