{"id":5319,"date":"2024-12-26T16:39:46","date_gmt":"2024-12-26T16:39:46","guid":{"rendered":"http:\/\/grapebreed4ipm.com\/politique-de-cookies\/"},"modified":"2025-02-21T02:18:53","modified_gmt":"2025-02-21T02:18:53","slug":"politique-de-cookies","status":"publish","type":"page","link":"https:\/\/grapebreed4ipm.com\/fr\/politique-de-cookies\/","title":{"rendered":"Politique de cookies"},"content":{"rendered":"\t\t<div data-elementor-type=\"wp-post\" data-elementor-id=\"5319\" class=\"elementor elementor-5319 elementor-3152\" data-elementor-post-type=\"page\">\n\t\t\t\t<div class=\"elementor-element elementor-element-bdbcc94 e-flex e-con-boxed e-con e-parent\" data-id=\"bdbcc94\" data-element_type=\"container\" data-settings=\"{&quot;background_background&quot;:&quot;classic&quot;}\">\n\t\t\t\t\t<div class=\"e-con-inner\">\n\t\t<div class=\"elementor-element elementor-element-1eba78f e-con-full e-flex e-con e-child\" data-id=\"1eba78f\" data-element_type=\"container\">\n\t\t\t\t<div class=\"elementor-element elementor-element-0ecbb1e elementor-widget elementor-widget-heading\" data-id=\"0ecbb1e\" data-element_type=\"widget\" data-widget_type=\"heading.default\">\n\t\t\t\t<div class=\"elementor-widget-container\">\n\t\t\t\t\t<h5 class=\"elementor-heading-title elementor-size-default\">GrapeBreed 4 IPM<\/h5>\t\t\t\t<\/div>\n\t\t\t\t<\/div>\n\t\t\t\t<div class=\"elementor-element elementor-element-7cf5077 elementor-widget elementor-widget-heading\" data-id=\"7cf5077\" data-element_type=\"widget\" data-widget_type=\"heading.default\">\n\t\t\t\t<div class=\"elementor-widget-container\">\n\t\t\t\t\t<h1 class=\"elementor-heading-title elementor-size-default\">Politique de cookies<\/h1>\t\t\t\t<\/div>\n\t\t\t\t<\/div>\n\t\t\t\t<\/div>\n\t\t\t\t\t<\/div>\n\t\t\t\t<\/div>\n\t\t<div class=\"elementor-element elementor-element-724ac10 e-flex e-con-boxed e-con e-parent\" data-id=\"724ac10\" data-element_type=\"container\">\n\t\t\t\t\t<div class=\"e-con-inner\">\n\t\t\t\t<div class=\"elementor-element elementor-element-7f3fdc5 legales elementor-widget elementor-widget-text-editor\" data-id=\"7f3fdc5\" data-element_type=\"widget\" data-widget_type=\"text-editor.default\">\n\t\t\t\t<div class=\"elementor-widget-container\">\n\t\t\t\t\t\t\t\t\t<p>La Plataforma Tecnol\u00f3gica del Vino (ci-apr\u00e8s, PTV) est une association \u00e0 but non lucratif, ayant son si\u00e8ge social \u00e0 C\/ del Monte Esquinza, 28, 4\u00ba droite, 28010, Madrid, avec le num\u00e9ro d&rsquo;identification fiscale G-86766953, enregistr\u00e9e au Registre National des Associations, Section 1\u00aa Num\u00e9ro National 604371. Le but de notre Politique de Cookies est de vous informer de mani\u00e8re claire et compl\u00e8te sur le fonctionnement et l&rsquo;objectif des cookies utilis\u00e9s sur notre site web. Si vous souhaitez plus d&rsquo;informations sur les cookies, vous pouvez envoyer un e-mail \u00e0 secretaria@ptvino.com.<\/p><h3>Cookies<\/h3><p>Un cookie est un fichier qui est t\u00e9l\u00e9charg\u00e9 sur votre \u00e9quipement terminal\/dispositif (ordinateur ou appareil mobile) afin de stocker des donn\u00e9es qui peuvent \u00eatre mises \u00e0 jour et r\u00e9cup\u00e9r\u00e9es par l&rsquo;entit\u00e9 responsable de son installation. Notre site web utilise des &lsquo;cookies&rsquo; afin de recueillir des informations sur son fonctionnement et son utilisation par ses utilisateurs.<\/p><h4>Objectif<\/h4><p>Les cookies peuvent recueillir des informations sur vos visites sur notre site web, la fr\u00e9quence et la dur\u00e9e de vos visites, les pages consult\u00e9es et le temps pass\u00e9 sur notre site web. Veuillez noter que nous pouvons utiliser des cookies pour les objectifs suivants :<\/p><ul><li><p>Identifier des probl\u00e8mes afin d&rsquo;am\u00e9liorer notre site web.<\/p><\/li><li><p>Faciliter votre navigation sur notre site web.<\/p><\/li><li><p>Vous offrir une meilleure exp\u00e9rience lorsque vous utilisez notre site web.<\/p><\/li><li><p>Vous distinguer des autres utilisateurs.<\/p><\/li><li><p>Nous demandons \u00e9galement votre consentement pour utiliser des cookies afin de mieux conna\u00eetre vos pr\u00e9f\u00e9rences et personnaliser notre site web selon vos int\u00e9r\u00eats.<\/p><\/li><\/ul><h3>Types de cookies<\/h3><p>Notre site web utilise des cookies propres et des cookies tiers \u00e0 des fins diff\u00e9rentes, sp\u00e9cifiquement :<\/p><h4>Cookies internes<\/h4><p>Ces cookies sont envoy\u00e9s \u00e0 votre ordinateur et g\u00e9r\u00e9s exclusivement par nous pour le bon fonctionnement du site web. Ces cookies restent dans votre navigateur, nous permettant de vous identifier comme un utilisateur r\u00e9current du site web et de personnaliser son contenu afin de vous offrir un contenu adapt\u00e9 \u00e0 vos pr\u00e9f\u00e9rences.<\/p><h4>Cookies tiers<\/h4><p>Les cookies tiers sont ceux d\u00e9finis par un domaine autre que notre site web. Nous ne pouvons pas acc\u00e9der aux donn\u00e9es stock\u00e9es dans les cookies des autres sites web lorsque vous naviguez sur ces sites, comme c&rsquo;est le cas avec l&rsquo;acc\u00e8s aux r\u00e9seaux sociaux ou aux vid\u00e9os h\u00e9berg\u00e9es sur des sites web tiers.<\/p><h4>Cookies analytiques (tiers)<\/h4><p>Nous utilisons Google Analytics, un outil d&rsquo;analyse web de Google qui nous permet de savoir comment les utilisateurs interagissent avec notre site web. Il permet \u00e9galement de placer des cookies sur le domaine du site o\u00f9 se trouve l&rsquo;utilisateur et de les utiliser pour recueillir des informations anonymes et fournir des rapports sur les tendances du site web sans identifier les utilisateurs individuels. Plus d&rsquo;informations sur les cookies Google Analytics et leur fonctionnement peuvent \u00eatre trouv\u00e9es sur le site web : <a href=\"https:\/\/developers.google.com\/analytics\/devguides\/collection\/analyticsjs\/cookie-usage?hl=es\" target=\"_blank\" rel=\"noopener\">https:\/\/developers.google.com\/analytics\/devguides\/collection\/analyticsjs\/cookie-usage?hl=es<\/a><\/p><h3>Cookies utilis\u00e9s sur le site web<\/h3><h4>Cookies techniques<\/h4><p>Les cookies techniques sont essentiels au fonctionnement du site web, comme la gestion de l&rsquo;authentification ou le maintien d&rsquo;une session d&rsquo;utilisateur enregistr\u00e9 sur le site web. La d\u00e9sactivation de ces cookies peut emp\u00eacher le bon fonctionnement du site web.<\/p><h4>Cookies de r\u00e9seaux sociaux<\/h4><p>Afin de faciliter le partage de contenu du site web sur diff\u00e9rents r\u00e9seaux sociaux, des boutons sp\u00e9cifiques ont \u00e9t\u00e9 inclus. Ces boutons peuvent signifier que le r\u00e9seau social auquel ils renvoient installe des cookies qui, n&rsquo;\u00e9tant pas sous le contr\u00f4le de l&rsquo;Entreprise, peuvent avoir pour but de g\u00e9rer la connexion de l&rsquo;utilisateur sur le r\u00e9seau social, le maintien de cette session, ou l&rsquo;affichage du compteur sur le nombre de fois qu&rsquo;un certain contenu a \u00e9t\u00e9 partag\u00e9 sur chaque r\u00e9seau social. Nous recommandons aux utilisateurs de consulter r\u00e9guli\u00e8rement les politiques de confidentialit\u00e9 et de cookies de chaque r\u00e9seau social et, le cas \u00e9ch\u00e9ant, de modifier les param\u00e8tres de confidentialit\u00e9 de chacun d&rsquo;eux afin de limiter les objectifs de suivi qu&rsquo;ils peuvent effectuer et d&rsquo;ajuster ces param\u00e8tres \u00e0 leurs propres int\u00e9r\u00eats.<\/p><h4>Cookies publicitaires :<\/h4><p>Ce sont ceux qui permettent la gestion efficace des espaces publicitaires inclus sur le site web ou l&rsquo;application \u00e0 partir de laquelle le service est fourni. Ils permettent d&rsquo;adapter le contenu de la publicit\u00e9 pour qu&rsquo;elle soit pertinente pour l&rsquo;utilisateur et d&rsquo;\u00e9viter de montrer des annonces que l&rsquo;utilisateur a d\u00e9j\u00e0 vues.<\/p><h3>Consentement<\/h3><p>En naviguant et en continuant sur notre site web, vous consentez \u00e0 l&rsquo;utilisation des cookies mentionn\u00e9s ci-dessus, dans les conditions contenues dans cette Politique de Cookies.<\/p><p>Nous vous informons que, les cookies n&rsquo;\u00e9tant pas n\u00e9cessaires \u00e0 l&rsquo;utilisation de notre site web, vous pouvez les bloquer ou les d\u00e9sactiver par les param\u00e8tres de votre navigateur. Si vous les bloquez ou les d\u00e9sactivez, vous pourrez continuer \u00e0 utiliser notre site web, bien que l&rsquo;utilisation de certains de ses services puisse \u00eatre limit\u00e9e et donc votre exp\u00e9rience sur notre site web moins satisfaisante.<\/p><p>Si vous souhaitez r\u00e9voquer votre consentement inform\u00e9 \u00e0 notre politique de cookies, vous devez les supprimer sur votre appareil par les param\u00e8tres de votre navigateur Internet. Voici les liens vers les diff\u00e9rents navigateurs qui fournissent des informations sur les cookies :<\/p><p style=\"padding-left: 40px;\">Firefox : <a href=\"https:\/\/support.mozilla.org\/es\/kb\/habilitar-y-deshabilitar-cookies-sitios-web-rastrear-preferencias\" target=\"_blank\" rel=\"noopener\">https:\/\/support.mozilla.org\/es\/kb\/habilitar-y-deshabilitar-cookies-sitios-web-rastrear-preferencias<\/a><br \/>Chrome : <a href=\"http:\/\/support.google.com\/chrome\/bin\/answer.py?hl=es&amp;answer=95647\" target=\"_blank\" rel=\"noopener\">http:\/\/support.google.com\/chrome\/bin\/answer.py?hl=es&amp;answer=95647<\/a><br \/>Explorer : <a href=\"http:\/\/windows.microsoft.com\/es-es\/windows7\/how-to-manage-cookies-in-internet-explorer-9\" target=\"_blank\" rel=\"noopener\">http:\/\/windows.microsoft.com\/es-es\/windows7\/how-to-manage-cookies-in-internet-explorer-9<\/a><br \/>Safari : <a href=\"http:\/\/support.apple.com\/kb\/ph5042\" target=\"_blank\" rel=\"noopener\">http:\/\/support.apple.com\/kb\/ph5042<\/a><br \/>Opera : <a href=\"http:\/\/help.opera.com\/Windows\/11.50\/es-ES\/cookies.html\" target=\"_blank\" rel=\"noopener\">http:\/\/help.opera.com\/Windows\/11.50\/es-ES\/cookies.html<\/a><\/p><p>Nous vous recommandons de revoir cette politique chaque fois que vous acc\u00e9dez \u00e0 notre site web afin d&rsquo;\u00eatre correctement inform\u00e9 des \u00e9ventuels changements apport\u00e9s \u00e0 cette politique.<\/p>\t\t\t\t\t\t\t\t<\/div>\n\t\t\t\t<\/div>\n\t\t\t\t\t<\/div>\n\t\t\t\t<\/div>\n\t\t\t\t<\/div>\n\t\t","protected":false},"excerpt":{"rendered":"<p>GrapeBreed 4 IPM Politique de cookies La Plataforma Tecnol\u00f3gica del Vino (ci-apr\u00e8s, PTV) est une association \u00e0 but non lucratif, ayant son si\u00e8ge social \u00e0 C\/ del Monte Esquinza, 28, 4\u00ba droite, 28010, Madrid, avec le num\u00e9ro d&rsquo;identification fiscale G-86766953, enregistr\u00e9e au Registre National des Associations, Section 1\u00aa Num\u00e9ro National 604371. Le but de notre [&hellip;]<\/p>\n","protected":false},"author":1,"featured_media":0,"parent":0,"menu_order":0,"comment_status":"closed","ping_status":"closed","template":"","meta":{"site-sidebar-layout":"no-sidebar","site-content-layout":"page-builder","ast-site-content-layout":"full-width-container","site-content-style":"unboxed","site-sidebar-style":"unboxed","ast-global-header-display":"","ast-banner-title-visibility":"","ast-main-header-display":"","ast-hfb-above-header-display":"","ast-hfb-below-header-display":"","ast-hfb-mobile-header-display":"","site-post-title":"disabled","ast-breadcrumbs-content":"","ast-featured-img":"disabled","footer-sml-layout":"","theme-transparent-header-meta":"enabled","adv-header-id-meta":"","stick-header-meta":"","header-above-stick-meta":"","header-main-stick-meta":"","header-below-stick-meta":"","astra-migrate-meta-layouts":"default","ast-page-background-enabled":"default","ast-page-background-meta":{"desktop":{"background-color":"","background-image":"","background-repeat":"repeat","background-position":"center center","background-size":"auto","background-attachment":"scroll","background-type":"","background-media":"","overlay-type":"","overlay-color":"","overlay-opacity":"","overlay-gradient":""},"tablet":{"background-color":"","background-image":"","background-repeat":"repeat","background-position":"center center","background-size":"auto","background-attachment":"scroll","background-type":"","background-media":"","overlay-type":"","overlay-color":"","overlay-opacity":"","overlay-gradient":""},"mobile":{"background-color":"","background-image":"","background-repeat":"repeat","background-position":"center center","background-size":"auto","background-attachment":"scroll","background-type":"","background-media":"","overlay-type":"","overlay-color":"","overlay-opacity":"","overlay-gradient":""}},"ast-content-background-meta":{"desktop":{"background-color":"var(--ast-global-color-5)","background-image":"","background-repeat":"repeat","background-position":"center center","background-size":"auto","background-attachment":"scroll","background-type":"","background-media":"","overlay-type":"","overlay-color":"","overlay-opacity":"","overlay-gradient":""},"tablet":{"background-color":"var(--ast-global-color-5)","background-image":"","background-repeat":"repeat","background-position":"center center","background-size":"auto","background-attachment":"scroll","background-type":"","background-media":"","overlay-type":"","overlay-color":"","overlay-opacity":"","overlay-gradient":""},"mobile":{"background-color":"var(--ast-global-color-5)","background-image":"","background-repeat":"repeat","background-position":"center center","background-size":"auto","background-attachment":"scroll","background-type":"","background-media":"","overlay-type":"","overlay-color":"","overlay-opacity":"","overlay-gradient":""}},"footnotes":""},"class_list":["post-5319","page","type-page","status-publish","hentry"],"_links":{"self":[{"href":"https:\/\/grapebreed4ipm.com\/fr\/wp-json\/wp\/v2\/pages\/5319","targetHints":{"allow":["GET"]}}],"collection":[{"href":"https:\/\/grapebreed4ipm.com\/fr\/wp-json\/wp\/v2\/pages"}],"about":[{"href":"https:\/\/grapebreed4ipm.com\/fr\/wp-json\/wp\/v2\/types\/page"}],"author":[{"embeddable":true,"href":"https:\/\/grapebreed4ipm.com\/fr\/wp-json\/wp\/v2\/users\/1"}],"replies":[{"embeddable":true,"href":"https:\/\/grapebreed4ipm.com\/fr\/wp-json\/wp\/v2\/comments?post=5319"}],"version-history":[{"count":23,"href":"https:\/\/grapebreed4ipm.com\/fr\/wp-json\/wp\/v2\/pages\/5319\/revisions"}],"predecessor-version":[{"id":7297,"href":"https:\/\/grapebreed4ipm.com\/fr\/wp-json\/wp\/v2\/pages\/5319\/revisions\/7297"}],"wp:attachment":[{"href":"https:\/\/grapebreed4ipm.com\/fr\/wp-json\/wp\/v2\/media?parent=5319"}],"curies":[{"name":"wp","href":"https:\/\/api.w.org\/{rel}","templated":true}]}}