{"id":5321,"date":"2024-12-26T15:02:34","date_gmt":"2024-12-26T15:02:34","guid":{"rendered":"http:\/\/grapebreed4ipm.com\/politique-de-confidentialite\/"},"modified":"2025-02-21T01:38:07","modified_gmt":"2025-02-21T01:38:07","slug":"politique-de-confidentialite","status":"publish","type":"page","link":"https:\/\/grapebreed4ipm.com\/fr\/politique-de-confidentialite\/","title":{"rendered":"Politique de confidentialit\u00e9"},"content":{"rendered":"\t\t<div data-elementor-type=\"wp-post\" data-elementor-id=\"5321\" class=\"elementor elementor-5321 elementor-3077\" data-elementor-post-type=\"page\">\n\t\t\t\t<div class=\"elementor-element elementor-element-d0353b4 e-flex e-con-boxed e-con e-parent\" data-id=\"d0353b4\" data-element_type=\"container\" data-settings=\"{&quot;background_background&quot;:&quot;classic&quot;}\">\n\t\t\t\t\t<div class=\"e-con-inner\">\n\t\t<div class=\"elementor-element elementor-element-7c96fce e-con-full e-flex e-con e-child\" data-id=\"7c96fce\" data-element_type=\"container\">\n\t\t\t\t<div class=\"elementor-element elementor-element-8b70abd elementor-widget elementor-widget-heading\" data-id=\"8b70abd\" data-element_type=\"widget\" data-widget_type=\"heading.default\">\n\t\t\t\t<div class=\"elementor-widget-container\">\n\t\t\t\t\t<h5 class=\"elementor-heading-title elementor-size-default\">GrapeBreed 4 IPM<\/h5>\t\t\t\t<\/div>\n\t\t\t\t<\/div>\n\t\t\t\t<div class=\"elementor-element elementor-element-11d86be elementor-widget elementor-widget-heading\" data-id=\"11d86be\" data-element_type=\"widget\" data-widget_type=\"heading.default\">\n\t\t\t\t<div class=\"elementor-widget-container\">\n\t\t\t\t\t<h1 class=\"elementor-heading-title elementor-size-default\">Politique de confidentialit\u00e9<\/h1>\t\t\t\t<\/div>\n\t\t\t\t<\/div>\n\t\t\t\t<\/div>\n\t\t\t\t\t<\/div>\n\t\t\t\t<\/div>\n\t\t<div class=\"elementor-element elementor-element-724ac10 e-flex e-con-boxed e-con e-parent\" data-id=\"724ac10\" data-element_type=\"container\">\n\t\t\t\t\t<div class=\"e-con-inner\">\n\t\t\t\t<div class=\"elementor-element elementor-element-7f3fdc5 legales elementor-widget elementor-widget-text-editor\" data-id=\"7f3fdc5\" data-element_type=\"widget\" data-widget_type=\"text-editor.default\">\n\t\t\t\t<div class=\"elementor-widget-container\">\n\t\t\t\t\t\t\t\t\t<p>Conform\u00e9ment aux dispositions du R\u00e8glement G\u00e9n\u00e9ral sur la Protection des Donn\u00e9es (RGPD) et de toute autre l\u00e9gislation en vigueur applicable en mati\u00e8re de protection des donn\u00e9es personnelles :<\/p><ol><li>Nous vous informons que vos donn\u00e9es personnelles saisies par le biais de la section correspondante du site web https:\/\/www.ptvino.com\/index.php\/es\/ ainsi que celles que vous pourriez fournir \u00e0 l&rsquo;avenir dans le cadre de votre relation avec cette entit\u00e9 seront collect\u00e9es et trait\u00e9es par la Plateforme Technologique du Vin, dans le but de :<ol><li type=\"a\"><b>Contact<\/b> :<br \/>G\u00e9rer toute question ou doute pouvant survenir.<\/li><li type=\"a\"><b>Bo\u00eete aux lettres des demandes de brevets et des marques<\/b> :<br \/>G\u00e9rer vos donn\u00e9es afin de vous envoyer des informations commerciales.<\/li><li type=\"a\"><b>Newsletter<\/b> :<ul><li>G\u00e9rer vos donn\u00e9es afin de vous envoyer des informations commerciales personnalis\u00e9es selon vos pr\u00e9f\u00e9rences et go\u00fbts.<\/li><li>R\u00e9aliser des \u00e9tudes \u00e0 des fins statistiques.<\/li><li>Si vous avez coch\u00e9 la case pour accepter l&rsquo;envoi d&rsquo;actions personnalis\u00e9es selon vos go\u00fbts et pr\u00e9f\u00e9rences que vous pourriez avoir exprim\u00e9es en acc\u00e9dant \u00e0 certaines zones du site web, nous vous enverrons des communications commerciales personnalis\u00e9es.<\/li><\/ul><\/li><\/ol><\/li><\/ol><ol start=\"2\"><li>Le responsable du traitement est la Plateforme Technologique du Vin, dont le si\u00e8ge social est situ\u00e9 \u00e0 C\/ del Monte Esquinza, 28, 4\u00ba droite, 28010, Madrid, et que vos donn\u00e9es personnelles seront trait\u00e9es uniquement par cette derni\u00e8re.<\/li><li>Ce traitement est l\u00e9gitime car vous avez donn\u00e9 votre consentement.<\/li><li>Vous pouvez exercer vos droits d&rsquo;acc\u00e8s, de rectification, de suppression, d&rsquo;opposition, de limitation du traitement et de portabilit\u00e9 de vos donn\u00e9es, ainsi que r\u00e9voquer votre consentement \u00e0 l&rsquo;envoi de communications commerciales, ou votre consentement au traitement des donn\u00e9es personnelles en \u00e9crivant \u00e0 C\/ del Monte Esquinza, 28, 4\u00ba droite, 28010, Madrid, ou par e-mail \u00e0 l&rsquo;adresse suivante : dataprotect@excelsiadistribucion.com en incluant la r\u00e9f\u00e9rence \u00ab\u00a0Donn\u00e9es personnelles\u00a0\u00bb et en joignant dans les deux cas une photocopie de votre carte d&rsquo;identit\u00e9 ou passeport.<br \/>De plus, dans chaque mailing d&rsquo;information sur nos produits et services, nous inclurons un lien ou une adresse e-mail valide afin que vous puissiez vous d\u00e9sinscrire de ces communications.<\/li><li>Nous conserverons vos donn\u00e9es personnelles tant que vous ne r\u00e9voquez pas votre consentement au traitement de vos donn\u00e9es.<\/li><li>Nous vous informons que vous pouvez exercer votre droit de d\u00e9poser une plainte aupr\u00e8s de l&rsquo;autorit\u00e9 comp\u00e9tente, qui en Espagne est l&rsquo;Agence Espagnole de Protection des Donn\u00e9es \u00e0 l&rsquo;adresse <a href=\"https:\/\/www.agpd.es\/\" target=\"_blank\" rel=\"noopener\">www.agpd.es<\/a>.<\/li><\/ol>\t\t\t\t\t\t\t\t<\/div>\n\t\t\t\t<\/div>\n\t\t\t\t\t<\/div>\n\t\t\t\t<\/div>\n\t\t\t\t<\/div>\n\t\t","protected":false},"excerpt":{"rendered":"<p>GrapeBreed 4 IPM Politique de confidentialit\u00e9 Conform\u00e9ment aux dispositions du R\u00e8glement G\u00e9n\u00e9ral sur la Protection des Donn\u00e9es (RGPD) et de toute autre l\u00e9gislation en vigueur applicable en mati\u00e8re de protection des donn\u00e9es personnelles : Nous vous informons que vos donn\u00e9es personnelles saisies par le biais de la section correspondante du site web https:\/\/www.ptvino.com\/index.php\/es\/ ainsi que [&hellip;]<\/p>\n","protected":false},"author":1,"featured_media":0,"parent":0,"menu_order":0,"comment_status":"closed","ping_status":"closed","template":"","meta":{"site-sidebar-layout":"no-sidebar","site-content-layout":"page-builder","ast-site-content-layout":"full-width-container","site-content-style":"unboxed","site-sidebar-style":"unboxed","ast-global-header-display":"","ast-banner-title-visibility":"","ast-main-header-display":"","ast-hfb-above-header-display":"","ast-hfb-below-header-display":"","ast-hfb-mobile-header-display":"","site-post-title":"disabled","ast-breadcrumbs-content":"","ast-featured-img":"disabled","footer-sml-layout":"","theme-transparent-header-meta":"enabled","adv-header-id-meta":"","stick-header-meta":"","header-above-stick-meta":"","header-main-stick-meta":"","header-below-stick-meta":"","astra-migrate-meta-layouts":"default","ast-page-background-enabled":"default","ast-page-background-meta":{"desktop":{"background-color":"","background-image":"","background-repeat":"repeat","background-position":"center center","background-size":"auto","background-attachment":"scroll","background-type":"","background-media":"","overlay-type":"","overlay-color":"","overlay-opacity":"","overlay-gradient":""},"tablet":{"background-color":"","background-image":"","background-repeat":"repeat","background-position":"center center","background-size":"auto","background-attachment":"scroll","background-type":"","background-media":"","overlay-type":"","overlay-color":"","overlay-opacity":"","overlay-gradient":""},"mobile":{"background-color":"","background-image":"","background-repeat":"repeat","background-position":"center center","background-size":"auto","background-attachment":"scroll","background-type":"","background-media":"","overlay-type":"","overlay-color":"","overlay-opacity":"","overlay-gradient":""}},"ast-content-background-meta":{"desktop":{"background-color":"var(--ast-global-color-5)","background-image":"","background-repeat":"repeat","background-position":"center center","background-size":"auto","background-attachment":"scroll","background-type":"","background-media":"","overlay-type":"","overlay-color":"","overlay-opacity":"","overlay-gradient":""},"tablet":{"background-color":"var(--ast-global-color-5)","background-image":"","background-repeat":"repeat","background-position":"center center","background-size":"auto","background-attachment":"scroll","background-type":"","background-media":"","overlay-type":"","overlay-color":"","overlay-opacity":"","overlay-gradient":""},"mobile":{"background-color":"var(--ast-global-color-5)","background-image":"","background-repeat":"repeat","background-position":"center center","background-size":"auto","background-attachment":"scroll","background-type":"","background-media":"","overlay-type":"","overlay-color":"","overlay-opacity":"","overlay-gradient":""}},"footnotes":""},"class_list":["post-5321","page","type-page","status-publish","hentry"],"_links":{"self":[{"href":"https:\/\/grapebreed4ipm.com\/fr\/wp-json\/wp\/v2\/pages\/5321","targetHints":{"allow":["GET"]}}],"collection":[{"href":"https:\/\/grapebreed4ipm.com\/fr\/wp-json\/wp\/v2\/pages"}],"about":[{"href":"https:\/\/grapebreed4ipm.com\/fr\/wp-json\/wp\/v2\/types\/page"}],"author":[{"embeddable":true,"href":"https:\/\/grapebreed4ipm.com\/fr\/wp-json\/wp\/v2\/users\/1"}],"replies":[{"embeddable":true,"href":"https:\/\/grapebreed4ipm.com\/fr\/wp-json\/wp\/v2\/comments?post=5321"}],"version-history":[{"count":14,"href":"https:\/\/grapebreed4ipm.com\/fr\/wp-json\/wp\/v2\/pages\/5321\/revisions"}],"predecessor-version":[{"id":7252,"href":"https:\/\/grapebreed4ipm.com\/fr\/wp-json\/wp\/v2\/pages\/5321\/revisions\/7252"}],"wp:attachment":[{"href":"https:\/\/grapebreed4ipm.com\/fr\/wp-json\/wp\/v2\/media?parent=5321"}],"curies":[{"name":"wp","href":"https:\/\/api.w.org\/{rel}","templated":true}]}}