{"id":5087,"date":"2025-01-09T23:02:24","date_gmt":"2025-01-09T23:02:24","guid":{"rendered":"http:\/\/grapebreed4ipm.com\/home\/"},"modified":"2025-03-04T16:43:57","modified_gmt":"2025-03-04T16:43:57","slug":"home","status":"publish","type":"page","link":"https:\/\/grapebreed4ipm.com\/it\/","title":{"rendered":"Home"},"content":{"rendered":"\t\t<div data-elementor-type=\"wp-page\" data-elementor-id=\"5087\" class=\"elementor elementor-5087 elementor-3292\" data-elementor-post-type=\"page\">\n\t\t\t\t<div class=\"elementor-element elementor-element-32fbdbcf e-flex e-con-boxed e-con e-parent\" data-id=\"32fbdbcf\" data-element_type=\"container\" data-settings=\"{&quot;background_background&quot;:&quot;classic&quot;}\">\n\t\t\t\t\t<div class=\"e-con-inner\">\n\t\t<div class=\"elementor-element elementor-element-37382dc4 e-con-full e-flex e-con e-child\" data-id=\"37382dc4\" data-element_type=\"container\">\n\t\t\t\t<div class=\"elementor-element elementor-element-42cc79b4 elementor-widget elementor-widget-heading\" data-id=\"42cc79b4\" data-element_type=\"widget\" data-widget_type=\"heading.default\">\n\t\t\t\t<div class=\"elementor-widget-container\">\n\t\t\t\t\t<h1 class=\"elementor-heading-title elementor-size-default\">Sviluppare soluzioni sostenibili per la viticoltura attraverso l'innovazione multi-attore mirata alla selezione per la gestione integrata dei parassiti<\/h1>\t\t\t\t<\/div>\n\t\t\t\t<\/div>\n\t\t\t\t<div class=\"elementor-element elementor-element-2d56233d subtitulo elementor-widget elementor-widget-text-editor\" data-id=\"2d56233d\" data-element_type=\"widget\" data-widget_type=\"text-editor.default\">\n\t\t\t\t<div class=\"elementor-widget-container\">\n\t\t\t\t\t\t\t\t\t<p>Promuovere la viticoltura sostenibile in un mondo in cambiamento con variet\u00e0 resistenti alle malattie<\/p>\t\t\t\t\t\t\t\t<\/div>\n\t\t\t\t<\/div>\n\t\t\t\t<\/div>\n\t\t\t\t\t<\/div>\n\t\t\t\t<\/div>\n\t\t<div class=\"elementor-element elementor-element-c03ac74 e-flex e-con-boxed e-con e-parent\" data-id=\"c03ac74\" data-element_type=\"container\" data-settings=\"{&quot;background_background&quot;:&quot;classic&quot;}\">\n\t\t\t\t\t<div class=\"e-con-inner\">\n\t\t<div class=\"elementor-element elementor-element-8285966 e-con-full e-flex e-con e-child\" data-id=\"8285966\" data-element_type=\"container\">\n\t\t\t\t<div class=\"elementor-element elementor-element-8289c6d elementor-widget elementor-widget-image\" data-id=\"8289c6d\" data-element_type=\"widget\" data-widget_type=\"image.default\">\n\t\t\t\t<div class=\"elementor-widget-container\">\n\t\t\t\t\t\t\t\t\t\t\t\t\t\t\t\t<a href=\"https:\/\/ec.europa.eu\/info\/funding-tenders\/opportunities\/portal\/screen\/opportunities\/topic-details\/horizon-cl6-2023-biodiv-01-14\" target=\"_blank\" rel=\"nofollow\">\n\t\t\t\t\t\t\t<img decoding=\"async\" src=\"https:\/\/grapebreed4ipm.com\/wp-content\/uploads\/elementor\/thumbs\/EN_fundedbyEU_VERTICAL_450px-1-r24ieo35kn2s8lceezcvhbhz07wnk4zzztbouuwuym.png\" title=\"EN_fundedbyEU_VERTICAL_450px\" alt=\"EN_fundedbyEU_VERTICAL_450px\" loading=\"lazy\" \/>\t\t\t\t\t\t\t\t<\/a>\n\t\t\t\t\t\t\t\t\t\t\t\t\t\t\t<\/div>\n\t\t\t\t<\/div>\n\t\t\t\t<\/div>\n\t\t<div class=\"elementor-element elementor-element-954cdd2 e-con-full e-flex e-con e-child\" data-id=\"954cdd2\" data-element_type=\"container\">\n\t\t\t\t<div class=\"elementor-element elementor-element-10f0626 elementor-widget elementor-widget-image\" data-id=\"10f0626\" data-element_type=\"widget\" data-widget_type=\"image.default\">\n\t\t\t\t<div class=\"elementor-widget-container\">\n\t\t\t\t\t\t\t\t\t\t\t\t\t\t\t\t<a href=\"http:\/\/grapebreed4ipm.com\/wp-content\/uploads\/2025\/01\/WBF_SBFI_EU_800px.jpg\" target=\"_blank\" rel=\"nofollow\">\n\t\t\t\t\t\t\t<img decoding=\"async\" src=\"https:\/\/grapebreed4ipm.com\/wp-content\/uploads\/elementor\/thumbs\/WBF_SBFI_EU_450px-r24ieo35kn2s8lceezcvhbhz07wnk4zzztbouuwuro.png\" title=\"Federal Department of Economic Affairs. Education and Research EAER &#8211; Swiss Confederation\" alt=\"Federal Department of Economic Affairs. Education and Research EAER - Swiss Confederation\" loading=\"lazy\" \/>\t\t\t\t\t\t\t\t<\/a>\n\t\t\t\t\t\t\t\t\t\t\t\t\t\t\t<\/div>\n\t\t\t\t<\/div>\n\t\t\t\t<\/div>\n\t\t<div class=\"elementor-element elementor-element-5f2124f e-con-full e-flex e-con e-child\" data-id=\"5f2124f\" data-element_type=\"container\">\n\t\t\t\t<div class=\"elementor-element elementor-element-04ddfef elementor-widget elementor-widget-heading\" data-id=\"04ddfef\" data-element_type=\"widget\" data-widget_type=\"heading.default\">\n\t\t\t\t<div class=\"elementor-widget-container\">\n\t\t\t\t\t<p class=\"elementor-heading-title elementor-size-default\">Finanziato dall'Unione Europea (GrapeBreed4IPM, numero di sovvenzione 101.132.223). Le opinioni e i pareri espressi sono tuttavia esclusivamente quelli dell'autore o degli autori e non riflettono necessariamente quelli dell'Unione Europea o dell'Agenzia esecutiva per la ricerca europea (REA). N\u00e9 l'Unione Europea n\u00e9 l'autorit\u00e0 concedente possono essere ritenute responsabili. Questo progetto \u00e8 stato finanziato dalla Segreteria di Stato svizzera per l'educazione, la ricerca e l'innovazione (SERI) Nr 24.00152.<\/p>\t\t\t\t<\/div>\n\t\t\t\t<\/div>\n\t\t\t\t<\/div>\n\t\t\t\t\t<\/div>\n\t\t\t\t<\/div>\n\t\t<div class=\"elementor-element elementor-element-55cf8f9 elementor-hidden-desktop elementor-hidden-tablet elementor-hidden-mobile e-flex e-con-boxed e-con e-parent\" data-id=\"55cf8f9\" data-element_type=\"container\" data-settings=\"{&quot;background_background&quot;:&quot;classic&quot;}\">\n\t\t\t\t\t<div class=\"e-con-inner\">\n\t\t\t\t<div class=\"elementor-element elementor-element-e9ba91c elementor-widget-divider--view-line elementor-widget elementor-widget-divider\" data-id=\"e9ba91c\" data-element_type=\"widget\" data-widget_type=\"divider.default\">\n\t\t\t\t<div class=\"elementor-widget-container\">\n\t\t\t\t\t\t\t<div class=\"elementor-divider\">\n\t\t\t<span class=\"elementor-divider-separator\">\n\t\t\t\t\t\t<\/span>\n\t\t<\/div>\n\t\t\t\t\t\t<\/div>\n\t\t\t\t<\/div>\n\t\t\t\t\t<\/div>\n\t\t\t\t<\/div>\n\t\t<div class=\"elementor-element elementor-element-b4a83f6 e-flex e-con-boxed e-con e-parent\" data-id=\"b4a83f6\" data-element_type=\"container\" id=\"contadores\" data-settings=\"{&quot;background_background&quot;:&quot;classic&quot;}\">\n\t\t\t\t\t<div class=\"e-con-inner\">\n\t\t<div class=\"elementor-element elementor-element-f2210d5 e-con-full e-flex e-con e-child\" data-id=\"f2210d5\" data-element_type=\"container\" data-settings=\"{&quot;background_background&quot;:&quot;classic&quot;}\">\n\t\t<div class=\"elementor-element elementor-element-774b8f2 e-con-full e-flex e-con e-child\" data-id=\"774b8f2\" data-element_type=\"container\">\n\t\t\t\t<div class=\"elementor-element elementor-element-ebf3ac3 elementor-widget elementor-widget-counter\" data-id=\"ebf3ac3\" data-element_type=\"widget\" data-widget_type=\"counter.default\">\n\t\t\t\t<div class=\"elementor-widget-container\">\n\t\t\t\t\t\t\t<div class=\"elementor-counter\">\n\t\t\t<div class=\"elementor-counter-title\">partner<\/div>\t\t\t<div class=\"elementor-counter-number-wrapper\">\n\t\t\t\t<span class=\"elementor-counter-number-prefix\"><\/span>\n\t\t\t\t<span class=\"elementor-counter-number\" data-duration=\"2000\" data-to-value=\"19\" data-from-value=\"0\" data-delimiter=\",\">0<\/span>\n\t\t\t\t<span class=\"elementor-counter-number-suffix\"><\/span>\n\t\t\t<\/div>\n\t\t<\/div>\n\t\t\t\t\t\t<\/div>\n\t\t\t\t<\/div>\n\t\t\t\t<\/div>\n\t\t<div class=\"elementor-element elementor-element-eba2048 e-con-full e-flex e-con e-child\" data-id=\"eba2048\" data-element_type=\"container\">\n\t\t\t\t<div class=\"elementor-element elementor-element-f9ead32 elementor-widget elementor-widget-counter\" data-id=\"f9ead32\" data-element_type=\"widget\" data-widget_type=\"counter.default\">\n\t\t\t\t<div class=\"elementor-widget-container\">\n\t\t\t\t\t\t\t<div class=\"elementor-counter\">\n\t\t\t<div class=\"elementor-counter-title\">partner associati<\/div>\t\t\t<div class=\"elementor-counter-number-wrapper\">\n\t\t\t\t<span class=\"elementor-counter-number-prefix\"><\/span>\n\t\t\t\t<span class=\"elementor-counter-number\" data-duration=\"2000\" data-to-value=\"2\" data-from-value=\"0\" data-delimiter=\",\">0<\/span>\n\t\t\t\t<span class=\"elementor-counter-number-suffix\"><\/span>\n\t\t\t<\/div>\n\t\t<\/div>\n\t\t\t\t\t\t<\/div>\n\t\t\t\t<\/div>\n\t\t\t\t<\/div>\n\t\t<div class=\"elementor-element elementor-element-d869368 e-con-full e-flex e-con e-child\" data-id=\"d869368\" data-element_type=\"container\">\n\t\t\t\t<div class=\"elementor-element elementor-element-70076ee elementor-widget elementor-widget-counter\" data-id=\"70076ee\" data-element_type=\"widget\" data-widget_type=\"counter.default\">\n\t\t\t\t<div class=\"elementor-widget-container\">\n\t\t\t\t\t\t\t<div class=\"elementor-counter\">\n\t\t\t<div class=\"elementor-counter-title\">paesi coinvolti<\/div>\t\t\t<div class=\"elementor-counter-number-wrapper\">\n\t\t\t\t<span class=\"elementor-counter-number-prefix\"><\/span>\n\t\t\t\t<span class=\"elementor-counter-number\" data-duration=\"2000\" data-to-value=\"7\" data-from-value=\"0\">0<\/span>\n\t\t\t\t<span class=\"elementor-counter-number-suffix\"><\/span>\n\t\t\t<\/div>\n\t\t<\/div>\n\t\t\t\t\t\t<\/div>\n\t\t\t\t<\/div>\n\t\t\t\t<\/div>\n\t\t<div class=\"elementor-element elementor-element-4322d38 e-con-full e-flex e-con e-child\" data-id=\"4322d38\" data-element_type=\"container\">\n\t\t\t\t<div class=\"elementor-element elementor-element-229b84d elementor-widget elementor-widget-counter\" data-id=\"229b84d\" data-element_type=\"widget\" data-widget_type=\"counter.default\">\n\t\t\t\t<div class=\"elementor-widget-container\">\n\t\t\t\t\t\t\t<div class=\"elementor-counter\">\n\t\t\t<div class=\"elementor-counter-title\">Periodo di esecuzione<\/div>\t\t\t<div class=\"elementor-counter-number-wrapper\">\n\t\t\t\t<span class=\"elementor-counter-number-prefix\"><\/span>\n\t\t\t\t<span class=\"elementor-counter-number\" data-duration=\"2000\" data-to-value=\"4\" data-from-value=\"0\">0<\/span>\n\t\t\t\t<span class=\"elementor-counter-number-suffix\"> anni<\/span>\n\t\t\t<\/div>\n\t\t<\/div>\n\t\t\t\t\t\t<\/div>\n\t\t\t\t<\/div>\n\t\t\t\t<\/div>\n\t\t<div class=\"elementor-element elementor-element-545ba55 e-con-full elementor-hidden-desktop elementor-hidden-tablet elementor-hidden-mobile e-flex e-con e-child\" data-id=\"545ba55\" data-element_type=\"container\">\n\t\t\t\t<div class=\"elementor-element elementor-element-c4be7c0 elementor-view-default elementor-position-top elementor-mobile-position-top elementor-widget elementor-widget-icon-box\" data-id=\"c4be7c0\" data-element_type=\"widget\" data-widget_type=\"icon-box.default\">\n\t\t\t\t<div class=\"elementor-widget-container\">\n\t\t\t\t\t\t\t<div class=\"elementor-icon-box-wrapper\">\n\n\t\t\t\t\t\t<div class=\"elementor-icon-box-icon\">\n\t\t\t\t<span  class=\"elementor-icon\">\n\t\t\t\t<svg aria-hidden=\"true\" class=\"e-font-icon-svg e-fas-book-open\" viewBox=\"0 0 576 512\" xmlns=\"http:\/\/www.w3.org\/2000\/svg\"><path d=\"M542.22 32.05c-54.8 3.11-163.72 14.43-230.96 55.59-4.64 2.84-7.27 7.89-7.27 13.17v363.87c0 11.55 12.63 18.85 23.28 13.49 69.18-34.82 169.23-44.32 218.7-46.92 16.89-.89 30.02-14.43 30.02-30.66V62.75c.01-17.71-15.35-31.74-33.77-30.7zM264.73 87.64C197.5 46.48 88.58 35.17 33.78 32.05 15.36 31.01 0 45.04 0 62.75V400.6c0 16.24 13.13 29.78 30.02 30.66 49.49 2.6 149.59 12.11 218.77 46.95 10.62 5.35 23.21-1.94 23.21-13.46V100.63c0-5.29-2.62-10.14-7.27-12.99z\"><\/path><\/svg>\t\t\t\t<\/span>\n\t\t\t<\/div>\n\t\t\t\n\t\t\t\t\t\t<div class=\"elementor-icon-box-content\">\n\n\t\t\t\t\t\t\t\t\t<p class=\"elementor-icon-box-title\">\n\t\t\t\t\t\t<span  >\n\t\t\t\t\t\t\tThis is the heading\t\t\t\t\t\t<\/span>\n\t\t\t\t\t<\/p>\n\t\t\t\t\n\t\t\t\t\n\t\t\t<\/div>\n\t\t\t\n\t\t<\/div>\n\t\t\t\t\t\t<\/div>\n\t\t\t\t<\/div>\n\t\t\t\t<\/div>\n\t\t\t\t<\/div>\n\t\t\t\t\t<\/div>\n\t\t\t\t<\/div>\n\t\t<div class=\"elementor-element elementor-element-89a474c elementor-hidden-desktop elementor-hidden-tablet elementor-hidden-mobile e-flex e-con-boxed e-con e-parent\" data-id=\"89a474c\" data-element_type=\"container\" data-settings=\"{&quot;background_background&quot;:&quot;classic&quot;}\">\n\t\t\t\t\t<div class=\"e-con-inner\">\n\t\t\t\t<div class=\"elementor-element elementor-element-0bf8ca2 elementor-widget-divider--view-line elementor-widget elementor-widget-divider\" data-id=\"0bf8ca2\" data-element_type=\"widget\" data-widget_type=\"divider.default\">\n\t\t\t\t<div class=\"elementor-widget-container\">\n\t\t\t\t\t\t\t<div class=\"elementor-divider\">\n\t\t\t<span class=\"elementor-divider-separator\">\n\t\t\t\t\t\t<\/span>\n\t\t<\/div>\n\t\t\t\t\t\t<\/div>\n\t\t\t\t<\/div>\n\t\t\t\t\t<\/div>\n\t\t\t\t<\/div>\n\t\t<div class=\"elementor-element elementor-element-4d884f6 e-flex e-con-boxed e-con e-parent\" data-id=\"4d884f6\" data-element_type=\"container\" data-settings=\"{&quot;background_background&quot;:&quot;classic&quot;}\">\n\t\t\t\t\t<div class=\"e-con-inner\">\n\t\t\t\t<div class=\"elementor-element elementor-element-8755bac elementor-widget elementor-widget-heading\" data-id=\"8755bac\" data-element_type=\"widget\" data-widget_type=\"heading.default\">\n\t\t\t\t<div class=\"elementor-widget-container\">\n\t\t\t\t\t<h2 class=\"elementor-heading-title elementor-size-default\">Ultime notizie<\/h2>\t\t\t\t<\/div>\n\t\t\t\t<\/div>\n\t\t\t\t<div class=\"elementor-element elementor-element-99b4f70 elementor-grid-3 elementor-grid-tablet-2 elementor-grid-mobile-1 elementor-posts--thumbnail-top elementor-widget elementor-widget-posts\" data-id=\"99b4f70\" data-element_type=\"widget\" data-settings=\"{&quot;classic_row_gap&quot;:{&quot;unit&quot;:&quot;px&quot;,&quot;size&quot;:30,&quot;sizes&quot;:[]},&quot;classic_columns&quot;:&quot;3&quot;,&quot;classic_columns_tablet&quot;:&quot;2&quot;,&quot;classic_columns_mobile&quot;:&quot;1&quot;,&quot;classic_row_gap_tablet&quot;:{&quot;unit&quot;:&quot;px&quot;,&quot;size&quot;:&quot;&quot;,&quot;sizes&quot;:[]},&quot;classic_row_gap_mobile&quot;:{&quot;unit&quot;:&quot;px&quot;,&quot;size&quot;:&quot;&quot;,&quot;sizes&quot;:[]}}\" data-widget_type=\"posts.classic\">\n\t\t\t\t<div class=\"elementor-widget-container\">\n\t\t\t\t\t\t\t<div class=\"elementor-posts-container elementor-posts elementor-posts--skin-classic elementor-grid\">\n\t\t\t\t<article class=\"elementor-post elementor-grid-item post-10290 post type-post status-publish format-standard has-post-thumbnail hentry category-notizie category-notizie-cbw\">\n\t\t\t\t<a class=\"elementor-post__thumbnail__link\" href=\"https:\/\/grapebreed4ipm.com\/it\/innovazione-per-una-viticoltura-sostenibile-stakeholder-svizzeri-discutono-il-potenziale-delle-varieta-piwi\/\" tabindex=\"-1\" >\n\t\t\t<div class=\"elementor-post__thumbnail\"><img fetchpriority=\"high\" decoding=\"async\" width=\"768\" height=\"432\" src=\"https:\/\/grapebreed4ipm.com\/wp-content\/uploads\/2026\/03\/Switzerland-768x432.jpeg\" class=\"attachment-medium_large size-medium_large wp-image-10283\" alt=\"\" srcset=\"https:\/\/grapebreed4ipm.com\/wp-content\/uploads\/2026\/03\/Switzerland-768x432.jpeg 768w, https:\/\/grapebreed4ipm.com\/wp-content\/uploads\/2026\/03\/Switzerland-300x169.jpeg 300w, https:\/\/grapebreed4ipm.com\/wp-content\/uploads\/2026\/03\/Switzerland-1024x576.jpeg 1024w, https:\/\/grapebreed4ipm.com\/wp-content\/uploads\/2026\/03\/Switzerland.jpeg 1182w\" sizes=\"(max-width: 768px) 100vw, 768px\" \/><\/div>\n\t\t<\/a>\n\t\t\t\t<div class=\"elementor-post__text\">\n\t\t\t\t<h3 class=\"elementor-post__title\">\n\t\t\t<a href=\"https:\/\/grapebreed4ipm.com\/it\/innovazione-per-una-viticoltura-sostenibile-stakeholder-svizzeri-discutono-il-potenziale-delle-varieta-piwi\/\" >\n\t\t\t\tInnovazione per una viticoltura sostenibile: stakeholder svizzeri discutono il potenziale delle variet\u00e0 PIWI\t\t\t<\/a>\n\t\t<\/h3>\n\t\t\t\t<div class=\"elementor-post__meta-data\">\n\t\t\t\t\t<span class=\"elementor-post-date\">\n\t\t\tMarzo 23, 2026\t\t<\/span>\n\t\t\t\t<\/div>\n\t\t\t\t<div class=\"elementor-post__excerpt\">\n\t\t\t<p>La transizione verso una viticoltura pi\u00f9 sostenibile sta guadagnando slancio in tutta Europa. Le variet\u00e0 di vite resistenti ai funghi, note come PIWI, sono sempre pi\u00f9 considerate un percorso promettente per ridurre l\u2019uso di prodotti chimici per la protezione delle piante mantenendo al contempo la produttivit\u00e0 dei vigneti e la<\/p>\n\t\t<\/div>\n\t\t\t\t\t<div class=\"elementor-post__read-more-wrapper\">\n\t\t\n\t\t<a class=\"elementor-post__read-more\" href=\"https:\/\/grapebreed4ipm.com\/it\/innovazione-per-una-viticoltura-sostenibile-stakeholder-svizzeri-discutono-il-potenziale-delle-varieta-piwi\/\" aria-label=\"Read more about Innovazione per una viticoltura sostenibile: stakeholder svizzeri discutono il potenziale delle variet\u00e0 PIWI\" tabindex=\"-1\" >\n\t\t\tPer saperne di pi\u00f9 \u00bb\t\t<\/a>\n\n\t\t\t\t\t<\/div>\n\t\t\t\t<\/div>\n\t\t\t\t<\/article>\n\t\t\t\t<article class=\"elementor-post elementor-grid-item post-10273 post type-post status-publish format-standard has-post-thumbnail hentry category-notizie category-notizie-cbw\">\n\t\t\t\t<a class=\"elementor-post__thumbnail__link\" href=\"https:\/\/grapebreed4ipm.com\/it\/esperti-del-vino-francesi-discutono-il-futuro-delle-varieta-di-vite-robuste\/\" tabindex=\"-1\" >\n\t\t\t<div class=\"elementor-post__thumbnail\"><img decoding=\"async\" width=\"768\" height=\"576\" src=\"https:\/\/grapebreed4ipm.com\/wp-content\/uploads\/2026\/03\/Francia-768x576.jpeg\" class=\"attachment-medium_large size-medium_large wp-image-10268\" alt=\"\" srcset=\"https:\/\/grapebreed4ipm.com\/wp-content\/uploads\/2026\/03\/Francia-768x576.jpeg 768w, https:\/\/grapebreed4ipm.com\/wp-content\/uploads\/2026\/03\/Francia-300x225.jpeg 300w, https:\/\/grapebreed4ipm.com\/wp-content\/uploads\/2026\/03\/Francia-1024x768.jpeg 1024w, https:\/\/grapebreed4ipm.com\/wp-content\/uploads\/2026\/03\/Francia.jpeg 1210w\" sizes=\"(max-width: 768px) 100vw, 768px\" \/><\/div>\n\t\t<\/a>\n\t\t\t\t<div class=\"elementor-post__text\">\n\t\t\t\t<h3 class=\"elementor-post__title\">\n\t\t\t<a href=\"https:\/\/grapebreed4ipm.com\/it\/esperti-del-vino-francesi-discutono-il-futuro-delle-varieta-di-vite-robuste\/\" >\n\t\t\t\tEsperti del vino francesi discutono il futuro delle variet\u00e0 di vite robuste\t\t\t<\/a>\n\t\t<\/h3>\n\t\t\t\t<div class=\"elementor-post__meta-data\">\n\t\t\t\t\t<span class=\"elementor-post-date\">\n\t\t\tMarzo 23, 2026\t\t<\/span>\n\t\t\t\t<\/div>\n\t\t\t\t<div class=\"elementor-post__excerpt\">\n\t\t\t<p>Nell\u2019ambito del progetto GrapeBreed4IPM, team di ricerca in tutta Europa stanno esplorando strategie per rafforzare la percezione e l\u2019accettazione di mercato dei vini prodotti da variet\u00e0 di vite resistenti ai funghi note come PIWI. Queste variet\u00e0 contribuiscono in modo significativo a una viticoltura pi\u00f9 sostenibile riducendo la necessit\u00e0 di prodotti<\/p>\n\t\t<\/div>\n\t\t\t\t\t<div class=\"elementor-post__read-more-wrapper\">\n\t\t\n\t\t<a class=\"elementor-post__read-more\" href=\"https:\/\/grapebreed4ipm.com\/it\/esperti-del-vino-francesi-discutono-il-futuro-delle-varieta-di-vite-robuste\/\" aria-label=\"Read more about Esperti del vino francesi discutono il futuro delle variet\u00e0 di vite robuste\" tabindex=\"-1\" >\n\t\t\tPer saperne di pi\u00f9 \u00bb\t\t<\/a>\n\n\t\t\t\t\t<\/div>\n\t\t\t\t<\/div>\n\t\t\t\t<\/article>\n\t\t\t\t<article class=\"elementor-post elementor-grid-item post-10257 post type-post status-publish format-standard has-post-thumbnail hentry category-notizie category-notizie-cbw\">\n\t\t\t\t<a class=\"elementor-post__thumbnail__link\" href=\"https:\/\/grapebreed4ipm.com\/it\/progettare-percorsi-di-mercato-per-i-vini-piwi-gli-stakeholder-si-incontrano-in-italia\/\" tabindex=\"-1\" >\n\t\t\t<div class=\"elementor-post__thumbnail\"><img decoding=\"async\" width=\"768\" height=\"432\" src=\"https:\/\/grapebreed4ipm.com\/wp-content\/uploads\/2026\/03\/Italia-768x432.jpeg\" class=\"attachment-medium_large size-medium_large wp-image-10252\" alt=\"\" srcset=\"https:\/\/grapebreed4ipm.com\/wp-content\/uploads\/2026\/03\/Italia-768x432.jpeg 768w, https:\/\/grapebreed4ipm.com\/wp-content\/uploads\/2026\/03\/Italia-300x169.jpeg 300w, https:\/\/grapebreed4ipm.com\/wp-content\/uploads\/2026\/03\/Italia-1024x576.jpeg 1024w, https:\/\/grapebreed4ipm.com\/wp-content\/uploads\/2026\/03\/Italia.jpeg 1182w\" sizes=\"(max-width: 768px) 100vw, 768px\" \/><\/div>\n\t\t<\/a>\n\t\t\t\t<div class=\"elementor-post__text\">\n\t\t\t\t<h3 class=\"elementor-post__title\">\n\t\t\t<a href=\"https:\/\/grapebreed4ipm.com\/it\/progettare-percorsi-di-mercato-per-i-vini-piwi-gli-stakeholder-si-incontrano-in-italia\/\" >\n\t\t\t\tProgettare percorsi di mercato per i vini PIWI: gli stakeholder si incontrano in Italia\t\t\t<\/a>\n\t\t<\/h3>\n\t\t\t\t<div class=\"elementor-post__meta-data\">\n\t\t\t\t\t<span class=\"elementor-post-date\">\n\t\t\tMarzo 23, 2026\t\t<\/span>\n\t\t\t\t<\/div>\n\t\t\t\t<div class=\"elementor-post__excerpt\">\n\t\t\t<p>Nell\u2019ambito del progetto GrapeBreed4IPM, il lavoro sta progredendo in tutta Europa per esplorare strategie in grado di migliorare la percezione e l\u2019accettazione di mercato dei vini prodotti da variet\u00e0 di vite resistenti ai funghi note come PIWI. Queste variet\u00e0 svolgono un ruolo importante nel promuovere una viticoltura sostenibile riducendo significativamente<\/p>\n\t\t<\/div>\n\t\t\t\t\t<div class=\"elementor-post__read-more-wrapper\">\n\t\t\n\t\t<a class=\"elementor-post__read-more\" href=\"https:\/\/grapebreed4ipm.com\/it\/progettare-percorsi-di-mercato-per-i-vini-piwi-gli-stakeholder-si-incontrano-in-italia\/\" aria-label=\"Read more about Progettare percorsi di mercato per i vini PIWI: gli stakeholder si incontrano in Italia\" tabindex=\"-1\" >\n\t\t\tPer saperne di pi\u00f9 \u00bb\t\t<\/a>\n\n\t\t\t\t\t<\/div>\n\t\t\t\t<\/div>\n\t\t\t\t<\/article>\n\t\t\t\t<\/div>\n\t\t\n\t\t\t\t\t\t<\/div>\n\t\t\t\t<\/div>\n\t\t\t\t\t<\/div>\n\t\t\t\t<\/div>\n\t\t<div class=\"elementor-element elementor-element-36c4895 e-flex e-con-boxed e-con e-parent\" data-id=\"36c4895\" data-element_type=\"container\">\n\t\t\t\t\t<div class=\"e-con-inner\">\n\t\t\t\t<div class=\"elementor-element elementor-element-ff6dff0 elementor-widget elementor-widget-heading\" data-id=\"ff6dff0\" data-element_type=\"widget\" data-widget_type=\"heading.default\">\n\t\t\t\t<div class=\"elementor-widget-container\">\n\t\t\t\t\t<p class=\"elementor-heading-title elementor-size-default\"><a href=\"http:\/\/grapebreed4ipm.com\/news\/\">Altre notizie \u00bb<\/a><\/p>\t\t\t\t<\/div>\n\t\t\t\t<\/div>\n\t\t\t\t\t<\/div>\n\t\t\t\t<\/div>\n\t\t\t\t<\/div>\n\t\t","protected":false},"excerpt":{"rendered":"<p>Sviluppare soluzioni sostenibili per la viticoltura attraverso l&#8217;innovazione multi-attore mirata alla selezione per la gestione integrata dei parassiti Promuovere la viticoltura sostenibile in un mondo in cambiamento con variet\u00e0 resistenti alle malattie Finanziato dall&#8217;Unione Europea (GrapeBreed4IPM, numero di sovvenzione 101.132.223). Le opinioni e i pareri espressi sono tuttavia esclusivamente quelli dell&#8217;autore o degli autori e [&hellip;]<\/p>\n","protected":false},"author":1,"featured_media":0,"parent":0,"menu_order":0,"comment_status":"closed","ping_status":"closed","template":"","meta":{"site-sidebar-layout":"no-sidebar","site-content-layout":"page-builder","ast-site-content-layout":"","site-content-style":"default","site-sidebar-style":"default","ast-global-header-display":"","ast-banner-title-visibility":"","ast-main-header-display":"","ast-hfb-above-header-display":"","ast-hfb-below-header-display":"","ast-hfb-mobile-header-display":"","site-post-title":"disabled","ast-breadcrumbs-content":"","ast-featured-img":"disabled","footer-sml-layout":"","theme-transparent-header-meta":"enabled","adv-header-id-meta":"","stick-header-meta":"","header-above-stick-meta":"","header-main-stick-meta":"","header-below-stick-meta":"","astra-migrate-meta-layouts":"default","ast-page-background-enabled":"default","ast-page-background-meta":{"desktop":{"background-color":"","background-image":"","background-repeat":"repeat","background-position":"center center","background-size":"auto","background-attachment":"scroll","background-type":"","background-media":"","overlay-type":"","overlay-color":"","overlay-opacity":"","overlay-gradient":""},"tablet":{"background-color":"","background-image":"","background-repeat":"repeat","background-position":"center center","background-size":"auto","background-attachment":"scroll","background-type":"","background-media":"","overlay-type":"","overlay-color":"","overlay-opacity":"","overlay-gradient":""},"mobile":{"background-color":"","background-image":"","background-repeat":"repeat","background-position":"center center","background-size":"auto","background-attachment":"scroll","background-type":"","background-media":"","overlay-type":"","overlay-color":"","overlay-opacity":"","overlay-gradient":""}},"ast-content-background-meta":{"desktop":{"background-color":"var(--ast-global-color-5)","background-image":"","background-repeat":"repeat","background-position":"center center","background-size":"auto","background-attachment":"scroll","background-type":"","background-media":"","overlay-type":"","overlay-color":"","overlay-opacity":"","overlay-gradient":""},"tablet":{"background-color":"var(--ast-global-color-5)","background-image":"","background-repeat":"repeat","background-position":"center center","background-size":"auto","background-attachment":"scroll","background-type":"","background-media":"","overlay-type":"","overlay-color":"","overlay-opacity":"","overlay-gradient":""},"mobile":{"background-color":"var(--ast-global-color-5)","background-image":"","background-repeat":"repeat","background-position":"center center","background-size":"auto","background-attachment":"scroll","background-type":"","background-media":"","overlay-type":"","overlay-color":"","overlay-opacity":"","overlay-gradient":""}},"footnotes":""},"class_list":["post-5087","page","type-page","status-publish","hentry"],"_links":{"self":[{"href":"https:\/\/grapebreed4ipm.com\/it\/wp-json\/wp\/v2\/pages\/5087","targetHints":{"allow":["GET"]}}],"collection":[{"href":"https:\/\/grapebreed4ipm.com\/it\/wp-json\/wp\/v2\/pages"}],"about":[{"href":"https:\/\/grapebreed4ipm.com\/it\/wp-json\/wp\/v2\/types\/page"}],"author":[{"embeddable":true,"href":"https:\/\/grapebreed4ipm.com\/it\/wp-json\/wp\/v2\/users\/1"}],"replies":[{"embeddable":true,"href":"https:\/\/grapebreed4ipm.com\/it\/wp-json\/wp\/v2\/comments?post=5087"}],"version-history":[{"count":31,"href":"https:\/\/grapebreed4ipm.com\/it\/wp-json\/wp\/v2\/pages\/5087\/revisions"}],"predecessor-version":[{"id":7518,"href":"https:\/\/grapebreed4ipm.com\/it\/wp-json\/wp\/v2\/pages\/5087\/revisions\/7518"}],"wp:attachment":[{"href":"https:\/\/grapebreed4ipm.com\/it\/wp-json\/wp\/v2\/media?parent=5087"}],"curies":[{"name":"wp","href":"https:\/\/api.w.org\/{rel}","templated":true}]}}