{"id":5118,"date":"2024-12-19T19:15:53","date_gmt":"2024-12-19T19:15:53","guid":{"rendered":"http:\/\/grapebreed4ipm.com\/notizie\/"},"modified":"2026-02-02T21:33:03","modified_gmt":"2026-02-02T21:33:03","slug":"notizie","status":"publish","type":"page","link":"https:\/\/grapebreed4ipm.com\/it\/notizie\/","title":{"rendered":"Notizie"},"content":{"rendered":"\t\t<div data-elementor-type=\"wp-post\" data-elementor-id=\"5118\" class=\"elementor elementor-5118 elementor-1976\" data-elementor-post-type=\"page\">\n\t\t\t\t<div class=\"elementor-element elementor-element-efcbaf9 e-flex e-con-boxed e-con e-parent\" data-id=\"efcbaf9\" data-element_type=\"container\" data-settings=\"{&quot;background_background&quot;:&quot;classic&quot;}\">\n\t\t\t\t\t<div class=\"e-con-inner\">\n\t\t<div class=\"elementor-element elementor-element-e92ba4d e-con-full e-flex e-con e-child\" data-id=\"e92ba4d\" data-element_type=\"container\">\n\t\t\t\t<div class=\"elementor-element elementor-element-0d37d47 elementor-widget elementor-widget-heading\" data-id=\"0d37d47\" data-element_type=\"widget\" data-widget_type=\"heading.default\">\n\t\t\t\t<div class=\"elementor-widget-container\">\n\t\t\t\t\t<h5 class=\"elementor-heading-title elementor-size-default\">GrapeBreed 4 IPM<\/h5>\t\t\t\t<\/div>\n\t\t\t\t<\/div>\n\t\t\t\t<div class=\"elementor-element elementor-element-8c407b5 elementor-widget elementor-widget-heading\" data-id=\"8c407b5\" data-element_type=\"widget\" data-widget_type=\"heading.default\">\n\t\t\t\t<div class=\"elementor-widget-container\">\n\t\t\t\t\t<h1 class=\"elementor-heading-title elementor-size-default\">Notizie<\/h1>\t\t\t\t<\/div>\n\t\t\t\t<\/div>\n\t\t\t\t<\/div>\n\t\t\t\t\t<\/div>\n\t\t\t\t<\/div>\n\t\t<div class=\"elementor-element elementor-element-40d28ed e-flex e-con-boxed e-con e-parent\" data-id=\"40d28ed\" data-element_type=\"container\">\n\t\t\t\t\t<div class=\"e-con-inner\">\n\t\t\t\t<div class=\"elementor-element elementor-element-45eb83c elementor-grid-3 elementor-grid-tablet-2 elementor-grid-mobile-1 elementor-posts--thumbnail-top elementor-widget elementor-widget-posts\" data-id=\"45eb83c\" data-element_type=\"widget\" data-settings=\"{&quot;pagination_type&quot;:&quot;numbers_and_prev_next&quot;,&quot;classic_row_gap&quot;:{&quot;unit&quot;:&quot;px&quot;,&quot;size&quot;:30,&quot;sizes&quot;:[]},&quot;classic_columns&quot;:&quot;3&quot;,&quot;classic_columns_tablet&quot;:&quot;2&quot;,&quot;classic_columns_mobile&quot;:&quot;1&quot;,&quot;classic_row_gap_tablet&quot;:{&quot;unit&quot;:&quot;px&quot;,&quot;size&quot;:&quot;&quot;,&quot;sizes&quot;:[]},&quot;classic_row_gap_mobile&quot;:{&quot;unit&quot;:&quot;px&quot;,&quot;size&quot;:&quot;&quot;,&quot;sizes&quot;:[]}}\" data-widget_type=\"posts.classic\">\n\t\t\t\t<div class=\"elementor-widget-container\">\n\t\t\t\t\t\t\t<div class=\"elementor-posts-container elementor-posts elementor-posts--skin-classic elementor-grid\">\n\t\t\t\t<article class=\"elementor-post elementor-grid-item post-10290 post type-post status-publish format-standard has-post-thumbnail hentry category-notizie category-notizie-cbw\">\n\t\t\t\t<a class=\"elementor-post__thumbnail__link\" href=\"https:\/\/grapebreed4ipm.com\/it\/innovazione-per-una-viticoltura-sostenibile-stakeholder-svizzeri-discutono-il-potenziale-delle-varieta-piwi\/\" tabindex=\"-1\" >\n\t\t\t<div class=\"elementor-post__thumbnail\"><img fetchpriority=\"high\" decoding=\"async\" width=\"768\" height=\"432\" src=\"https:\/\/grapebreed4ipm.com\/wp-content\/uploads\/2026\/03\/Switzerland-768x432.jpeg\" class=\"attachment-medium_large size-medium_large wp-image-10283\" alt=\"\" srcset=\"https:\/\/grapebreed4ipm.com\/wp-content\/uploads\/2026\/03\/Switzerland-768x432.jpeg 768w, https:\/\/grapebreed4ipm.com\/wp-content\/uploads\/2026\/03\/Switzerland-300x169.jpeg 300w, https:\/\/grapebreed4ipm.com\/wp-content\/uploads\/2026\/03\/Switzerland-1024x576.jpeg 1024w, https:\/\/grapebreed4ipm.com\/wp-content\/uploads\/2026\/03\/Switzerland.jpeg 1182w\" sizes=\"(max-width: 768px) 100vw, 768px\" \/><\/div>\n\t\t<\/a>\n\t\t\t\t<div class=\"elementor-post__text\">\n\t\t\t\t<h3 class=\"elementor-post__title\">\n\t\t\t<a href=\"https:\/\/grapebreed4ipm.com\/it\/innovazione-per-una-viticoltura-sostenibile-stakeholder-svizzeri-discutono-il-potenziale-delle-varieta-piwi\/\" >\n\t\t\t\tInnovazione per una viticoltura sostenibile: stakeholder svizzeri discutono il potenziale delle variet\u00e0 PIWI\t\t\t<\/a>\n\t\t<\/h3>\n\t\t\t\t<div class=\"elementor-post__meta-data\">\n\t\t\t\t\t<span class=\"elementor-post-date\">\n\t\t\tMarzo 23, 2026\t\t<\/span>\n\t\t\t\t<\/div>\n\t\t\t\t<div class=\"elementor-post__excerpt\">\n\t\t\t<p>La transizione verso una viticoltura pi\u00f9 sostenibile sta guadagnando slancio in tutta Europa. Le variet\u00e0 di vite resistenti ai funghi, note come PIWI, sono sempre pi\u00f9 considerate un percorso promettente per ridurre l\u2019uso di prodotti chimici per la protezione delle piante mantenendo al contempo la produttivit\u00e0 dei vigneti e la<\/p>\n\t\t<\/div>\n\t\t\t\t\t<div class=\"elementor-post__read-more-wrapper\">\n\t\t\n\t\t<a class=\"elementor-post__read-more\" href=\"https:\/\/grapebreed4ipm.com\/it\/innovazione-per-una-viticoltura-sostenibile-stakeholder-svizzeri-discutono-il-potenziale-delle-varieta-piwi\/\" aria-label=\"Read more about Innovazione per una viticoltura sostenibile: stakeholder svizzeri discutono il potenziale delle variet\u00e0 PIWI\" tabindex=\"-1\" >\n\t\t\tPer saperne di pi\u00f9 \u00bb\t\t<\/a>\n\n\t\t\t\t\t<\/div>\n\t\t\t\t<\/div>\n\t\t\t\t<\/article>\n\t\t\t\t<article class=\"elementor-post elementor-grid-item post-10273 post type-post status-publish format-standard has-post-thumbnail hentry category-notizie category-notizie-cbw\">\n\t\t\t\t<a class=\"elementor-post__thumbnail__link\" href=\"https:\/\/grapebreed4ipm.com\/it\/esperti-del-vino-francesi-discutono-il-futuro-delle-varieta-di-vite-robuste\/\" tabindex=\"-1\" >\n\t\t\t<div class=\"elementor-post__thumbnail\"><img decoding=\"async\" width=\"768\" height=\"576\" src=\"https:\/\/grapebreed4ipm.com\/wp-content\/uploads\/2026\/03\/Francia-768x576.jpeg\" class=\"attachment-medium_large size-medium_large wp-image-10268\" alt=\"\" srcset=\"https:\/\/grapebreed4ipm.com\/wp-content\/uploads\/2026\/03\/Francia-768x576.jpeg 768w, https:\/\/grapebreed4ipm.com\/wp-content\/uploads\/2026\/03\/Francia-300x225.jpeg 300w, https:\/\/grapebreed4ipm.com\/wp-content\/uploads\/2026\/03\/Francia-1024x768.jpeg 1024w, https:\/\/grapebreed4ipm.com\/wp-content\/uploads\/2026\/03\/Francia.jpeg 1210w\" sizes=\"(max-width: 768px) 100vw, 768px\" \/><\/div>\n\t\t<\/a>\n\t\t\t\t<div class=\"elementor-post__text\">\n\t\t\t\t<h3 class=\"elementor-post__title\">\n\t\t\t<a href=\"https:\/\/grapebreed4ipm.com\/it\/esperti-del-vino-francesi-discutono-il-futuro-delle-varieta-di-vite-robuste\/\" >\n\t\t\t\tEsperti del vino francesi discutono il futuro delle variet\u00e0 di vite robuste\t\t\t<\/a>\n\t\t<\/h3>\n\t\t\t\t<div class=\"elementor-post__meta-data\">\n\t\t\t\t\t<span class=\"elementor-post-date\">\n\t\t\tMarzo 23, 2026\t\t<\/span>\n\t\t\t\t<\/div>\n\t\t\t\t<div class=\"elementor-post__excerpt\">\n\t\t\t<p>Nell\u2019ambito del progetto GrapeBreed4IPM, team di ricerca in tutta Europa stanno esplorando strategie per rafforzare la percezione e l\u2019accettazione di mercato dei vini prodotti da variet\u00e0 di vite resistenti ai funghi note come PIWI. Queste variet\u00e0 contribuiscono in modo significativo a una viticoltura pi\u00f9 sostenibile riducendo la necessit\u00e0 di prodotti<\/p>\n\t\t<\/div>\n\t\t\t\t\t<div class=\"elementor-post__read-more-wrapper\">\n\t\t\n\t\t<a class=\"elementor-post__read-more\" href=\"https:\/\/grapebreed4ipm.com\/it\/esperti-del-vino-francesi-discutono-il-futuro-delle-varieta-di-vite-robuste\/\" aria-label=\"Read more about Esperti del vino francesi discutono il futuro delle variet\u00e0 di vite robuste\" tabindex=\"-1\" >\n\t\t\tPer saperne di pi\u00f9 \u00bb\t\t<\/a>\n\n\t\t\t\t\t<\/div>\n\t\t\t\t<\/div>\n\t\t\t\t<\/article>\n\t\t\t\t<article class=\"elementor-post elementor-grid-item post-10257 post type-post status-publish format-standard has-post-thumbnail hentry category-notizie category-notizie-cbw\">\n\t\t\t\t<a class=\"elementor-post__thumbnail__link\" href=\"https:\/\/grapebreed4ipm.com\/it\/progettare-percorsi-di-mercato-per-i-vini-piwi-gli-stakeholder-si-incontrano-in-italia\/\" tabindex=\"-1\" >\n\t\t\t<div class=\"elementor-post__thumbnail\"><img decoding=\"async\" width=\"768\" height=\"432\" src=\"https:\/\/grapebreed4ipm.com\/wp-content\/uploads\/2026\/03\/Italia-768x432.jpeg\" class=\"attachment-medium_large size-medium_large wp-image-10252\" alt=\"\" srcset=\"https:\/\/grapebreed4ipm.com\/wp-content\/uploads\/2026\/03\/Italia-768x432.jpeg 768w, https:\/\/grapebreed4ipm.com\/wp-content\/uploads\/2026\/03\/Italia-300x169.jpeg 300w, https:\/\/grapebreed4ipm.com\/wp-content\/uploads\/2026\/03\/Italia-1024x576.jpeg 1024w, https:\/\/grapebreed4ipm.com\/wp-content\/uploads\/2026\/03\/Italia.jpeg 1182w\" sizes=\"(max-width: 768px) 100vw, 768px\" \/><\/div>\n\t\t<\/a>\n\t\t\t\t<div class=\"elementor-post__text\">\n\t\t\t\t<h3 class=\"elementor-post__title\">\n\t\t\t<a href=\"https:\/\/grapebreed4ipm.com\/it\/progettare-percorsi-di-mercato-per-i-vini-piwi-gli-stakeholder-si-incontrano-in-italia\/\" >\n\t\t\t\tProgettare percorsi di mercato per i vini PIWI: gli stakeholder si incontrano in Italia\t\t\t<\/a>\n\t\t<\/h3>\n\t\t\t\t<div class=\"elementor-post__meta-data\">\n\t\t\t\t\t<span class=\"elementor-post-date\">\n\t\t\tMarzo 23, 2026\t\t<\/span>\n\t\t\t\t<\/div>\n\t\t\t\t<div class=\"elementor-post__excerpt\">\n\t\t\t<p>Nell\u2019ambito del progetto GrapeBreed4IPM, il lavoro sta progredendo in tutta Europa per esplorare strategie in grado di migliorare la percezione e l\u2019accettazione di mercato dei vini prodotti da variet\u00e0 di vite resistenti ai funghi note come PIWI. Queste variet\u00e0 svolgono un ruolo importante nel promuovere una viticoltura sostenibile riducendo significativamente<\/p>\n\t\t<\/div>\n\t\t\t\t\t<div class=\"elementor-post__read-more-wrapper\">\n\t\t\n\t\t<a class=\"elementor-post__read-more\" href=\"https:\/\/grapebreed4ipm.com\/it\/progettare-percorsi-di-mercato-per-i-vini-piwi-gli-stakeholder-si-incontrano-in-italia\/\" aria-label=\"Read more about Progettare percorsi di mercato per i vini PIWI: gli stakeholder si incontrano in Italia\" tabindex=\"-1\" >\n\t\t\tPer saperne di pi\u00f9 \u00bb\t\t<\/a>\n\n\t\t\t\t\t<\/div>\n\t\t\t\t<\/div>\n\t\t\t\t<\/article>\n\t\t\t\t<article class=\"elementor-post elementor-grid-item post-10242 post type-post status-publish format-standard has-post-thumbnail hentry category-notizie category-notizie-cbw\">\n\t\t\t\t<a class=\"elementor-post__thumbnail__link\" href=\"https:\/\/grapebreed4ipm.com\/it\/ripensare-il-futuro-dei-vini-piwi-esperti-austriaci-sviluppano-nuove-idee-per-una-viticoltura-sostenibile\/\" tabindex=\"-1\" >\n\t\t\t<div class=\"elementor-post__thumbnail\"><img loading=\"lazy\" decoding=\"async\" width=\"768\" height=\"432\" src=\"https:\/\/grapebreed4ipm.com\/wp-content\/uploads\/2026\/03\/Austria-768x432.jpeg\" class=\"attachment-medium_large size-medium_large wp-image-10236\" alt=\"\" srcset=\"https:\/\/grapebreed4ipm.com\/wp-content\/uploads\/2026\/03\/Austria-768x432.jpeg 768w, https:\/\/grapebreed4ipm.com\/wp-content\/uploads\/2026\/03\/Austria-300x169.jpeg 300w, https:\/\/grapebreed4ipm.com\/wp-content\/uploads\/2026\/03\/Austria-1024x576.jpeg 1024w, https:\/\/grapebreed4ipm.com\/wp-content\/uploads\/2026\/03\/Austria.jpeg 1182w\" sizes=\"(max-width: 768px) 100vw, 768px\" \/><\/div>\n\t\t<\/a>\n\t\t\t\t<div class=\"elementor-post__text\">\n\t\t\t\t<h3 class=\"elementor-post__title\">\n\t\t\t<a href=\"https:\/\/grapebreed4ipm.com\/it\/ripensare-il-futuro-dei-vini-piwi-esperti-austriaci-sviluppano-nuove-idee-per-una-viticoltura-sostenibile\/\" >\n\t\t\t\tRipensare il futuro dei vini PIWI: esperti austriaci sviluppano nuove idee per una viticoltura sostenibile\t\t\t<\/a>\n\t\t<\/h3>\n\t\t\t\t<div class=\"elementor-post__meta-data\">\n\t\t\t\t\t<span class=\"elementor-post-date\">\n\t\t\tMarzo 23, 2026\t\t<\/span>\n\t\t\t\t<\/div>\n\t\t\t\t<div class=\"elementor-post__excerpt\">\n\t\t\t<p>Come possono le variet\u00e0 di vite resistenti ai funghi diventare una parte pi\u00f9 rilevante del mercato vinicolo europeo? Questa domanda \u00e8 stata al centro di un workshop di Design Thinking tenutosi in Austria nell\u2019ambito del progetto GrapeBreed4IPM. Esperti di viticoltura, ricerca e settore vinicolo si sono riuniti per scambiarsi esperienze<\/p>\n\t\t<\/div>\n\t\t\t\t\t<div class=\"elementor-post__read-more-wrapper\">\n\t\t\n\t\t<a class=\"elementor-post__read-more\" href=\"https:\/\/grapebreed4ipm.com\/it\/ripensare-il-futuro-dei-vini-piwi-esperti-austriaci-sviluppano-nuove-idee-per-una-viticoltura-sostenibile\/\" aria-label=\"Read more about Ripensare il futuro dei vini PIWI: esperti austriaci sviluppano nuove idee per una viticoltura sostenibile\" tabindex=\"-1\" >\n\t\t\tPer saperne di pi\u00f9 \u00bb\t\t<\/a>\n\n\t\t\t\t\t<\/div>\n\t\t\t\t<\/div>\n\t\t\t\t<\/article>\n\t\t\t\t<article class=\"elementor-post elementor-grid-item post-10191 post type-post status-publish format-standard has-post-thumbnail hentry category-notizie\">\n\t\t\t\t<a class=\"elementor-post__thumbnail__link\" href=\"https:\/\/grapebreed4ipm.com\/it\/partecipa-ora-sondaggio-europeo-sul-futuro-della-viticoltura\/\" tabindex=\"-1\" >\n\t\t\t<div class=\"elementor-post__thumbnail\"><img loading=\"lazy\" decoding=\"async\" width=\"768\" height=\"768\" src=\"https:\/\/grapebreed4ipm.com\/wp-content\/uploads\/2026\/03\/qr-code_survey-768x768.png\" class=\"attachment-medium_large size-medium_large wp-image-10192\" alt=\"\" srcset=\"https:\/\/grapebreed4ipm.com\/wp-content\/uploads\/2026\/03\/qr-code_survey-768x768.png 768w, https:\/\/grapebreed4ipm.com\/wp-content\/uploads\/2026\/03\/qr-code_survey-300x300.png 300w, https:\/\/grapebreed4ipm.com\/wp-content\/uploads\/2026\/03\/qr-code_survey-1024x1024.png 1024w, https:\/\/grapebreed4ipm.com\/wp-content\/uploads\/2026\/03\/qr-code_survey-150x150.png 150w, https:\/\/grapebreed4ipm.com\/wp-content\/uploads\/2026\/03\/qr-code_survey.png 1280w\" sizes=\"(max-width: 768px) 100vw, 768px\" \/><\/div>\n\t\t<\/a>\n\t\t\t\t<div class=\"elementor-post__text\">\n\t\t\t\t<h3 class=\"elementor-post__title\">\n\t\t\t<a href=\"https:\/\/grapebreed4ipm.com\/it\/partecipa-ora-sondaggio-europeo-sul-futuro-della-viticoltura\/\" >\n\t\t\t\tPartecipa ora: sondaggio europeo sul futuro della viticoltura\t\t\t<\/a>\n\t\t<\/h3>\n\t\t\t\t<div class=\"elementor-post__meta-data\">\n\t\t\t\t\t<span class=\"elementor-post-date\">\n\t\t\tMarzo 4, 2026\t\t<\/span>\n\t\t\t\t<\/div>\n\t\t\t\t<div class=\"elementor-post__excerpt\">\n\t\t\t<p>Nell&#8217;ambito del progetto di ricerca europeo GrapeBreed4IPM \u00e8 actualmente en corso un sondeo online a livello europeo rivolto a viticoltori, esperti provenienti da ricerca, consulenza e commercio del vino, nonch\u00e9 ai consumatori. L&#8217;obiettivo dello studio \u00e8 ottenere un quadro diferenziato degli sviluppi attuali del settore vitivinicolo europeo. L&#8217;indagine si concentra<\/p>\n\t\t<\/div>\n\t\t\t\t\t<div class=\"elementor-post__read-more-wrapper\">\n\t\t\n\t\t<a class=\"elementor-post__read-more\" href=\"https:\/\/grapebreed4ipm.com\/it\/partecipa-ora-sondaggio-europeo-sul-futuro-della-viticoltura\/\" aria-label=\"Read more about Partecipa ora: sondaggio europeo sul futuro della viticoltura\" tabindex=\"-1\" >\n\t\t\tPer saperne di pi\u00f9 \u00bb\t\t<\/a>\n\n\t\t\t\t\t<\/div>\n\t\t\t\t<\/div>\n\t\t\t\t<\/article>\n\t\t\t\t<article class=\"elementor-post elementor-grid-item post-10187 post type-post status-publish format-standard has-post-thumbnail hentry category-notizie tag-kathrin-schnurrer-it tag-piwi-it\">\n\t\t\t\t<a class=\"elementor-post__thumbnail__link\" href=\"https:\/\/grapebreed4ipm.com\/it\/perche-i-piwi-sono-cosi-impopolari\/\" tabindex=\"-1\" >\n\t\t\t<div class=\"elementor-post__thumbnail\"><img loading=\"lazy\" decoding=\"async\" width=\"750\" height=\"555\" src=\"https:\/\/grapebreed4ipm.com\/wp-content\/uploads\/2026\/03\/Miri_Katha.png\" class=\"attachment-medium_large size-medium_large wp-image-10175\" alt=\"\" srcset=\"https:\/\/grapebreed4ipm.com\/wp-content\/uploads\/2026\/03\/Miri_Katha.png 750w, https:\/\/grapebreed4ipm.com\/wp-content\/uploads\/2026\/03\/Miri_Katha-300x222.png 300w\" sizes=\"(max-width: 750px) 100vw, 750px\" \/><\/div>\n\t\t<\/a>\n\t\t\t\t<div class=\"elementor-post__text\">\n\t\t\t\t<h3 class=\"elementor-post__title\">\n\t\t\t<a href=\"https:\/\/grapebreed4ipm.com\/it\/perche-i-piwi-sono-cosi-impopolari\/\" >\n\t\t\t\tPerch\u00e9 i Piwi sono cos\u00ec impopolari?\t\t\t<\/a>\n\t\t<\/h3>\n\t\t\t\t<div class=\"elementor-post__meta-data\">\n\t\t\t\t\t<span class=\"elementor-post-date\">\n\t\t\tMarzo 3, 2026\t\t<\/span>\n\t\t\t\t<\/div>\n\t\t\t\t<div class=\"elementor-post__excerpt\">\n\t\t\t<p>Di Kathrin Schnurrer Neustadt. \u00abParte del problema \u00e8 che le persone preferiscono occuparsi dei problemi piuttosto che cercare soluzioni\u00bb, afferma Miriam J\u00e4ger. \u00c8 una frase che ben si adatta alla maggior parte delle situazioni della vita. La scienziata Miriam J\u00e4ger e la sua collega Katharina Kleiner non si occupano per\u00f2<\/p>\n\t\t<\/div>\n\t\t\t\t\t<div class=\"elementor-post__read-more-wrapper\">\n\t\t\n\t\t<a class=\"elementor-post__read-more\" href=\"https:\/\/grapebreed4ipm.com\/it\/perche-i-piwi-sono-cosi-impopolari\/\" aria-label=\"Read more about Perch\u00e9 i Piwi sono cos\u00ec impopolari?\" tabindex=\"-1\" >\n\t\t\tPer saperne di pi\u00f9 \u00bb\t\t<\/a>\n\n\t\t\t\t\t<\/div>\n\t\t\t\t<\/div>\n\t\t\t\t<\/article>\n\t\t\t\t<\/div>\n\t\t\n\t\t\t\t<div class=\"e-load-more-anchor\" data-page=\"1\" data-max-page=\"3\" data-next-page=\"https:\/\/grapebreed4ipm.com\/it\/wp-json\/wp\/v2\/pages\/5118\/page\/2\/\"><\/div>\n\t\t\t\t<nav class=\"elementor-pagination\" aria-label=\"Pagination\">\n\t\t\t<span class=\"page-numbers prev\">\u00ab Anteriore<\/span>\n<span aria-current=\"page\" class=\"page-numbers current\"><span class=\"elementor-screen-only\">Page<\/span>1<\/span>\n<a class=\"page-numbers\" href=\"https:\/\/grapebreed4ipm.com\/it\/wp-json\/wp\/v2\/pages\/5118\/page\/2\/\"><span class=\"elementor-screen-only\">Page<\/span>2<\/a>\n<a class=\"page-numbers\" href=\"https:\/\/grapebreed4ipm.com\/it\/wp-json\/wp\/v2\/pages\/5118\/page\/3\/\"><span class=\"elementor-screen-only\">Page<\/span>3<\/a>\n<a class=\"page-numbers next\" href=\"https:\/\/grapebreed4ipm.com\/it\/wp-json\/wp\/v2\/pages\/5118\/page\/2\/\">Prossima \u00bb<\/a>\t\t<\/nav>\n\t\t\t\t\t\t<\/div>\n\t\t\t\t<\/div>\n\t\t\t\t\t<\/div>\n\t\t\t\t<\/div>\n\t\t\t\t<\/div>\n\t\t","protected":false},"excerpt":{"rendered":"<p>GrapeBreed 4 IPM Notizie<\/p>\n","protected":false},"author":1,"featured_media":0,"parent":0,"menu_order":0,"comment_status":"closed","ping_status":"closed","template":"","meta":{"site-sidebar-layout":"no-sidebar","site-content-layout":"page-builder","ast-site-content-layout":"full-width-container","site-content-style":"unboxed","site-sidebar-style":"unboxed","ast-global-header-display":"","ast-banner-title-visibility":"","ast-main-header-display":"","ast-hfb-above-header-display":"","ast-hfb-below-header-display":"","ast-hfb-mobile-header-display":"","site-post-title":"disabled","ast-breadcrumbs-content":"","ast-featured-img":"disabled","footer-sml-layout":"","theme-transparent-header-meta":"enabled","adv-header-id-meta":"","stick-header-meta":"","header-above-stick-meta":"","header-main-stick-meta":"","header-below-stick-meta":"","astra-migrate-meta-layouts":"default","ast-page-background-enabled":"default","ast-page-background-meta":{"desktop":{"background-color":"","background-image":"","background-repeat":"repeat","background-position":"center center","background-size":"auto","background-attachment":"scroll","background-type":"","background-media":"","overlay-type":"","overlay-color":"","overlay-opacity":"","overlay-gradient":""},"tablet":{"background-color":"","background-image":"","background-repeat":"repeat","background-position":"center center","background-size":"auto","background-attachment":"scroll","background-type":"","background-media":"","overlay-type":"","overlay-color":"","overlay-opacity":"","overlay-gradient":""},"mobile":{"background-color":"","background-image":"","background-repeat":"repeat","background-position":"center center","background-size":"auto","background-attachment":"scroll","background-type":"","background-media":"","overlay-type":"","overlay-color":"","overlay-opacity":"","overlay-gradient":""}},"ast-content-background-meta":{"desktop":{"background-color":"var(--ast-global-color-5)","background-image":"","background-repeat":"repeat","background-position":"center center","background-size":"auto","background-attachment":"scroll","background-type":"","background-media":"","overlay-type":"","overlay-color":"","overlay-opacity":"","overlay-gradient":""},"tablet":{"background-color":"var(--ast-global-color-5)","background-image":"","background-repeat":"repeat","background-position":"center center","background-size":"auto","background-attachment":"scroll","background-type":"","background-media":"","overlay-type":"","overlay-color":"","overlay-opacity":"","overlay-gradient":""},"mobile":{"background-color":"var(--ast-global-color-5)","background-image":"","background-repeat":"repeat","background-position":"center center","background-size":"auto","background-attachment":"scroll","background-type":"","background-media":"","overlay-type":"","overlay-color":"","overlay-opacity":"","overlay-gradient":""}},"footnotes":""},"class_list":["post-5118","page","type-page","status-publish","hentry"],"_links":{"self":[{"href":"https:\/\/grapebreed4ipm.com\/it\/wp-json\/wp\/v2\/pages\/5118","targetHints":{"allow":["GET"]}}],"collection":[{"href":"https:\/\/grapebreed4ipm.com\/it\/wp-json\/wp\/v2\/pages"}],"about":[{"href":"https:\/\/grapebreed4ipm.com\/it\/wp-json\/wp\/v2\/types\/page"}],"author":[{"embeddable":true,"href":"https:\/\/grapebreed4ipm.com\/it\/wp-json\/wp\/v2\/users\/1"}],"replies":[{"embeddable":true,"href":"https:\/\/grapebreed4ipm.com\/it\/wp-json\/wp\/v2\/comments?post=5118"}],"version-history":[{"count":18,"href":"https:\/\/grapebreed4ipm.com\/it\/wp-json\/wp\/v2\/pages\/5118\/revisions"}],"predecessor-version":[{"id":9772,"href":"https:\/\/grapebreed4ipm.com\/it\/wp-json\/wp\/v2\/pages\/5118\/revisions\/9772"}],"wp:attachment":[{"href":"https:\/\/grapebreed4ipm.com\/it\/wp-json\/wp\/v2\/media?parent=5118"}],"curies":[{"name":"wp","href":"https:\/\/api.w.org\/{rel}","templated":true}]}}