{"id":5290,"date":"2024-12-26T15:02:34","date_gmt":"2024-12-26T15:02:34","guid":{"rendered":"http:\/\/grapebreed4ipm.com\/informativa-sulla-privacy\/"},"modified":"2025-02-21T02:27:08","modified_gmt":"2025-02-21T02:27:08","slug":"informativa-sulla-privacy","status":"publish","type":"page","link":"https:\/\/grapebreed4ipm.com\/it\/informativa-sulla-privacy\/","title":{"rendered":"Informativa sulla privacy"},"content":{"rendered":"\t\t<div data-elementor-type=\"wp-post\" data-elementor-id=\"5290\" class=\"elementor elementor-5290 elementor-3077\" data-elementor-post-type=\"page\">\n\t\t\t\t<div class=\"elementor-element elementor-element-d0353b4 e-flex e-con-boxed e-con e-parent\" data-id=\"d0353b4\" data-element_type=\"container\" data-settings=\"{&quot;background_background&quot;:&quot;classic&quot;}\">\n\t\t\t\t\t<div class=\"e-con-inner\">\n\t\t<div class=\"elementor-element elementor-element-7c96fce e-con-full e-flex e-con e-child\" data-id=\"7c96fce\" data-element_type=\"container\">\n\t\t\t\t<div class=\"elementor-element elementor-element-8b70abd elementor-widget elementor-widget-heading\" data-id=\"8b70abd\" data-element_type=\"widget\" data-widget_type=\"heading.default\">\n\t\t\t\t<div class=\"elementor-widget-container\">\n\t\t\t\t\t<h5 class=\"elementor-heading-title elementor-size-default\">GrapeBreed 4 IPM<\/h5>\t\t\t\t<\/div>\n\t\t\t\t<\/div>\n\t\t\t\t<div class=\"elementor-element elementor-element-11d86be elementor-widget elementor-widget-heading\" data-id=\"11d86be\" data-element_type=\"widget\" data-widget_type=\"heading.default\">\n\t\t\t\t<div class=\"elementor-widget-container\">\n\t\t\t\t\t<h1 class=\"elementor-heading-title elementor-size-default\">Informativa sulla privacy<\/h1>\t\t\t\t<\/div>\n\t\t\t\t<\/div>\n\t\t\t\t<\/div>\n\t\t\t\t\t<\/div>\n\t\t\t\t<\/div>\n\t\t<div class=\"elementor-element elementor-element-724ac10 e-flex e-con-boxed e-con e-parent\" data-id=\"724ac10\" data-element_type=\"container\">\n\t\t\t\t\t<div class=\"e-con-inner\">\n\t\t\t\t<div class=\"elementor-element elementor-element-7f3fdc5 elementor-widget elementor-widget-text-editor\" data-id=\"7f3fdc5\" data-element_type=\"widget\" data-widget_type=\"text-editor.default\">\n\t\t\t\t<div class=\"elementor-widget-container\">\n\t\t\t\t\t\t\t\t\t<p>De conformidad con lo establecido en el Reglamento General de Protecci\u00f3n de Datos (RGPD) y cualquier otra legislaci\u00f3n vigente que pudiese resultar aplicable en materia de protecci\u00f3n de datos de car\u00e1cter personal:<\/p>\n<ol>\n<li>Le informamos de que sus datos personales introducidos a trav\u00e9s de la secci\u00f3n correspondiente de la p\u00e1gina web https:\/\/www.ptvino.com\/index.php\/es\/ , as\u00ed como los que, en su caso, pudiera facilitar en el futuro en el marco de su relaci\u00f3n con esta entidad, ser\u00e1n recogidos y tratados por Plataforma Tecnol\u00f3gica del Vino, con la finalidad de:\n<ol>\n<li type=\"a\"><strong>Contacto:<\/strong><br \/>Gestionar las dudas o consultas que se les pueda plantear.<\/li>\n<li type=\"a\"><strong>Buz\u00f3n de consultas, patentes y marcas:<\/strong><br \/>Gestionar sus datos para enviarle informaci\u00f3n comercial.<\/li>\n<li type=\"a\"><strong>Newsletter:<\/strong><\/li>\n<\/ol>\n<\/li>\n<\/ol>\n<ul>\n<li style=\"list-style-type: none;\">\n<ul style=\"margin-top: -1em; margin-left: 2.5em;\">\n<li>Gestionar sus datos para enviarle informaci\u00f3n comercial personalizada seg\u00fan sus preferencias y gustos.<\/li>\n<li>Realizar estudios con fines estad\u00edsticos<\/li>\n<li>Si ha marcado la casilla de aceptaci\u00f3n de env\u00edo de acciones personalizadas de acuerdo con sus gustos y preferencias que Vd. haya podido manifestar mediante el acceso a determinadas \u00e1reas de la web le enviaremos comunicaciones comerciales personalizadas.<\/li>\n<\/ul>\n<\/li>\n<\/ul>\n<ol start=\"2\">\n<li>Que el responsable del tratamiento es Plataforma Tecnol\u00f3gica del Vino, con domicilio fiscal en C\/ del Monte Esquinza, 28, 4\u00ba derecha, 28010, Madrid, y que sus datos personales \u00fanicamente ser\u00e1n tratados por \u00e9sta.<\/li>\n<li>Este tratamiento es leg\u00edtimo porque Vd. ha prestado su consentimiento.<\/li>\n<li>Que puede ejercitar sus derechos de acceso, rectificaci\u00f3n, supresi\u00f3n, oposici\u00f3n, limitaci\u00f3n del tratamiento y portabilidad de sus datos, as\u00ed como revocar el consentimiento prestado para el env\u00edo de comunicaciones comerciales, o el consentimiento al tratamiento de datos personales podr\u00e1 dirigirse por escrito a C\/ del Monte Esquinza, 28, 4\u00ba derecha, 28010, Madrid, o mediante correo electr\u00f3nico a la siguiente direcci\u00f3n dataprotect@excelsiadistribucion.com incluyendo la referencia \u201cDatos personales\u201d y en ambos casos aportando una fotocopia del DNI o pasaporte.<br \/>Adem\u00e1s, en cada env\u00edo informativo sobre nuestros productos y servicios, incluiremos un link, o direcci\u00f3n electr\u00f3nica v\u00e1lida habilitada para que pueda darse de baja de estas comunicaciones.<\/li>\n<li>Conservaremos sus datos personales mientras Vd. no revoque el consentimiento prestado para el tratamiento de sus datos.<\/li>\n<li>Le informamos que podr\u00e1 ejercer su derecho de reclamaci\u00f3n delante de la autoridad competente, siendo en Espa\u00f1a la Agencia Espa\u00f1ola de Protecci\u00f3n de Datos en <a href=\"https:\/\/www.aepd.es\/\" target=\"_blank\" rel=\"noopener\">www.agpd.es<\/a>.<\/li>\n<\/ol>\n\t\t\t\t\t\t\t\t<\/div>\n\t\t\t\t<\/div>\n\t\t\t\t\t<\/div>\n\t\t\t\t<\/div>\n\t\t\t\t<\/div>\n\t\t","protected":false},"excerpt":{"rendered":"<p>GrapeBreed 4 IPM Informativa sulla privacy De conformidad con lo establecido en el Reglamento General de Protecci\u00f3n de Datos (RGPD) y cualquier otra legislaci\u00f3n vigente que pudiese resultar aplicable en materia de protecci\u00f3n de datos de car\u00e1cter personal: Le informamos de que sus datos personales introducidos a trav\u00e9s de la secci\u00f3n correspondiente de la p\u00e1gina [&hellip;]<\/p>\n","protected":false},"author":1,"featured_media":0,"parent":0,"menu_order":0,"comment_status":"closed","ping_status":"closed","template":"","meta":{"site-sidebar-layout":"no-sidebar","site-content-layout":"page-builder","ast-site-content-layout":"full-width-container","site-content-style":"unboxed","site-sidebar-style":"unboxed","ast-global-header-display":"","ast-banner-title-visibility":"","ast-main-header-display":"","ast-hfb-above-header-display":"","ast-hfb-below-header-display":"","ast-hfb-mobile-header-display":"","site-post-title":"disabled","ast-breadcrumbs-content":"","ast-featured-img":"disabled","footer-sml-layout":"","theme-transparent-header-meta":"enabled","adv-header-id-meta":"","stick-header-meta":"","header-above-stick-meta":"","header-main-stick-meta":"","header-below-stick-meta":"","astra-migrate-meta-layouts":"default","ast-page-background-enabled":"default","ast-page-background-meta":{"desktop":{"background-color":"","background-image":"","background-repeat":"repeat","background-position":"center center","background-size":"auto","background-attachment":"scroll","background-type":"","background-media":"","overlay-type":"","overlay-color":"","overlay-opacity":"","overlay-gradient":""},"tablet":{"background-color":"","background-image":"","background-repeat":"repeat","background-position":"center center","background-size":"auto","background-attachment":"scroll","background-type":"","background-media":"","overlay-type":"","overlay-color":"","overlay-opacity":"","overlay-gradient":""},"mobile":{"background-color":"","background-image":"","background-repeat":"repeat","background-position":"center center","background-size":"auto","background-attachment":"scroll","background-type":"","background-media":"","overlay-type":"","overlay-color":"","overlay-opacity":"","overlay-gradient":""}},"ast-content-background-meta":{"desktop":{"background-color":"var(--ast-global-color-5)","background-image":"","background-repeat":"repeat","background-position":"center center","background-size":"auto","background-attachment":"scroll","background-type":"","background-media":"","overlay-type":"","overlay-color":"","overlay-opacity":"","overlay-gradient":""},"tablet":{"background-color":"var(--ast-global-color-5)","background-image":"","background-repeat":"repeat","background-position":"center center","background-size":"auto","background-attachment":"scroll","background-type":"","background-media":"","overlay-type":"","overlay-color":"","overlay-opacity":"","overlay-gradient":""},"mobile":{"background-color":"var(--ast-global-color-5)","background-image":"","background-repeat":"repeat","background-position":"center center","background-size":"auto","background-attachment":"scroll","background-type":"","background-media":"","overlay-type":"","overlay-color":"","overlay-opacity":"","overlay-gradient":""}},"footnotes":""},"class_list":["post-5290","page","type-page","status-publish","hentry"],"_links":{"self":[{"href":"https:\/\/grapebreed4ipm.com\/it\/wp-json\/wp\/v2\/pages\/5290","targetHints":{"allow":["GET"]}}],"collection":[{"href":"https:\/\/grapebreed4ipm.com\/it\/wp-json\/wp\/v2\/pages"}],"about":[{"href":"https:\/\/grapebreed4ipm.com\/it\/wp-json\/wp\/v2\/types\/page"}],"author":[{"embeddable":true,"href":"https:\/\/grapebreed4ipm.com\/it\/wp-json\/wp\/v2\/users\/1"}],"replies":[{"embeddable":true,"href":"https:\/\/grapebreed4ipm.com\/it\/wp-json\/wp\/v2\/comments?post=5290"}],"version-history":[{"count":13,"href":"https:\/\/grapebreed4ipm.com\/it\/wp-json\/wp\/v2\/pages\/5290\/revisions"}],"predecessor-version":[{"id":7310,"href":"https:\/\/grapebreed4ipm.com\/it\/wp-json\/wp\/v2\/pages\/5290\/revisions\/7310"}],"wp:attachment":[{"href":"https:\/\/grapebreed4ipm.com\/it\/wp-json\/wp\/v2\/media?parent=5290"}],"curies":[{"name":"wp","href":"https:\/\/api.w.org\/{rel}","templated":true}]}}