{"id":5292,"date":"2025-01-09T21:49:07","date_gmt":"2025-01-09T21:49:07","guid":{"rendered":"http:\/\/grapebreed4ipm.com\/avviso-legale\/"},"modified":"2025-02-21T02:22:14","modified_gmt":"2025-02-21T02:22:14","slug":"avviso-legale","status":"publish","type":"page","link":"https:\/\/grapebreed4ipm.com\/it\/avviso-legale\/","title":{"rendered":"Avviso legale"},"content":{"rendered":"\t\t<div data-elementor-type=\"wp-post\" data-elementor-id=\"5292\" class=\"elementor elementor-5292 elementor-3140\" data-elementor-post-type=\"page\">\n\t\t\t\t<div class=\"elementor-element elementor-element-39f87e3 e-flex e-con-boxed e-con e-parent\" data-id=\"39f87e3\" data-element_type=\"container\" data-settings=\"{&quot;background_background&quot;:&quot;classic&quot;}\">\n\t\t\t\t\t<div class=\"e-con-inner\">\n\t\t<div class=\"elementor-element elementor-element-c6ec682 e-con-full e-flex e-con e-child\" data-id=\"c6ec682\" data-element_type=\"container\">\n\t\t\t\t<div class=\"elementor-element elementor-element-a110ea8 elementor-widget elementor-widget-heading\" data-id=\"a110ea8\" data-element_type=\"widget\" data-widget_type=\"heading.default\">\n\t\t\t\t<div class=\"elementor-widget-container\">\n\t\t\t\t\t<h5 class=\"elementor-heading-title elementor-size-default\">GrapeBreed 4 IPM<\/h5>\t\t\t\t<\/div>\n\t\t\t\t<\/div>\n\t\t\t\t<div class=\"elementor-element elementor-element-c1a41e6 legales elementor-widget elementor-widget-heading\" data-id=\"c1a41e6\" data-element_type=\"widget\" data-widget_type=\"heading.default\">\n\t\t\t\t<div class=\"elementor-widget-container\">\n\t\t\t\t\t<h1 class=\"elementor-heading-title elementor-size-default\">Avviso legale PTV<\/h1>\t\t\t\t<\/div>\n\t\t\t\t<\/div>\n\t\t\t\t<\/div>\n\t\t\t\t\t<\/div>\n\t\t\t\t<\/div>\n\t\t<div class=\"elementor-element elementor-element-724ac10 e-flex e-con-boxed e-con e-parent\" data-id=\"724ac10\" data-element_type=\"container\">\n\t\t\t\t\t<div class=\"e-con-inner\">\n\t\t\t\t<div class=\"elementor-element elementor-element-7f3fdc5 legales elementor-widget elementor-widget-text-editor\" data-id=\"7f3fdc5\" data-element_type=\"widget\" data-widget_type=\"text-editor.default\">\n\t\t\t\t<div class=\"elementor-widget-container\">\n\t\t\t\t\t\t\t\t\t<h3>1. Propriet\u00e0 del sito web<\/h3><h4>Nome della societ\u00e0:<\/h4><p style=\"padding-left: 40px;\">Piattaforma Tecnologica del Vino<\/p><h4>Indirizzo:<\/h4><p style=\"padding-left: 40px;\">C\/ del Monte Esquinza, 28, 4\u00ba derecha, 28010, Madrid<\/p><h4>Indirizzo e-mail di contatto:<\/h4><p style=\"padding-left: 40px;\">secretaria@ptvino.com<\/p><h4>Numero di identificazione fiscale (CIF):<\/h4><p style=\"padding-left: 40px;\">G-86766953<\/p><h4>Dati di registrazione:<\/h4><p style=\"padding-left: 40px;\">Registro Nazionale delle Associazioni, Sezione 1\u00aa Numero Nazionale 604371.<\/p><h3>2. Condizioni generali di utilizzo e accettazione delle stesse<\/h3><p style=\"padding-left: 40px;\">Le presenti condizioni generali di utilizzo del sito web, unitamente alle condizioni particolari che potranno essere stabilite, hanno lo scopo di regolamentare e informare gli utenti dei servizi forniti da PTV e di disciplinare l&#8217;utilizzo del sito web.<\/p><p style=\"padding-left: 40px;\">La navigazione e l&#8217;utilizzo dei servizi del sito web implicano l&#8217;accettazione, in qualit\u00e0 di Utente e senza riserve di alcun tipo, di tutte le condizioni generali di utilizzo, delle eventuali condizioni generali di contratto e di tutte le altre eventualmente esistenti in relazione alla fornitura dei servizi di PTV.<\/p><p style=\"padding-left: 40px;\">PTV potr\u00e0, in qualsiasi momento e senza preavviso, modificare le presenti condizioni generali e le condizioni particolari che vi sono incluse, pubblicando le suddette modifiche sul sito web in modo che siano preventivamente conosciute dagli utenti. Qualsiasi modifica alle presenti condizioni sar\u00e0 comunicata sulla pagina principale del sito web per un periodo di tempo ragionevole.<\/p><h4>Condizioni generali di utilizzo del sito web<\/h4><h5>Accesso al sito web e password<\/h5><p style=\"padding-left: 40px;\">I dati degli utenti ottenuti tramite l&#8217;iscrizione al sito sono protetti da password scelte dagli stessi. L&#8217;Utente si impegna a mantenere segreta la propria password e a proteggerla dall&#8217;uso non autorizzato da parte di terzi. Nel caso in cui venga divulgata a terzi, l&#8217;Utente sar\u00e0 responsabile dell&#8217;utilizzo del servizio da parte di questi ultimi. L&#8217;Utente \u00e8 inoltre tenuto a comunicare immediatamente a PTV qualsiasi uso non autorizzato del proprio account o qualsiasi violazione della sicurezza relativa al servizio del sito web di cui venga a conoscenza.<\/p><p style=\"padding-left: 40px;\">In Internet non esiste la sicurezza assoluta, ma PTV adotta le misure tecniche e organizzative necessarie per garantire la protezione dei dati personali ed evitarne l&#8217;alterazione, la perdita, l&#8217;elaborazione e\/o l&#8217;accesso non autorizzato, tenendo conto dello stato dell&#8217;arte, della natura dei dati memorizzati e dei rischi a cui sono esposti, il tutto in conformit\u00e0 con le disposizioni della legislazione spagnola in materia di protezione dei dati personali.<\/p><p style=\"padding-left: 40px;\">PTV non \u00e8 responsabile nei confronti degli Utenti per la divulgazione dei loro dati personali a terzi che non sia dovuta a cause direttamente imputabili a PTV, n\u00e9 per l&#8217;utilizzo di tali dati da parte di terzi esterni a PTV.<\/p><h3>3. Politica di protezione dei dati personali<\/h3><h4>3.1. Informazioni e finalit\u00e0<\/h4><p style=\"padding-left: 40px;\">La risposta totale o parziale ai moduli presenti su questo sito \u00e8 del tutto volontaria e la mancata risposta non ha alcuna conseguenza. In conformit\u00e0 alle disposizioni del Regolamento generale sulla protezione dei dati (RGPD) e di qualsiasi altra normativa vigente applicabile in materia di protezione dei dati personali.<\/p><p style=\"padding-left: 40px;\">Il trattamento \u00e8 legittimo sulla base del vostro consenso.<\/p><p style=\"padding-left: 40px;\">I vostri dati non saranno divulgati a terzi.<\/p><p style=\"padding-left: 40px;\">Per esercitare i diritti di accesso, rettifica, soppressione, opposizione, limitazione del trattamento e portabilit\u00e0 dei dati, nonch\u00e9 per revocare il consenso prestato per l&#8217;invio di comunicazioni commerciali, o il consenso al trattamento dei dati personali, \u00e8 possibile scrivere a C\/ del Monte Esquinza, 28, 4\u00ba derecha, 28010, Madrid o via e-mail con il riferimento \u201cDatos Personales\u201d al seguente indirizzo secretaria@ptvino.com, in entrambi i casi fornendo una fotocopia della carta d&#8217;identit\u00e0 o del passaporto.<\/p><p style=\"padding-left: 40px;\">Se desiderate ulteriori informazioni sul trattamento dei vostri dati personali, vi invitiamo a consultare la nostra politica sulla privacy al seguente link: <a href=\"https:\/\/grapebreed4ipm.com\/it\/informativa-sulla-privacy\/\">Informativa sulla privacy<\/a>.<\/p><h4>3.2. Consenso dell&#8217;Utente e invio di comunicazioni commerciali per via elettronica (art. 22 della Legge 34\/2002 sui servizi della societ\u00e0 dell&#8217;informazione e il commercio elettronico):<\/h4><p style=\"padding-left: 40px;\">Qualora l&#8217;Utente lo richieda espressamente, PTV potr\u00e0 inviare comunicazioni commerciali con qualsiasi mezzo nel pieno rispetto della normativa vigente in materia di protezione dei dati personali.<\/p><p style=\"padding-left: 40px;\">L&#8217;Utente pu\u00f2 revocare, in qualsiasi momento, il consenso a ricevere informazioni pubblicitarie o promozionali via e-mail. A tal fine sar\u00e0 sufficiente comunicarlo a PTV inviando un messaggio al seguente indirizzo di posta elettronica: secretaria@ptvino.com, indicando chiaramente di NON VOLER RICEVERE COMUNICAZIONI COMMERCIALI VIA EMAIL.<\/p><h3>4. Propriet\u00e0 industriale e intellettuale. Politica dei collegamenti ipertestuali<\/h3><p style=\"padding-left: 40px;\"><strong>4.1.<\/strong> Tutti i contenuti inclusi nel sito web e in particolare i marchi, le denominazioni commerciali, i disegni industriali, i progetti, i testi, le fotografie, la grafica, i loghi, le icone, il software o qualsiasi altro segno suscettibile di uso industriale e commerciale sono protetti dai diritti di propriet\u00e0 industriale e intellettuale di PTV o di terzi titolari degli stessi che ne hanno autorizzato l&#8217;inserimento nel sito web. \u00c8 pertanto vietata la riproduzione, la copia, la comunicazione pubblica, la distribuzione, la modifica, la trasformazione, la soppressione, la manipolazione e qualsiasi altra forma di utilizzo, a scopo di lucro o meno, degli stessi senza l&#8217;esplicito consenso di PTV attraverso qualsiasi mezzo, compreso Internet (nomi di dominio, social network, blog, ecc.).<\/p><p style=\"padding-left: 40px;\"><strong>4.2.<\/strong> PTV non sar\u00e0 responsabile della violazione dei diritti di propriet\u00e0 intellettuale o industriale di terzi che possa derivare dall&#8217;inclusione nel sito web di marchi, nomi commerciali, disegni industriali, brevetti, progetti, testi, fotografie, grafici, loghi, icone o software appartenenti a terzi che si sono dichiarati proprietari degli stessi includendoli nel sito web. PTV non \u00e8 inoltre responsabile delle opinioni e dei commenti espressi dagli utenti nei loro blog o social network, fatte salve le azioni che potranno essere intraprese per eliminare tali opinioni e commenti qualora siano contrari alla Legge.<\/p><p style=\"padding-left: 40px;\"><strong>4.3.<\/strong> PTV pu\u00f2 utilizzare i contenuti forniti dagli utenti (fotografie, video, ecc.) in modo ragionevole e nel rigoroso rispetto dei diritti di propriet\u00e0 intellettuale.<\/p><p style=\"padding-left: 40px;\"><strong>4.4.<\/strong> In nessun caso si intender\u00e0 che l&#8217;accesso e la navigazione dell&#8217;Utente implichino un&#8217;autorizzazione o che vi sia una rinuncia, una trasmissione, una cessione totale o parziale di tali diritti o la concessione di qualsiasi diritto o aspettativa di diritti e, in particolare, dell&#8217;alterazione, della trasformazione, dello sfruttamento, della riproduzione, della distribuzione o della comunicazione pubblica di tali contenuti senza la preventiva ed esplicita autorizzazione di PTV o dei relativi proprietari.<\/p><p style=\"padding-left: 40px;\"><strong>4.5.<\/strong> Nonostante quanto sopra, coloro che ritengono che i loro diritti di propriet\u00e0 intellettuale o industriale siano stati violati da uno qualsiasi dei contenuti di questo sito web possono segnalarlo scrivendo a PTV, S.L.U., C\/ del Monte Esquinza, 28, 4\u00ba derecha, 28010, Madrid.<\/p><p style=\"padding-left: 40px;\"><strong>4.6.<\/strong> PTV pu\u00f2 mettere a disposizione dell&#8217;Utente collegamenti ipertestuali a siti web di propriet\u00e0 di terzi, collegati o non collegati a PTV. In nessun caso la PTV sar\u00e0 responsabile del contenuto delle pagine web di destinazione che vengono stabilite attraverso i link presenti nella pagina web, del loro funzionamento o della loro accessibilit\u00e0, della manutenzione dei contenuti, della qualit\u00e0 dei contenuti, n\u00e9 delle violazioni dei diritti di terzi in cui tali pagine possono incorrere.<\/p><p style=\"padding-left: 40px;\"><strong>4.7.<\/strong> La PTV autorizza la creazione di link al proprio portale da qualsiasi altra pagina web. I link che vengono stabiliti devono sempre essere effettuati verso la pagina principale della PTV (o dei suoi marchi) o, nel suo caso, verso la pagina che la PTV stessa stabilisce. Tale link consentir\u00e0 unicamente l&#8217;accesso al sito web, senza riprodurlo in alcun modo, n\u00e9 creare un browser o un ambiente di confine su di esso. Allo stesso modo, non si possono fare dichiarazioni false, imprecise o errate su questo sito web o sui suoi contenuti, n\u00e9 si pu\u00f2 affermare che PTV abbia autorizzato, supervisionato o assunto il link.<\/p><p style=\"padding-left: 40px;\"><strong>4.8.<\/strong> Allo stesso modo, ad eccezione dei segni che fanno parte del link stesso, \u00e8 vietato che il sito web che stabilisce il link a questo sito contenga qualsiasi marchio, nome commerciale, insegna di stabilimento, denominazione, logo, slogan o altri segni distintivi appartenenti a PTV.<br \/>In particolare, \u00e8 vietato utilizzare marchi, nomi, denominazioni commerciali, insegne, slogan, denominazioni e altri segni distintivi appartenenti a PTV nelle parole chiave di qualsiasi altro sito web senza la preventiva ed esplicita autorizzazione di PTV appositamente rilasciata.<\/p><h3>5. Responsabilit\u00e0 di PTV<\/h3><p style=\"padding-left: 40px;\">L&#8217;Utente riconosce e accetta che l&#8217;utilizzo del sito web e dei suoi servizi avviene a proprio rischio e pericolo.<\/p><p style=\"padding-left: 40px;\">Nelle sezioni del sito in cui gli utenti possono contribuire con i propri contenuti, PTV si riserva il diritto di eliminare qualsiasi contenuto che possa influire negativamente sui propri marchi o essere contrario alla legge, all&#8217;ordine pubblico o al buon costume.<br \/>PTV sar\u00e0 responsabile dei danni che l&#8217;Utente pu\u00f2 subire in conseguenza dell&#8217;utilizzo del sito web solo se tali danni sono attribuibili alla condotta dolosa di PTV.<\/p><p style=\"padding-left: 40px;\">Ciononostante, PTV dichiara di aver adottato tutte le misure necessarie, nell&#8217;ambito delle proprie possibilit\u00e0 e dello stato della tecnologia, per garantire il funzionamento del sito web e per evitare l&#8217;esistenza e la trasmissione di virus e altri componenti che possano danneggiare l&#8217;Utente.<\/p><h3>6. Obblighi dell&#8217;Utente<\/h3><p style=\"padding-left: 40px;\">L&#8217;Utente si impegna a utilizzare i contenuti del sito web in modo diligente, corretto e lecito e si impegna ad astenersi da:<\/p><ol><li style=\"list-style-type: none;\"><ol><li type=\"a\">Utilizzare i contenuti per scopi o effetti contrari alla legge, al buon costume e alla morale o all&#8217;ordine pubblico.<\/li><li type=\"a\">Riprodurre, copiare, distribuire, consentire l&#8217;accesso al pubblico attraverso qualsiasi forma di comunicazione pubblica, trasformare o modificare i contenuti, salvo autorizzazione del titolare.<\/li><li type=\"a\">Utilizzare i contenuti del sito web per inviare pubblicit\u00e0, comunicazioni a scopo di vendita diretta o qualsiasi altro scopo commerciale, messaggi non richiesti indirizzati a pi\u00f9 persone indipendentemente dal loro scopo, nonch\u00e9 astenersi dal commercializzare o divulgare tali informazioni in qualsiasi modo.<\/li><li type=\"a\">Utilizzare in modo illecito i link, gli inviti ai social network, ai blog e a tutte le reti e i supporti telematici forniti attraverso questo sito.<\/li><\/ol><\/li><\/ol><h3>7. Legislazione applicabile<\/h3><p style=\"padding-left: 40px;\">I rapporti che si instaurano tra l&#8217;Utente e il titolare del sito web saranno regolati dalle disposizioni normative vigenti in materia di legislazione applicabile e foro competente. Tuttavia, per i casi in cui la normativa prevede la possibilit\u00e0 per le parti di sottoporsi volontariamente a una giurisdizione, PTV e l&#8217;Utente, rinunciando espressamente a qualsiasi altra giurisdizione che possa corrispondere loro, si sottopongono alle Corti e ai Tribunali dell&#8217;Utente.<\/p><h3>8. Social Networking<\/h3><p style=\"padding-left: 40px;\">L&#8217;utente pu\u00f2 aderire ai gruppi che PTV ha in diversi social network. L&#8217;utente che diventa fan di uno di questi gruppi accetta le condizioni d&#8217;uso e la politica sulla privacy del social network corrispondente, senza che ci\u00f2 sia di responsabilit\u00e0 di PTV.<\/p>\t\t\t\t\t\t\t\t<\/div>\n\t\t\t\t<\/div>\n\t\t\t\t\t<\/div>\n\t\t\t\t<\/div>\n\t\t\t\t<\/div>\n\t\t","protected":false},"excerpt":{"rendered":"<p>GrapeBreed 4 IPM Avviso legale PTV 1. Propriet\u00e0 del sito web Nome della societ\u00e0: Piattaforma Tecnologica del Vino Indirizzo: C\/ del Monte Esquinza, 28, 4\u00ba derecha, 28010, Madrid Indirizzo e-mail di contatto: secretaria@ptvino.com Numero di identificazione fiscale (CIF): G-86766953 Dati di registrazione: Registro Nazionale delle Associazioni, Sezione 1\u00aa Numero Nazionale 604371. 2. Condizioni generali di [&hellip;]<\/p>\n","protected":false},"author":1,"featured_media":0,"parent":0,"menu_order":0,"comment_status":"closed","ping_status":"closed","template":"","meta":{"site-sidebar-layout":"no-sidebar","site-content-layout":"page-builder","ast-site-content-layout":"full-width-container","site-content-style":"unboxed","site-sidebar-style":"unboxed","ast-global-header-display":"","ast-banner-title-visibility":"","ast-main-header-display":"","ast-hfb-above-header-display":"","ast-hfb-below-header-display":"","ast-hfb-mobile-header-display":"","site-post-title":"disabled","ast-breadcrumbs-content":"","ast-featured-img":"disabled","footer-sml-layout":"","theme-transparent-header-meta":"enabled","adv-header-id-meta":"","stick-header-meta":"","header-above-stick-meta":"","header-main-stick-meta":"","header-below-stick-meta":"","astra-migrate-meta-layouts":"default","ast-page-background-enabled":"default","ast-page-background-meta":{"desktop":{"background-color":"","background-image":"","background-repeat":"repeat","background-position":"center center","background-size":"auto","background-attachment":"scroll","background-type":"","background-media":"","overlay-type":"","overlay-color":"","overlay-opacity":"","overlay-gradient":""},"tablet":{"background-color":"","background-image":"","background-repeat":"repeat","background-position":"center center","background-size":"auto","background-attachment":"scroll","background-type":"","background-media":"","overlay-type":"","overlay-color":"","overlay-opacity":"","overlay-gradient":""},"mobile":{"background-color":"","background-image":"","background-repeat":"repeat","background-position":"center center","background-size":"auto","background-attachment":"scroll","background-type":"","background-media":"","overlay-type":"","overlay-color":"","overlay-opacity":"","overlay-gradient":""}},"ast-content-background-meta":{"desktop":{"background-color":"var(--ast-global-color-5)","background-image":"","background-repeat":"repeat","background-position":"center center","background-size":"auto","background-attachment":"scroll","background-type":"","background-media":"","overlay-type":"","overlay-color":"","overlay-opacity":"","overlay-gradient":""},"tablet":{"background-color":"var(--ast-global-color-5)","background-image":"","background-repeat":"repeat","background-position":"center center","background-size":"auto","background-attachment":"scroll","background-type":"","background-media":"","overlay-type":"","overlay-color":"","overlay-opacity":"","overlay-gradient":""},"mobile":{"background-color":"var(--ast-global-color-5)","background-image":"","background-repeat":"repeat","background-position":"center center","background-size":"auto","background-attachment":"scroll","background-type":"","background-media":"","overlay-type":"","overlay-color":"","overlay-opacity":"","overlay-gradient":""}},"footnotes":""},"class_list":["post-5292","page","type-page","status-publish","hentry"],"_links":{"self":[{"href":"https:\/\/grapebreed4ipm.com\/it\/wp-json\/wp\/v2\/pages\/5292","targetHints":{"allow":["GET"]}}],"collection":[{"href":"https:\/\/grapebreed4ipm.com\/it\/wp-json\/wp\/v2\/pages"}],"about":[{"href":"https:\/\/grapebreed4ipm.com\/it\/wp-json\/wp\/v2\/types\/page"}],"author":[{"embeddable":true,"href":"https:\/\/grapebreed4ipm.com\/it\/wp-json\/wp\/v2\/users\/1"}],"replies":[{"embeddable":true,"href":"https:\/\/grapebreed4ipm.com\/it\/wp-json\/wp\/v2\/comments?post=5292"}],"version-history":[{"count":52,"href":"https:\/\/grapebreed4ipm.com\/it\/wp-json\/wp\/v2\/pages\/5292\/revisions"}],"predecessor-version":[{"id":7304,"href":"https:\/\/grapebreed4ipm.com\/it\/wp-json\/wp\/v2\/pages\/5292\/revisions\/7304"}],"wp:attachment":[{"href":"https:\/\/grapebreed4ipm.com\/it\/wp-json\/wp\/v2\/media?parent=5292"}],"curies":[{"name":"wp","href":"https:\/\/api.w.org\/{rel}","templated":true}]}}